{"id":1385,"date":"2015-11-17T11:39:50","date_gmt":"2015-11-17T11:39:50","guid":{"rendered":"https:\/\/outreach-wp.ixole.es\/legal-notice\/"},"modified":"2017-08-01T12:57:32","modified_gmt":"2017-08-01T10:57:32","slug":"privacitat-avis-legal","status":"publish","type":"page","link":"https:\/\/outreach-wp.ixole.es\/ca\/privacitat-avis-legal\/","title":{"rendered":"Privacitat \/ Av\u00eds Legal"},"content":{"rendered":"<p>[et_pb_section bb_built=&#8221;1&#8243; admin_label=&#8221;Secci\u00f3n&#8221; fullwidth=&#8221;on&#8221; specialty=&#8221;off&#8221;][et_pb_fullwidth_header admin_label=&#8221;AVISO LEGAL&#8221; title=&#8221;POL\u00cdTICA DE PRIVACITAT DE L\u2019 ICFO&#8221; background_layout=&#8221;light&#8221; text_orientation=&#8221;center&#8221; header_fullscreen=&#8221;off&#8221; header_scroll_down=&#8221;off&#8221; parallax=&#8221;off&#8221; parallax_method=&#8221;off&#8221; content_orientation=&#8221;center&#8221; image_orientation=&#8221;center&#8221; custom_button_one=&#8221;off&#8221; button_one_letter_spacing=&#8221;0&#8243; button_one_use_icon=&#8221;default&#8221; button_one_icon_placement=&#8221;right&#8221; button_one_on_hover=&#8221;on&#8221; button_one_letter_spacing_hover=&#8221;0&#8243; custom_button_two=&#8221;off&#8221; button_two_letter_spacing=&#8221;0&#8243; button_two_use_icon=&#8221;default&#8221; button_two_icon_placement=&#8221;right&#8221; button_two_on_hover=&#8221;on&#8221; button_two_letter_spacing_hover=&#8221;0&#8243; button_one_border_radius=&#8221;0&#8243; button_one_border_radius_hover=&#8221;0&#8243; button_two_border_radius=&#8221;0&#8243; button_two_border_radius_hover=&#8221;0&#8243; \/][\/et_pb_section][et_pb_section bb_built=&#8221;1&#8243; admin_label=&#8221;Secci\u00f3n&#8221; fullwidth=&#8221;off&#8221; specialty=&#8221;off&#8221;][et_pb_row admin_label=&#8221;Fila&#8221;][et_pb_column type=&#8221;1_4&#8243;][et_pb_text admin_label=&#8221;INTRODUCTION&#8221; background_layout=&#8221;light&#8221; text_orientation=&#8221;right&#8221; use_border_color=&#8221;off&#8221; border_color=&#8221;#ffffff&#8221; border_style=&#8221;solid&#8221;]<\/p>\n<h2>INTRODUCCI\u00d3<\/h2>\n<p>[\/et_pb_text][\/et_pb_column][et_pb_column type=&#8221;3_4&#8243;][et_pb_text admin_label=&#8221;Introduction&#8221; background_layout=&#8221;light&#8221; text_orientation=&#8221;left&#8221; use_border_color=&#8221;off&#8221; border_color=&#8221;#ffffff&#8221; border_style=&#8221;solid&#8221; custom_margin=&#8221;||5%|&#8221;]<\/p>\n<p>L\u2019 INSTITUT DE CI\u00c8NCIES FOT\u00d2NIQUES (en endavant, &#8220;ICFO&#8221;) amb domicili social a l\u2019 Av. Carl Friedrich Gauss, 3 \u2013 08860 Castelldefels (Barcelona) pret\u00e9n <strong>garantir i protegir la privacitat i la confidencialitat de les dades de car\u00e0cter personal<\/strong> dels seus Usuaris i Usu\u00e0ries, d\u2019acord amb la legislaci\u00f3 vigent (Llei 15\/1999 de Protecci\u00f3 de Dades de Car\u00e0cter Personal) i la seva normativa de desenvolupament.<\/p>\n<p>Per a contribuir a assolir aquest objectiu l\u2019ICFO ha redactat aquesta Pol\u00edtica de Privacitat. Per aix\u00f2, <strong>us informa expressament sobre la recollida i el tractament que l\u2019ICFO duu a terme de les vostres dades de car\u00e0cter personal aix\u00ed com d\u2019informaci\u00f3 general de tend\u00e8ncies del navegant.<\/strong><\/p>\n<p>El tractament de qualsevol dada de car\u00e0cter personal dels usuaris i usu\u00e0ries sol\u00b7licitada per o facilitada a l\u2019ICFO es dur\u00e0 a terme de conformitat amb les disposicions d\u2019aquesta Pol\u00edtica de Privacitat. L\u2019ICFO es compromet a complir amb el deure de secret de les dades de car\u00e0cter personal i a prendre les mesures de seguretat que s\u2019escaiguin per a protegir la confidencialitat, la integritat i la disponibilitat d\u2019aquestes dades dins de l\u2019estat de la tecnologia en cada moment.<\/p>\n<p>L\u2019 ICFO certifica aix\u00ed mateix que els seus fitxers han estat degudament inscrits al Registre General de l\u2019Ag\u00e8ncia Catalana de Protecci\u00f3 de Dades i que es regeixen per la normativa en mat\u00e8ria de protecci\u00f3 de dades vigent a l\u2019Estat Espanyol, a la que se sotmeten les persones, sigui quina sigui la seva nacionalitat, que accedeixin a la p\u00e0gina web de l\u2019ICFO.<\/p>\n<p>[\/et_pb_text][\/et_pb_column][\/et_pb_row][et_pb_row admin_label=&#8221;Fila&#8221;][et_pb_column type=&#8221;1_4&#8243;][et_pb_text admin_label=&#8221;COLLECTION OF PERSONAL DATA&#8221; background_layout=&#8221;light&#8221; text_orientation=&#8221;right&#8221; use_border_color=&#8221;off&#8221; border_color=&#8221;#ffffff&#8221; border_style=&#8221;solid&#8221;]<\/p>\n<h2>RECOLLIDA DE DADES PERSONALS<\/h2>\n<p>[\/et_pb_text][\/et_pb_column][et_pb_column type=&#8221;3_4&#8243;][et_pb_text admin_label=&#8221;Collection personal data&#8221; background_layout=&#8221;light&#8221; text_orientation=&#8221;left&#8221; use_border_color=&#8221;off&#8221; border_color=&#8221;#ffffff&#8221; border_style=&#8221;solid&#8221; custom_margin=&#8221;||5%|&#8221;]<\/p>\n<p>L\u2019 ICFO recull informaci\u00f3 de car\u00e0cter personal quan:<\/p>\n<ol>\n<li class=\"first\">Contacteu amb nosaltres mitjan\u00e7ant la navegaci\u00f3 web en enviar qualsevol tipus de comunicaci\u00f3\/consultes mitjan\u00e7ant la pestanya de \u201cContacte\u201d facilitada per aquesta finalitat; mitjan\u00e7ant el formulari d\u2019acc\u00e9s a ofertes de treball, beques i altres places obertes a l\u2019ICFO, aix\u00ed com a trav\u00e9s de qualsevol altre formulari a l\u2019abast en la p\u00e0gina web de l\u2019ICFO.<\/li>\n<li>Contacteu telef\u00f2nicament, per carta, per fax o per correu electr\u00f2nic amb qualsevol dels departaments i\/o professionals les dades de contacte dels quals es mostren en aquesta p\u00e0gina Web. Aquest tractament no \u00e9s aplicable quan, a trav\u00e9s d\u2019aquesta p\u00e0gina Web, l\u2019usuari \u00e9s direccionat i accedeix a altres p\u00e0gines Web diferents mitjan\u00e7ant links o banners que hi ha en la mateixa a tall informatiu o amb finalitats de comunicaci\u00f3. Si, com a usuari o usu\u00e0ria, decidiu accedir a alguna d\u2019aquestes p\u00e0gines Web i faciliteu dades de car\u00e0cter personal a les mateixes, aleshores no els estareu facilitant a l\u2019ICFO sin\u00f3 al responsable de la p\u00e0gina Web en q\u00fcesti\u00f3.<\/li>\n<li>Participeu en consultes i\/o comunicacions de l\u2019ICFO, a trav\u00e9s de qualsevol tipus de mitj\u00e0 de comunicaci\u00f3 i\/o telem\u00e0tic, inclosos programes de gesti\u00f3 de campanyes que permeten con\u00e8ixer i\/o esbrinar la reacci\u00f3 i\/o activitat de l\u2019usuari o usu\u00e0ria en relaci\u00f3 amb comunicacions electr\u00f2niques enviades.<\/li>\n<li class=\"last\">Quan sol\u00b7liciteu acc\u00e9s a les depend\u00e8ncies de l\u2019ICFO sense que aix\u00f2 comporti un tractament posterior de les mateixes, at\u00e8s que les dades de car\u00e0cter personal obtingudes se sol\u00b7liciten \u00fanicament als efectes de control de seguretat de l\u2019edifici.<\/li>\n<\/ol>\n<p>[\/et_pb_text][\/et_pb_column][\/et_pb_row][et_pb_row admin_label=&#8221;Fila&#8221;][et_pb_column type=&#8221;1_4&#8243;][et_pb_text admin_label=&#8221;DATA PROCESSING PURPOSES&#8221; background_layout=&#8221;light&#8221; text_orientation=&#8221;right&#8221; use_border_color=&#8221;off&#8221; border_color=&#8221;#ffffff&#8221; border_style=&#8221;solid&#8221;]<\/p>\n<h2>FINALITATS PER LES QUALS ES TRACTEN LES DADES<\/h2>\n<p>[\/et_pb_text][\/et_pb_column][et_pb_column type=&#8221;3_4&#8243;][et_pb_text admin_label=&#8221;DATA PROCESSING PURPOSES&#8221; background_layout=&#8221;light&#8221; text_orientation=&#8221;left&#8221; use_border_color=&#8221;off&#8221; border_color=&#8221;#ffffff&#8221; border_style=&#8221;solid&#8221; custom_margin=&#8221;||5%|&#8221;]<\/p>\n<p>Les dades que l\u2019ICFO us demana s\u00f3n les adequades, escaients i necess\u00e0ries per la finalitat per la qual es recullen.<\/p>\n<p>L\u2019 ICFO, sempre de conformitat amb els termes en qu\u00e8 l\u2019usuari o usu\u00e0ria hagi manifestat el seu consentiment en la mesura en qu\u00e8 sigui preceptiu, i complint amb la normativa de comunicacions comercials per via electr\u00f2nica, pot fer \u00fas de la informaci\u00f3 facilitada per l\u2019usuari o usu\u00e0ria amb les seg\u00fcents finalitats: complir amb les seves peticions aix\u00ed com respondre a les seves consultes, comunicacions institucionals, mantenir-lo informat dels actes, les novetats, les not\u00edcies i les activitats dutes a terme per la instituci\u00f3, gesti\u00f3 d\u2019enviament d\u2019informaci\u00f3 i documentaci\u00f3 que considerem del seu inter\u00e8s, contribuir a millorar els nostres serveis mitjan\u00e7ant comunicacions, enquestes o sol\u00b7licituds adre\u00e7ades als usuaris o usu\u00e0ries aix\u00ed com posar-nos en contacte amb vost\u00e8 quan el compliment d\u2019alguna de les esmentades finalitats aix\u00ed ho requereixi.<\/p>\n<p>L\u2019usuari o usu\u00e0ria respondr\u00e0, en tot cas, de la veracitat i\/o titularitat de les dades facilitades i ser\u00e0 l\u2019\u00fanic responsable de qualsevol dany o perjudici que causi a l\u2019ICFO o a qualsevol tercer, pel fet d\u2019haver facilitat dades falses, inexactes, incompletes o dades de tercers.<\/p>\n<p>[\/et_pb_text][\/et_pb_column][\/et_pb_row][et_pb_row admin_label=&#8221;Fila&#8221;][et_pb_column type=&#8221;1_4&#8243;][et_pb_text admin_label=&#8221;CONSENT TO DATA PROCESSING&#8221; background_layout=&#8221;light&#8221; text_orientation=&#8221;right&#8221; use_border_color=&#8221;off&#8221; border_color=&#8221;#ffffff&#8221; border_style=&#8221;solid&#8221;]<\/p>\n<h2>CONSENTIMIENT PEL TRACTAMENT DE DADES<\/h2>\n<p>[\/et_pb_text][\/et_pb_column][et_pb_column type=&#8221;3_4&#8243;][et_pb_text admin_label=&#8221;concent to data processing&#8221; background_layout=&#8221;light&#8221; text_orientation=&#8221;left&#8221; use_border_color=&#8221;off&#8221; border_color=&#8221;#ffffff&#8221; border_style=&#8221;solid&#8221; custom_margin=&#8221;||5%|&#8221;]<\/p>\n<p><strong>Des del moment en qu\u00e8, com a usuari o usu\u00e0ria de la p\u00e0gina Web de l\u2019ICFO, feu \u00fas dels serveis de la mateixa o gestionats per la mateixa, accepteu plenament les condicions assenyalades en aquesta pol\u00edtica que es posa al vostre abast i coneixement.<\/strong><\/p>\n<p>En aquest sentit, <strong>entenem que erigint-vos com a usuari o usu\u00e0ria de la p\u00e0gina Web de l\u2019ICFO, heu llegit, ent\u00e8s i acceptat les condicions en la seva totalitat restant vinculat\/da per les mateixes.<\/strong><\/p>\n<p>Dit aix\u00f2, s\u2019ent\u00e9n que l\u2019Usuari o Usu\u00e0ria consent i autoritza expressament i inequ\u00edvoca, pel mer acc\u00e9s a la p\u00e0gina web o a l\u2019\u00fas dels seus serveis, a que les seves dades de car\u00e0cter personal facilitades aix\u00ed com les que es generin en relaci\u00f3 amb la seva participaci\u00f3 amb l\u2019ICFO, siguin incorporades en un fitxer de dades propietat de l\u2019ICFO i sota la seva responsabilitat i a ser tractades de conformitat amb les finalitats establertes en aquesta Pol\u00edtica de Privacitat.<\/p>\n<p>L\u2019ICFO no tracta dades de car\u00e0cter personal de menors de 14 anys. Per tant, us preguem que, en cas de no haver assolit aquesta edat, us abstingueu de facilitar les vostres dades a trav\u00e9s dels formularis interactius i altres mitjans de contacte oferts en aquesta Web. L\u2019ICFO podr\u00e0 dur a terme qualsevol actuaci\u00f3 per evitar aquest tractament, inclosa l\u2019eliminaci\u00f3 i l\u2019esborrat de qualsevol informaci\u00f3 associada a un menor d\u2019edat en cas de constatar aquesta circumst\u00e0ncia.<\/p>\n<p>[\/et_pb_text][\/et_pb_column][\/et_pb_row][et_pb_row admin_label=&#8221;Fila&#8221;][et_pb_column type=&#8221;1_4&#8243;][et_pb_text admin_label=&#8221;BROWSING INFORMATION&#8221; background_layout=&#8221;light&#8221; text_orientation=&#8221;right&#8221; use_border_color=&#8221;off&#8221; border_color=&#8221;#ffffff&#8221; border_style=&#8221;solid&#8221;]<\/p>\n<h2>INFORMACI\u00d3 SOBRE LA NAVEGACI\u00d3<\/h2>\n<p>[\/et_pb_text][\/et_pb_column][et_pb_column type=&#8221;3_4&#8243;][et_pb_text admin_label=&#8221;BROWSING INFORMATION&#8221; background_layout=&#8221;light&#8221; text_orientation=&#8221;left&#8221; use_border_color=&#8221;off&#8221; border_color=&#8221;#ffffff&#8221; border_style=&#8221;solid&#8221; custom_margin=&#8221;||5%|&#8221;]<\/p>\n<p><strong>L\u2019ICFO pot posar en marxa sistemes i\/o dispositius de consulta i tra\u00e7abilitat en la navegaci\u00f3 amb l\u2019objecte de disposar d\u2019informaci\u00f3 als efectes de con\u00e8ixer les tend\u00e8ncies generals dels usuaris i usu\u00e0ries i millorar la navegaci\u00f3 (p. ex. cookies).<\/strong> Entre la informaci\u00f3 que s\u2019escauria obtenir de la navegaci\u00f3 pot incloure\u2019s el nom de domini del prove\u00efdor de serveis d\u2019Internet que facilita l\u2019acc\u00e9s a la navegaci\u00f3, amb la finalitat de con\u00e8ixer els pa\u00efsos i servidors que visiten la Web; les adreces d\u2019Internet des de les que es visita la Web mitjan\u00e7ant enlla\u00e7os, amb l\u2019objecte de con\u00e8ixer les fonts d\u2019acc\u00e9s i coneixement de la web; la data i les hores de navegaci\u00f3, amb la finalitat de poder donar la major efici\u00e8ncia en la navegaci\u00f3 segons les hores punta i vall de tr\u00e0fic. El n\u00famero de visitants diaris de cada secci\u00f3. Les eines emprades tenen per objecte dur a terme an\u00e0lisis estad\u00edstiques dels visitants. Per aix\u00f2, les dades recopilades no s\u2019utilitzaran en cap moment per a identificar als mateixos.<\/p>\n<p>[\/et_pb_text][\/et_pb_column][\/et_pb_row][et_pb_row admin_label=&#8221;Fila&#8221;][et_pb_column type=&#8221;1_4&#8243;][et_pb_text admin_label=&#8221;RIGHTS OF ACCESS, RECTIFICATION, CANCELLATION AND OPPOSITION&#8221; background_layout=&#8221;light&#8221; text_orientation=&#8221;right&#8221; use_border_color=&#8221;off&#8221; border_color=&#8221;#ffffff&#8221; border_style=&#8221;solid&#8221;]<\/p>\n<h2>DRETS D\u2019ACC\u00c9S, RECTIFICACI\u00d3, CANCEL.LACI\u00d3 O D\u2019OPOSICI\u00d3<\/h2>\n<p>[\/et_pb_text][\/et_pb_column][et_pb_column type=&#8221;3_4&#8243;][et_pb_text admin_label=&#8221;RIGHTS OF ACCESS, RECTIFICATION, CANCELLATION AND OPPOSITION&#8221; background_layout=&#8221;light&#8221; text_orientation=&#8221;left&#8221; use_border_color=&#8221;off&#8221; border_color=&#8221;#ffffff&#8221; border_style=&#8221;solid&#8221; custom_margin=&#8221;||5%|&#8221;]<\/p>\n<p>En cas que desitgeu exercitar qualsevol dels drets d\u2019acc\u00e9s, rectificaci\u00f3, cancel\u00b7laci\u00f3 o oposici\u00f3 recollits en la Llei 15\/1999 de Protecci\u00f3 de Dades de Car\u00e0cter Personal i la seva normativa de desenvolupament, podeu dirigir-vos a l\u2019ICFO per e-mail a secretariat@icfo.es o per carta a ICFO-Institut de Ci\u00e8ncies Fot\u00f2niques &#8211; Av. Carl Friedrich Gauss, 3 &#8211; 08860, Castelldefels (Espanya), aportant una c\u00f2pia del vostre DNI. En cap cas s\u2019utilitzaran les dades que ens subministreu a trav\u00e9s d\u2019aquest mitj\u00e0 per a cap finalitat diferent a la que demaneu.<\/p>\n<p>[\/et_pb_text][\/et_pb_column][\/et_pb_row][et_pb_row admin_label=&#8221;Fila&#8221;][et_pb_column type=&#8221;1_4&#8243;][et_pb_text admin_label=&#8221;AMENDMENTS TO THIS PRIVACY POLICY&#8221; background_layout=&#8221;light&#8221; text_orientation=&#8221;right&#8221; use_border_color=&#8221;off&#8221; border_color=&#8221;#ffffff&#8221; border_style=&#8221;solid&#8221;]<\/p>\n<h2>MODIFICACI\u00d3 D\u2019AQUESTA POL\u00cdTICA DE PRIVACITAT<\/h2>\n<p>[\/et_pb_text][\/et_pb_column][et_pb_column type=&#8221;3_4&#8243;][et_pb_text admin_label=&#8221;AMENDMENTS TO THIS PRIVACY POLICY&#8221; background_layout=&#8221;light&#8221; text_orientation=&#8221;left&#8221; use_border_color=&#8221;off&#8221; border_color=&#8221;#ffffff&#8221; border_style=&#8221;solid&#8221; custom_margin=&#8221;||5%|&#8221;]<\/p>\n<p style=\"text-align: left;\">Aquesta pol\u00edtica de privacitat ha estat aprovada per l\u2019ICFO. L\u2019ICFO es reserva el dret d\u2019esmenar la seva pol\u00edtica de privacitat en el futur d\u2019acord amb el seu criteri o arran de qualsevol canvi legislatiu o jurisprudencial. En cas de modificaci\u00f3, la nova pol\u00edtica es publicar\u00e0 en aquesta p\u00e0gina web i, per tant, cada cas es regir\u00e0 per la pol\u00edtica vigent en el moment d\u2019acc\u00e9s a la web.<\/p>\n<p>[\/et_pb_text][\/et_pb_column][\/et_pb_row][\/et_pb_section]<\/p>\n","protected":false},"excerpt":{"rendered":"<p>INTRODUCCI\u00d3 L\u2019 INSTITUT DE CI\u00c8NCIES FOT\u00d2NIQUES (en endavant, &#8220;ICFO&#8221;) amb domicili social a l\u2019 Av. Carl Friedrich Gauss, 3 \u2013 08860 Castelldefels (Barcelona) pret\u00e9n garantir i protegir la privacitat i la confidencialitat de les dades de car\u00e0cter personal dels seus Usuaris i Usu\u00e0ries, d\u2019acord amb la legislaci\u00f3 vigent (Llei 15\/1999 de Protecci\u00f3 de Dades de [&hellip;]<\/p>\n","protected":false},"author":1,"featured_media":0,"parent":0,"menu_order":0,"comment_status":"closed","ping_status":"closed","template":"","meta":{"_et_pb_use_builder":"on","_et_pb_old_content":"","_et_gb_content_width":""},"acf":[],"yoast_head":"<!-- This site is optimized with the Yoast SEO plugin v20.4 - https:\/\/yoast.com\/wordpress\/plugins\/seo\/ -->\n<title>Privacitat \/ Av\u00eds Legal - Outreach<\/title>\n<meta name=\"robots\" content=\"index, follow, max-snippet:-1, max-image-preview:large, max-video-preview:-1\" \/>\n<link rel=\"canonical\" href=\"https:\/\/outreach-wp.ixole.es\/ca\/privacitat-avis-legal\/\" \/>\n<meta property=\"og:locale\" content=\"ca_ES\" \/>\n<meta property=\"og:type\" content=\"article\" \/>\n<meta property=\"og:title\" content=\"Privacitat \/ Av\u00eds Legal - Outreach\" \/>\n<meta property=\"og:description\" content=\"INTRODUCCI\u00d3 L\u2019 INSTITUT DE CI\u00c8NCIES FOT\u00d2NIQUES (en endavant, &quot;ICFO&quot;) amb domicili social a l\u2019 Av. Carl Friedrich Gauss, 3 \u2013 08860 Castelldefels (Barcelona) pret\u00e9n garantir i protegir la privacitat i la confidencialitat de les dades de car\u00e0cter personal dels seus Usuaris i Usu\u00e0ries, d\u2019acord amb la legislaci\u00f3 vigent (Llei 15\/1999 de Protecci\u00f3 de Dades de [&hellip;]\" \/>\n<meta property=\"og:url\" content=\"https:\/\/outreach-wp.ixole.es\/ca\/privacitat-avis-legal\/\" \/>\n<meta property=\"og:site_name\" content=\"Outreach\" \/>\n<meta property=\"article:modified_time\" content=\"2017-08-01T10:57:32+00:00\" \/>\n<meta name=\"twitter:card\" content=\"summary_large_image\" \/>\n<meta name=\"twitter:label1\" content=\"Est. reading time\" \/>\n\t<meta name=\"twitter:data1\" content=\"11 minutes\" \/>\n<script type=\"application\/ld+json\" class=\"yoast-schema-graph\">{\"@context\":\"https:\/\/schema.org\",\"@graph\":[{\"@type\":\"WebPage\",\"@id\":\"https:\/\/outreach-wp.ixole.es\/ca\/privacitat-avis-legal\/\",\"url\":\"https:\/\/outreach-wp.ixole.es\/ca\/privacitat-avis-legal\/\",\"name\":\"Privacitat \/ Av\u00eds Legal - Outreach\",\"isPartOf\":{\"@id\":\"https:\/\/outreach-wp.ixole.es\/#website\"},\"datePublished\":\"2015-11-17T11:39:50+00:00\",\"dateModified\":\"2017-08-01T10:57:32+00:00\",\"breadcrumb\":{\"@id\":\"https:\/\/outreach-wp.ixole.es\/ca\/privacitat-avis-legal\/#breadcrumb\"},\"inLanguage\":\"ca-ES\",\"potentialAction\":[{\"@type\":\"ReadAction\",\"target\":[\"https:\/\/outreach-wp.ixole.es\/ca\/privacitat-avis-legal\/\"]}]},{\"@type\":\"BreadcrumbList\",\"@id\":\"https:\/\/outreach-wp.ixole.es\/ca\/privacitat-avis-legal\/#breadcrumb\",\"itemListElement\":[{\"@type\":\"ListItem\",\"position\":1,\"name\":\"Portada\",\"item\":\"https:\/\/outreach-wp.ixole.es\/\"},{\"@type\":\"ListItem\",\"position\":2,\"name\":\"Privacitat \/ Av\u00eds Legal\"}]},{\"@type\":\"WebSite\",\"@id\":\"https:\/\/outreach-wp.ixole.es\/#website\",\"url\":\"https:\/\/outreach-wp.ixole.es\/\",\"name\":\"Outreach\",\"description\":\"ICFO&#039;s Outreach\",\"potentialAction\":[{\"@type\":\"SearchAction\",\"target\":{\"@type\":\"EntryPoint\",\"urlTemplate\":\"https:\/\/outreach-wp.ixole.es\/?s={search_term_string}\"},\"query-input\":\"required name=search_term_string\"}],\"inLanguage\":\"ca-ES\"}]}<\/script>\n<!-- \/ Yoast SEO plugin. -->","yoast_head_json":{"title":"Privacitat \/ Av\u00eds Legal - Outreach","robots":{"index":"index","follow":"follow","max-snippet":"max-snippet:-1","max-image-preview":"max-image-preview:large","max-video-preview":"max-video-preview:-1"},"canonical":"https:\/\/outreach-wp.ixole.es\/ca\/privacitat-avis-legal\/","og_locale":"ca_ES","og_type":"article","og_title":"Privacitat \/ Av\u00eds Legal - Outreach","og_description":"INTRODUCCI\u00d3 L\u2019 INSTITUT DE CI\u00c8NCIES FOT\u00d2NIQUES (en endavant, \"ICFO\") amb domicili social a l\u2019 Av. Carl Friedrich Gauss, 3 \u2013 08860 Castelldefels (Barcelona) pret\u00e9n garantir i protegir la privacitat i la confidencialitat de les dades de car\u00e0cter personal dels seus Usuaris i Usu\u00e0ries, d\u2019acord amb la legislaci\u00f3 vigent (Llei 15\/1999 de Protecci\u00f3 de Dades de [&hellip;]","og_url":"https:\/\/outreach-wp.ixole.es\/ca\/privacitat-avis-legal\/","og_site_name":"Outreach","article_modified_time":"2017-08-01T10:57:32+00:00","twitter_card":"summary_large_image","twitter_misc":{"Est. reading time":"11 minutes"},"schema":{"@context":"https:\/\/schema.org","@graph":[{"@type":"WebPage","@id":"https:\/\/outreach-wp.ixole.es\/ca\/privacitat-avis-legal\/","url":"https:\/\/outreach-wp.ixole.es\/ca\/privacitat-avis-legal\/","name":"Privacitat \/ Av\u00eds Legal - Outreach","isPartOf":{"@id":"https:\/\/outreach-wp.ixole.es\/#website"},"datePublished":"2015-11-17T11:39:50+00:00","dateModified":"2017-08-01T10:57:32+00:00","breadcrumb":{"@id":"https:\/\/outreach-wp.ixole.es\/ca\/privacitat-avis-legal\/#breadcrumb"},"inLanguage":"ca-ES","potentialAction":[{"@type":"ReadAction","target":["https:\/\/outreach-wp.ixole.es\/ca\/privacitat-avis-legal\/"]}]},{"@type":"BreadcrumbList","@id":"https:\/\/outreach-wp.ixole.es\/ca\/privacitat-avis-legal\/#breadcrumb","itemListElement":[{"@type":"ListItem","position":1,"name":"Portada","item":"https:\/\/outreach-wp.ixole.es\/"},{"@type":"ListItem","position":2,"name":"Privacitat \/ Av\u00eds Legal"}]},{"@type":"WebSite","@id":"https:\/\/outreach-wp.ixole.es\/#website","url":"https:\/\/outreach-wp.ixole.es\/","name":"Outreach","description":"ICFO&#039;s Outreach","potentialAction":[{"@type":"SearchAction","target":{"@type":"EntryPoint","urlTemplate":"https:\/\/outreach-wp.ixole.es\/?s={search_term_string}"},"query-input":"required name=search_term_string"}],"inLanguage":"ca-ES"}]}},"_links":{"self":[{"href":"https:\/\/outreach-wp.ixole.es\/ca\/wp-json\/wp\/v2\/pages\/1385"}],"collection":[{"href":"https:\/\/outreach-wp.ixole.es\/ca\/wp-json\/wp\/v2\/pages"}],"about":[{"href":"https:\/\/outreach-wp.ixole.es\/ca\/wp-json\/wp\/v2\/types\/page"}],"author":[{"embeddable":true,"href":"https:\/\/outreach-wp.ixole.es\/ca\/wp-json\/wp\/v2\/users\/1"}],"replies":[{"embeddable":true,"href":"https:\/\/outreach-wp.ixole.es\/ca\/wp-json\/wp\/v2\/comments?post=1385"}],"version-history":[{"count":2,"href":"https:\/\/outreach-wp.ixole.es\/ca\/wp-json\/wp\/v2\/pages\/1385\/revisions"}],"predecessor-version":[{"id":1388,"href":"https:\/\/outreach-wp.ixole.es\/ca\/wp-json\/wp\/v2\/pages\/1385\/revisions\/1388"}],"wp:attachment":[{"href":"https:\/\/outreach-wp.ixole.es\/ca\/wp-json\/wp\/v2\/media?parent=1385"}],"curies":[{"name":"wp","href":"https:\/\/api.w.org\/{rel}","templated":true}]}}