{"id":1394,"date":"2017-05-18T11:30:41","date_gmt":"2017-05-18T09:30:41","guid":{"rendered":"https:\/\/outreach-wp.ixole.es\/industry\/"},"modified":"2018-09-05T14:32:23","modified_gmt":"2018-09-05T12:32:23","slug":"industria","status":"publish","type":"page","link":"https:\/\/outreach-wp.ixole.es\/ca\/industria\/","title":{"rendered":"Ind\u00fastria"},"content":{"rendered":"<p>[et_pb_section bb_built=&#8221;1&#8243; admin_label=&#8221;Secci\u00f3n&#8221; fullwidth=&#8221;off&#8221; specialty=&#8221;off&#8221; transparent_background=&#8221;off&#8221; allow_player_pause=&#8221;off&#8221; inner_shadow=&#8221;off&#8221; parallax=&#8221;off&#8221; parallax_method=&#8221;on&#8221; custom_padding=&#8221;||0px|&#8221; make_fullwidth=&#8221;off&#8221; use_custom_width=&#8221;off&#8221; width_unit=&#8221;on&#8221; make_equal=&#8221;off&#8221; use_custom_gutter=&#8221;off&#8221; background_color=&#8221;#e1e1e1&#8243; disabled_on=&#8221;on|on|off&#8221; disabled=&#8221;off&#8221; module_class=&#8221;mutating-cols-2_5-2_5-1_5&#8243;][et_pb_row admin_label=&#8221;Fila&#8221; make_fullwidth=&#8221;on&#8221; use_custom_width=&#8221;off&#8221; width_unit=&#8221;on&#8221; use_custom_gutter=&#8221;on&#8221; custom_padding=&#8221;0px||0px|&#8221; allow_player_pause=&#8221;off&#8221; parallax=&#8221;off&#8221; parallax_method=&#8221;on&#8221; make_equal=&#8221;on&#8221; parallax_1=&#8221;off&#8221; parallax_method_1=&#8221;off&#8221; background_color_1=&#8221;#d7ac2f&#8221; parallax_2=&#8221;off&#8221; parallax_method_2=&#8221;off&#8221; parallax_3=&#8221;off&#8221; parallax_method_3=&#8221;off&#8221; parallax_4=&#8221;off&#8221; parallax_method_4=&#8221;off&#8221; gutter_width=&#8221;1&#8243; padding_top_1=&#8221;45px&#8221; padding_right_1=&#8221;45px&#8221; padding_bottom_1=&#8221;35px&#8221; padding_left_1=&#8221;45px&#8221; padding_top_3=&#8221;45px&#8221; padding_right_3=&#8221;45px&#8221; padding_bottom_3=&#8221;35px&#8221; padding_left_3=&#8221;45px&#8221; padding_top_4=&#8221;45px&#8221; padding_right_4=&#8221;45px&#8221; padding_bottom_4=&#8221;35px&#8221; padding_left_4=&#8221;45px&#8221; background_color_2=&#8221;#ffffff&#8221; background_color_3=&#8221;#d1d1cb&#8221; background_color_4=&#8221;#ffffff&#8221; custom_padding_last_edited=&#8221;on|phone&#8221; bg_img_2=&#8221;https:\/\/outreach-wp.ixole.es\/wp-content\/uploads\/2017\/05\/foto-cross-fertilization_pag_10_1.png&#8221; custom_css_main_2=&#8221;background-position: top center;&#8221;][et_pb_column type=&#8221;2_5&#8243;][et_pb_text admin_label=&#8221;Texto&#8221; background_layout=&#8221;light&#8221; text_orientation=&#8221;left&#8221; use_border_color=&#8221;off&#8221; border_color=&#8221;#ffffff&#8221; border_style=&#8221;solid&#8221;]<\/p>\n<h1>Ind\u00fastria<\/h1>\n<h1><span style=\"color: #ffffff;\">Activitats dirigides a empreses, clusters i professionals<\/span><\/h1>\n<p>[\/et_pb_text][\/et_pb_column][et_pb_column type=&#8221;2_5&#8243;][\/et_pb_column][et_pb_column type=&#8221;1_5&#8243;][et_pb_divider admin_label=&#8221;Separador&#8221; color=&#8221;#ffffff&#8221; show_divider=&#8221;off&#8221; height=&#8221;200&#8243; divider_style=&#8221;solid&#8221; divider_position=&#8221;top&#8221; hide_on_mobile=&#8221;on&#8221; \/][et_pb_text admin_label=&#8221;Texto&#8221; background_layout=&#8221;light&#8221; text_orientation=&#8221;left&#8221; use_border_color=&#8221;off&#8221; border_color=&#8221;#ffffff&#8221; border_style=&#8221;solid&#8221; disabled_on=&#8221;on|on|on&#8221; disabled=&#8221;on&#8221;]<\/p>\n<h2>PLAN YOUR VISIT<\/h2>\n<p>[\/et_pb_text][et_pb_text admin_label=&#8221;Texto&#8221; background_layout=&#8221;light&#8221; text_orientation=&#8221;left&#8221; use_border_color=&#8221;off&#8221; border_color=&#8221;#ffffff&#8221; border_style=&#8221;solid&#8221; custom_margin=&#8221;35px||35px|&#8221; disabled=&#8221;on&#8221; disabled_on=&#8221;on|on|on&#8221;]<\/p>\n<p>Photonics research is rapidly flowing from research centres and laboratories to be incorporated into industrial processes. ICFO participates in a number of collaborative activities with industry in addition to generating insightful resources for businesses. ICFO also strives to reach new sectors and industries where photonics may be applied to unleash innovative potential, improving industrial processes and brining new products to market. Please visit ICFO website to learn more about our broad range of joint activities with our industrial partners.<\/p>\n<p>[\/et_pb_text][\/et_pb_column][\/et_pb_row][\/et_pb_section][et_pb_section bb_built=&#8221;1&#8243; admin_label=&#8221;Head &#8211; Responsive&#8221; fullwidth=&#8221;off&#8221; specialty=&#8221;off&#8221; transparent_background=&#8221;off&#8221; allow_player_pause=&#8221;off&#8221; inner_shadow=&#8221;off&#8221; parallax=&#8221;off&#8221; parallax_method=&#8221;on&#8221; custom_padding=&#8221;||0px|&#8221; make_fullwidth=&#8221;off&#8221; use_custom_width=&#8221;off&#8221; width_unit=&#8221;on&#8221; make_equal=&#8221;off&#8221; use_custom_gutter=&#8221;off&#8221; background_color=&#8221;#e1e1e1&#8243; disabled_on=&#8221;off|off|on&#8221; disabled=&#8221;off&#8221; module_class=&#8221;mutating-cols&#8221; collapsed=&#8221;on&#8221;][et_pb_row admin_label=&#8221;Fila&#8221; make_fullwidth=&#8221;on&#8221; use_custom_width=&#8221;off&#8221; width_unit=&#8221;on&#8221; use_custom_gutter=&#8221;on&#8221; custom_padding=&#8221;0px||0px|&#8221; allow_player_pause=&#8221;off&#8221; parallax=&#8221;off&#8221; parallax_method=&#8221;on&#8221; make_equal=&#8221;on&#8221; parallax_1=&#8221;off&#8221; parallax_method_1=&#8221;off&#8221; background_color_1=&#8221;#d7ac2f&#8221; parallax_2=&#8221;off&#8221; parallax_method_2=&#8221;off&#8221; parallax_3=&#8221;off&#8221; parallax_method_3=&#8221;off&#8221; parallax_4=&#8221;off&#8221; parallax_method_4=&#8221;off&#8221; gutter_width=&#8221;1&#8243; padding_top_1=&#8221;45px&#8221; padding_right_1=&#8221;45px&#8221; padding_bottom_1=&#8221;35px&#8221; padding_left_1=&#8221;45px&#8221; padding_top_2=&#8221;45px&#8221; padding_right_2=&#8221;45px&#8221; padding_bottom_2=&#8221;35px&#8221; padding_left_2=&#8221;45px&#8221; padding_top_3=&#8221;45px&#8221; padding_right_3=&#8221;45px&#8221; padding_bottom_3=&#8221;35px&#8221; padding_left_3=&#8221;45px&#8221; padding_top_4=&#8221;45px&#8221; padding_right_4=&#8221;45px&#8221; padding_bottom_4=&#8221;35px&#8221; padding_left_4=&#8221;45px&#8221; background_color_2=&#8221;#ffffff&#8221; background_color_3=&#8221;#ffffff&#8221; background_color_4=&#8221;#ffffff&#8221; custom_padding_last_edited=&#8221;on|phone&#8221;][et_pb_column type=&#8221;4_4&#8243;][et_pb_text admin_label=&#8221;Texto&#8221; background_layout=&#8221;light&#8221; text_orientation=&#8221;left&#8221; use_border_color=&#8221;off&#8221; border_color=&#8221;#ffffff&#8221; border_style=&#8221;solid&#8221;]<\/p>\n<h1>Ind\u00fastria<\/h1>\n<h1><span style=\"color: #ffffff;\">Activitats dirigides a empreses, clusters i professionals<\/span><\/h1>\n<p>[\/et_pb_text][\/et_pb_column][\/et_pb_row][et_pb_row admin_label=&#8221;Fila&#8221; make_fullwidth=&#8221;on&#8221; use_custom_width=&#8221;off&#8221; width_unit=&#8221;on&#8221; use_custom_gutter=&#8221;on&#8221; custom_padding=&#8221;0px||0px|&#8221; allow_player_pause=&#8221;off&#8221; parallax=&#8221;off&#8221; parallax_method=&#8221;on&#8221; make_equal=&#8221;on&#8221; parallax_1=&#8221;off&#8221; parallax_method_1=&#8221;off&#8221; parallax_2=&#8221;off&#8221; parallax_method_2=&#8221;off&#8221; parallax_3=&#8221;off&#8221; parallax_method_3=&#8221;off&#8221; parallax_4=&#8221;off&#8221; parallax_method_4=&#8221;off&#8221; gutter_width=&#8221;1&#8243; padding_top_2=&#8221;45px&#8221; padding_bottom_2=&#8221;45px&#8221; padding_top_3=&#8221;45px&#8221; padding_right_3=&#8221;45px&#8221; padding_bottom_3=&#8221;45px&#8221; padding_top_4=&#8221;45px&#8221; padding_right_4=&#8221;45px&#8221; padding_bottom_4=&#8221;35px&#8221; padding_left_4=&#8221;45px&#8221; background_color_2=&#8221;#d1d1cb&#8221; background_color_3=&#8221;#d1d1cb&#8221; background_color_4=&#8221;#ffffff&#8221; custom_padding_last_edited=&#8221;on|phone&#8221; background_color=&#8221;#ffffff&#8221; background_color_1=&#8221;#ffffff&#8221; bg_img_1=&#8221;https:\/\/outreach-wp.ixole.es\/wp-content\/uploads\/2017\/05\/industry-icfo_pag_7_1.jpg&#8221; padding_right_2=&#8221;45px&#8221; padding_left_2=&#8221;45px&#8221; padding_2_last_edited=&#8221;on|&#8221; custom_css_main_1=&#8221;background-position: top center;&#8221;][et_pb_column type=&#8221;1_4&#8243;][et_pb_divider admin_label=&#8221;Separador&#8221; color=&#8221;#ffffff&#8221; show_divider=&#8221;off&#8221; height=&#8221;200&#8243; divider_style=&#8221;solid&#8221; divider_position=&#8221;top&#8221; hide_on_mobile=&#8221;on&#8221; \/][\/et_pb_column][et_pb_column type=&#8221;1_4&#8243;][et_pb_text admin_label=&#8221;Texto&#8221; background_layout=&#8221;light&#8221; text_orientation=&#8221;left&#8221; use_border_color=&#8221;off&#8221; border_color=&#8221;#ffffff&#8221; border_style=&#8221;solid&#8221; custom_margin=&#8221;35px||35px|&#8221; disabled=&#8221;on&#8221; disabled_on=&#8221;on|on|on&#8221;]<\/p>\n<p>Photonics research is rapidly flowing from research centres and laboratories to be incorporated into industrial processes. ICFO participates in a number of collaborative activities with industry in addition to generating insightful resources for businesses. ICFO also strives to reach new sectors and industries where photonics may be applied to unleash innovative potential, improving industrial processes and brining new products to market. Please visit ICFO website to learn more about our broad range of joint activities with our industrial partners.<\/p>\n<p>[\/et_pb_text][\/et_pb_column][et_pb_column type=&#8221;1_4&#8243;][\/et_pb_column][et_pb_column type=&#8221;1_4&#8243;][\/et_pb_column][\/et_pb_row][\/et_pb_section][et_pb_section bb_built=&#8221;1&#8243; admin_label=&#8221;Secci\u00f3n&#8221; fullwidth=&#8221;off&#8221; specialty=&#8221;on&#8221; transparent_background=&#8221;off&#8221; allow_player_pause=&#8221;off&#8221; inner_shadow=&#8221;off&#8221; parallax=&#8221;off&#8221; parallax_method=&#8221;on&#8221; custom_padding=&#8221;0px||0px|&#8221; make_fullwidth=&#8221;on&#8221; use_custom_width=&#8221;off&#8221; width_unit=&#8221;on&#8221; make_equal=&#8221;on&#8221; use_custom_gutter=&#8221;on&#8221; parallax_1=&#8221;off&#8221; parallax_method_1=&#8221;off&#8221; background_color_1=&#8221;#d1d1cb&#8221; padding_top_1=&#8221;45px&#8221; padding_right_1=&#8221;45px&#8221; padding_bottom_1=&#8221;45px&#8221; padding_left_1=&#8221;45px&#8221; parallax_2=&#8221;off&#8221; parallax_method_2=&#8221;off&#8221; gutter_width=&#8221;1&#8243;][et_pb_column type=&#8221;1_4&#8243;][et_pb_text admin_label=&#8221;Texto&#8221; background_layout=&#8221;light&#8221; text_orientation=&#8221;left&#8221; use_border_color=&#8221;off&#8221; border_color=&#8221;#ffffff&#8221; border_style=&#8221;solid&#8221; custom_margin=&#8221;||35px|&#8221; disabled=&#8221;off&#8221; disabled_on=&#8221;off|off|off&#8221;]<\/p>\n<p>La investigaci\u00f3 en fot\u00f2nica flueix r\u00e0pidament des dels centres de recerca i laboratoris per tal d\u2019incorporar-se en els processos i mecanismes industrials. Per a estimular el fluix de coneixement i tecnologia, l\u2019ICFO participa en una seria d\u2019activitats en col\u00b7laboraci\u00f3 amb la industria, a m\u00e9s de generar recursos atraients per a les empreses. L\u2019ICFO tamb\u00e9 s\u2019esfor\u00e7a en arribar a nous sectors i industries on la fot\u00f2nica pot aplicar-se per a alliberar el potencial innovador, millorar els processos industrials i portar nous productes al mercat.<\/p>\n<p>Visiti el web de l&#8217;IFCO per saber-ne m\u00e9s, sobre l\u2019\u00e0mplia gama d\u2019activitats conjuntes amb els nostres partners industrials.<\/p>\n<p>[\/et_pb_text][\/et_pb_column][et_pb_column type=&#8221;3_4&#8243; specialty_columns=&#8221;3&#8243;][et_pb_row_inner admin_label=&#8221;Fila&#8221; custom_padding=&#8221;0px||0px|&#8221; use_custom_gutter=&#8221;off&#8221; make_equal=&#8221;off&#8221; parallax_1=&#8221;off&#8221; parallax_method_1=&#8221;off&#8221; padding_top_1=&#8221;45px&#8221; padding_right_1=&#8221;22.5px&#8221; padding_bottom_1=&#8221;45px&#8221; padding_left_1=&#8221;45px&#8221; parallax_2=&#8221;off&#8221; parallax_method_2=&#8221;off&#8221; padding_top_2=&#8221;45px&#8221; padding_right_2=&#8221;45px&#8221; padding_bottom_2=&#8221;45px&#8221; padding_left_2=&#8221;22.5px&#8221;][et_pb_column_inner type=&#8221;1_2&#8243; saved_specialty_column_type=&#8221;3_4&#8243;][et_pb_text admin_label=&#8221;Texto&#8221; background_layout=&#8221;light&#8221; text_orientation=&#8221;left&#8221; use_border_color=&#8221;off&#8221; border_color=&#8221;#ffffff&#8221; border_style=&#8221;solid&#8221;]<\/p>\n<h2>Seminaris i tallers tecnol\u00f2gics<\/h2>\n<p>[\/et_pb_text][et_pb_text admin_label=&#8221;Texto&#8221; background_layout=&#8221;light&#8221; text_orientation=&#8221;left&#8221; use_border_color=&#8221;off&#8221; border_color=&#8221;#ffffff&#8221; border_style=&#8221;solid&#8221; custom_margin=&#8221;35px|||&#8221;]<\/p>\n<p>A m\u00e9s a m\u00e9s dels <a href=\"http:\/\/icfo.eu\/newsroom\/calendar\" target=\"_blank\" rel=\"noopener noreferrer\">seminaris <\/a>programats a les nostres instal\u00b7lacions, l\u2019ICFO organitza una s\u00e8rie de tallers i seminaris dirigits als nous sectors que podrien beneficiar-se de la fot\u00f2nica<span style=\"color: #ff0000;\">.<\/span><\/p>\n<p>[\/et_pb_text][\/et_pb_column_inner][et_pb_column_inner type=&#8221;1_2&#8243; saved_specialty_column_type=&#8221;3_4&#8243;][et_pb_text admin_label=&#8221;Texto&#8221; background_layout=&#8221;light&#8221; text_orientation=&#8221;left&#8221; use_border_color=&#8221;off&#8221; border_color=&#8221;#ffffff&#8221; border_style=&#8221;solid&#8221;]<\/p>\n<h2>Cross-fertilization<\/h2>\n<p>[\/et_pb_text][et_pb_text admin_label=&#8221;Texto&#8221; background_layout=&#8221;light&#8221; text_orientation=&#8221;left&#8221; use_border_color=&#8221;off&#8221; border_color=&#8221;#ffffff&#8221; border_style=&#8221;solid&#8221; custom_margin=&#8221;35px|||&#8221;]<\/p>\n<p>La Fot\u00f2nica \u00e9s una tecnologia instrumental. Si introdu\u00efm la Fot\u00f2nica en una col\u00b7laboraci\u00f3 multidisciplin\u00e0ria, millorem les possibilitats d\u2019un aven\u00e7 conceptual i la creaci\u00f3 d\u2019un nou coneixement amb aplicacions \u00fatils i comercials per a la societat. A aix\u00f2 ens referim quan parlem de cross-fertilization. Professionals altament qualificats provinents d\u2019una gran varietat de disciplines, que posen en com\u00fa els seus coneixements per a avaluar els problemes i solucions des de perspectives \u00faniques i innovadores. Disciplines tan diverses com les ci\u00e8ncies de la vida, la medicina, l\u2019agricultura, l\u2019arqueologia, el patrimoni cultural i el control de qualitat, s\u00f3n exemples de les col\u00b7laboracions que tenim actualment a ICFO.<\/p>\n<p>[\/et_pb_text][\/et_pb_column_inner][\/et_pb_row_inner][et_pb_row_inner admin_label=&#8221;Fila&#8221; custom_padding=&#8221;0px||0px|&#8221; use_custom_gutter=&#8221;off&#8221; make_equal=&#8221;off&#8221; parallax_1=&#8221;off&#8221; parallax_method_1=&#8221;off&#8221; padding_top_1=&#8221;45px&#8221; padding_right_1=&#8221;22.5px&#8221; padding_bottom_1=&#8221;45px&#8221; padding_left_1=&#8221;45px&#8221; parallax_2=&#8221;off&#8221; parallax_method_2=&#8221;off&#8221; padding_top_2=&#8221;45px&#8221; padding_right_2=&#8221;45px&#8221; padding_bottom_2=&#8221;45px&#8221; padding_left_2=&#8221;22.5px&#8221;][et_pb_column_inner type=&#8221;1_2&#8243; saved_specialty_column_type=&#8221;3_4&#8243;][et_pb_text admin_label=&#8221;Texto&#8221; background_layout=&#8221;light&#8221; text_orientation=&#8221;left&#8221; use_border_color=&#8221;off&#8221; border_color=&#8221;#ffffff&#8221; border_style=&#8221;solid&#8221;]<\/p>\n<h2>Informes<\/h2>\n<p>[\/et_pb_text][et_pb_text admin_label=&#8221;Texto&#8221; background_layout=&#8221;light&#8221; text_orientation=&#8221;left&#8221; use_border_color=&#8221;off&#8221; border_color=&#8221;#ffffff&#8221; border_style=&#8221;solid&#8221; custom_margin=&#8221;35px||35px|&#8221;]<\/p>\n<p>D\u00f3na-li un cop d\u2019ull als nostres darrers informes sobre l\u2019impacte de les tecnologies fot\u00f2niques en les diferents \u00e0rees tecnol\u00f2giques.<\/p>\n<p>[\/et_pb_text][et_pb_button admin_label=&#8221;Bot\u00f3n&#8221; button_url=&#8221;\/wp-content\/uploads\/2017\/05\/Quantum-Technologies-and-Society-Report.pdf&#8221; url_new_window=&#8221;off&#8221; button_text=&#8221;Quantum Technologies and Society &#8211; PDF&#8221; button_alignment=&#8221;left&#8221; background_layout=&#8221;light&#8221; custom_button=&#8221;on&#8221; button_letter_spacing=&#8221;0&#8243; button_use_icon=&#8221;default&#8221; button_icon_placement=&#8221;right&#8221; button_on_hover=&#8221;off&#8221; button_letter_spacing_hover=&#8221;0&#8243; custom_css_main_element=&#8221;margin-top: 10px;&#8221; button_border_radius=&#8221;0&#8243; button_border_radius_hover=&#8221;0&#8243; button_text_color=&#8221;#918050&#8243; button_border_color=&#8221;#918050&#8243; button_icon_color=&#8221;#918050&#8243; button_text_color_hover=&#8221;#918050&#8243; button_border_color_hover=&#8221;#918050&#8243; custom_css_after=&#8221; margin-left: 0px !important;&#8221; module_id=&#8221;botons&#8221; module_class=&#8221;botons&#8221; saved_tabs=&#8221;all&#8221; \/][et_pb_button admin_label=&#8221;Bot\u00f3n&#8221; button_url=&#8221;\/wp-content\/uploads\/2017\/05\/Nanophotonics-Foresight-Report.pdf&#8221; url_new_window=&#8221;off&#8221; button_text=&#8221;Nanophotonics Foresight Report &#8211; PDF&#8221; button_alignment=&#8221;left&#8221; background_layout=&#8221;light&#8221; custom_button=&#8221;on&#8221; button_letter_spacing=&#8221;0&#8243; button_use_icon=&#8221;default&#8221; button_icon_placement=&#8221;right&#8221; button_on_hover=&#8221;off&#8221; button_letter_spacing_hover=&#8221;0&#8243; custom_css_main_element=&#8221;margin-top: 10px;&#8221; button_border_radius=&#8221;0&#8243; button_border_radius_hover=&#8221;0&#8243; button_text_color=&#8221;#918050&#8243; button_border_color=&#8221;#918050&#8243; button_icon_color=&#8221;#918050&#8243; button_text_color_hover=&#8221;#918050&#8243; button_border_color_hover=&#8221;#918050&#8243; custom_css_after=&#8221; margin-left: 0px !important;&#8221; module_id=&#8221;botons&#8221; module_class=&#8221;botons&#8221; saved_tabs=&#8221;all&#8221; \/][\/et_pb_column_inner][et_pb_column_inner type=&#8221;1_2&#8243; saved_specialty_column_type=&#8221;3_4&#8243;][et_pb_text admin_label=&#8221;Texto&#8221; background_layout=&#8221;light&#8221; text_orientation=&#8221;left&#8221; use_border_color=&#8221;off&#8221; border_color=&#8221;#ffffff&#8221; border_style=&#8221;solid&#8221;]<\/p>\n<h2>Formaci\u00f3 personalitzada<\/h2>\n<p>[\/et_pb_text][et_pb_text admin_label=&#8221;Texto&#8221; background_layout=&#8221;light&#8221; text_orientation=&#8221;left&#8221; use_border_color=&#8221;off&#8221; border_color=&#8221;#ffffff&#8221; border_style=&#8221;solid&#8221; custom_margin=&#8221;35px|||&#8221;]<\/p>\n<p>Els professionals de la industria estan convidats a aprendre m\u00e9s sobre el rol que la llum juga en els seus sectors. L\u2019ICFO ofereix cursos especialitzats que combinen confer\u00e8ncies i demostracions pr\u00e0ctiques a les instal\u00b7lacions d\u2019ICFO.<\/p>\n<p>[\/et_pb_text][\/et_pb_column_inner][\/et_pb_row_inner][\/et_pb_column][\/et_pb_section]<\/p>\n","protected":false},"excerpt":{"rendered":"<p>Ind\u00fastria Activitats dirigides a empreses, clusters i professionals PLAN YOUR VISIT Photonics research is rapidly flowing from research centres and laboratories to be incorporated into industrial processes. ICFO participates in a number of collaborative activities with industry in addition to generating insightful resources for businesses. ICFO also strives to reach new sectors and industries where [&hellip;]<\/p>\n","protected":false},"author":1,"featured_media":0,"parent":0,"menu_order":0,"comment_status":"closed","ping_status":"closed","template":"","meta":{"_et_pb_use_builder":"on","_et_pb_old_content":"","_et_gb_content_width":""},"acf":[],"yoast_head":"<!-- This site is optimized with the Yoast SEO plugin v20.4 - https:\/\/yoast.com\/wordpress\/plugins\/seo\/ -->\n<title>Ind\u00fastria - Outreach<\/title>\n<meta name=\"robots\" content=\"index, follow, max-snippet:-1, max-image-preview:large, max-video-preview:-1\" \/>\n<link rel=\"canonical\" href=\"https:\/\/outreach-wp.ixole.es\/ca\/industria\/\" \/>\n<meta property=\"og:locale\" content=\"ca_ES\" \/>\n<meta property=\"og:type\" content=\"article\" \/>\n<meta property=\"og:title\" content=\"Ind\u00fastria - Outreach\" \/>\n<meta property=\"og:description\" content=\"Ind\u00fastria Activitats dirigides a empreses, clusters i professionals PLAN YOUR VISIT Photonics research is rapidly flowing from research centres and laboratories to be incorporated into industrial processes. ICFO participates in a number of collaborative activities with industry in addition to generating insightful resources for businesses. ICFO also strives to reach new sectors and industries where [&hellip;]\" \/>\n<meta property=\"og:url\" content=\"https:\/\/outreach-wp.ixole.es\/ca\/industria\/\" \/>\n<meta property=\"og:site_name\" content=\"Outreach\" \/>\n<meta property=\"article:modified_time\" content=\"2018-09-05T12:32:23+00:00\" \/>\n<meta name=\"twitter:card\" content=\"summary_large_image\" \/>\n<meta name=\"twitter:label1\" content=\"Est. reading time\" \/>\n\t<meta name=\"twitter:data1\" content=\"10 minutes\" \/>\n<script type=\"application\/ld+json\" class=\"yoast-schema-graph\">{\"@context\":\"https:\/\/schema.org\",\"@graph\":[{\"@type\":\"WebPage\",\"@id\":\"https:\/\/outreach-wp.ixole.es\/ca\/industria\/\",\"url\":\"https:\/\/outreach-wp.ixole.es\/ca\/industria\/\",\"name\":\"Ind\u00fastria - Outreach\",\"isPartOf\":{\"@id\":\"https:\/\/outreach-wp.ixole.es\/#website\"},\"datePublished\":\"2017-05-18T09:30:41+00:00\",\"dateModified\":\"2018-09-05T12:32:23+00:00\",\"breadcrumb\":{\"@id\":\"https:\/\/outreach-wp.ixole.es\/ca\/industria\/#breadcrumb\"},\"inLanguage\":\"ca-ES\",\"potentialAction\":[{\"@type\":\"ReadAction\",\"target\":[\"https:\/\/outreach-wp.ixole.es\/ca\/industria\/\"]}]},{\"@type\":\"BreadcrumbList\",\"@id\":\"https:\/\/outreach-wp.ixole.es\/ca\/industria\/#breadcrumb\",\"itemListElement\":[{\"@type\":\"ListItem\",\"position\":1,\"name\":\"Portada\",\"item\":\"https:\/\/outreach-wp.ixole.es\/\"},{\"@type\":\"ListItem\",\"position\":2,\"name\":\"Ind\u00fastria\"}]},{\"@type\":\"WebSite\",\"@id\":\"https:\/\/outreach-wp.ixole.es\/#website\",\"url\":\"https:\/\/outreach-wp.ixole.es\/\",\"name\":\"Outreach\",\"description\":\"ICFO&#039;s Outreach\",\"potentialAction\":[{\"@type\":\"SearchAction\",\"target\":{\"@type\":\"EntryPoint\",\"urlTemplate\":\"https:\/\/outreach-wp.ixole.es\/?s={search_term_string}\"},\"query-input\":\"required name=search_term_string\"}],\"inLanguage\":\"ca-ES\"}]}<\/script>\n<!-- \/ Yoast SEO plugin. -->","yoast_head_json":{"title":"Ind\u00fastria - Outreach","robots":{"index":"index","follow":"follow","max-snippet":"max-snippet:-1","max-image-preview":"max-image-preview:large","max-video-preview":"max-video-preview:-1"},"canonical":"https:\/\/outreach-wp.ixole.es\/ca\/industria\/","og_locale":"ca_ES","og_type":"article","og_title":"Ind\u00fastria - Outreach","og_description":"Ind\u00fastria Activitats dirigides a empreses, clusters i professionals PLAN YOUR VISIT Photonics research is rapidly flowing from research centres and laboratories to be incorporated into industrial processes. ICFO participates in a number of collaborative activities with industry in addition to generating insightful resources for businesses. ICFO also strives to reach new sectors and industries where [&hellip;]","og_url":"https:\/\/outreach-wp.ixole.es\/ca\/industria\/","og_site_name":"Outreach","article_modified_time":"2018-09-05T12:32:23+00:00","twitter_card":"summary_large_image","twitter_misc":{"Est. reading time":"10 minutes"},"schema":{"@context":"https:\/\/schema.org","@graph":[{"@type":"WebPage","@id":"https:\/\/outreach-wp.ixole.es\/ca\/industria\/","url":"https:\/\/outreach-wp.ixole.es\/ca\/industria\/","name":"Ind\u00fastria - Outreach","isPartOf":{"@id":"https:\/\/outreach-wp.ixole.es\/#website"},"datePublished":"2017-05-18T09:30:41+00:00","dateModified":"2018-09-05T12:32:23+00:00","breadcrumb":{"@id":"https:\/\/outreach-wp.ixole.es\/ca\/industria\/#breadcrumb"},"inLanguage":"ca-ES","potentialAction":[{"@type":"ReadAction","target":["https:\/\/outreach-wp.ixole.es\/ca\/industria\/"]}]},{"@type":"BreadcrumbList","@id":"https:\/\/outreach-wp.ixole.es\/ca\/industria\/#breadcrumb","itemListElement":[{"@type":"ListItem","position":1,"name":"Portada","item":"https:\/\/outreach-wp.ixole.es\/"},{"@type":"ListItem","position":2,"name":"Ind\u00fastria"}]},{"@type":"WebSite","@id":"https:\/\/outreach-wp.ixole.es\/#website","url":"https:\/\/outreach-wp.ixole.es\/","name":"Outreach","description":"ICFO&#039;s Outreach","potentialAction":[{"@type":"SearchAction","target":{"@type":"EntryPoint","urlTemplate":"https:\/\/outreach-wp.ixole.es\/?s={search_term_string}"},"query-input":"required name=search_term_string"}],"inLanguage":"ca-ES"}]}},"_links":{"self":[{"href":"https:\/\/outreach-wp.ixole.es\/ca\/wp-json\/wp\/v2\/pages\/1394"}],"collection":[{"href":"https:\/\/outreach-wp.ixole.es\/ca\/wp-json\/wp\/v2\/pages"}],"about":[{"href":"https:\/\/outreach-wp.ixole.es\/ca\/wp-json\/wp\/v2\/types\/page"}],"author":[{"embeddable":true,"href":"https:\/\/outreach-wp.ixole.es\/ca\/wp-json\/wp\/v2\/users\/1"}],"replies":[{"embeddable":true,"href":"https:\/\/outreach-wp.ixole.es\/ca\/wp-json\/wp\/v2\/comments?post=1394"}],"version-history":[{"count":6,"href":"https:\/\/outreach-wp.ixole.es\/ca\/wp-json\/wp\/v2\/pages\/1394\/revisions"}],"predecessor-version":[{"id":3474,"href":"https:\/\/outreach-wp.ixole.es\/ca\/wp-json\/wp\/v2\/pages\/1394\/revisions\/3474"}],"wp:attachment":[{"href":"https:\/\/outreach-wp.ixole.es\/ca\/wp-json\/wp\/v2\/media?parent=1394"}],"curies":[{"name":"wp","href":"https:\/\/api.w.org\/{rel}","templated":true}]}}