{"id":1433,"date":"2017-05-17T11:32:23","date_gmt":"2017-05-17T09:32:23","guid":{"rendered":"https:\/\/outreach-wp.ixole.es\/the-big-bell-test-faq\/"},"modified":"2018-01-23T13:00:01","modified_gmt":"2018-01-23T12:00:01","slug":"the-big-bell-test-preguntes-frequents","status":"publish","type":"page","link":"https:\/\/outreach-wp.ixole.es\/ca\/the-big-bell-test-preguntes-frequents\/","title":{"rendered":"The BIG Bell Test &#8211; Preguntes freq\u00fcents"},"content":{"rendered":"<p>[et_pb_section bb_built=&#8221;1&#8243; admin_label=&#8221;Secci\u00f3n&#8221; fullwidth=&#8221;off&#8221; specialty=&#8221;off&#8221; transparent_background=&#8221;off&#8221; allow_player_pause=&#8221;off&#8221; inner_shadow=&#8221;off&#8221; parallax=&#8221;off&#8221; parallax_method=&#8221;on&#8221; custom_padding=&#8221;||0px|&#8221; make_fullwidth=&#8221;off&#8221; use_custom_width=&#8221;off&#8221; width_unit=&#8221;on&#8221; make_equal=&#8221;off&#8221; use_custom_gutter=&#8221;off&#8221; background_color=&#8221;#e1e1e1&#8243; disabled_on=&#8221;on|on|off&#8221; disabled=&#8221;off&#8221; module_class=&#8221;mutating-cols-2_5-2_5-1_5&#8243;][et_pb_row admin_label=&#8221;Fila&#8221; make_fullwidth=&#8221;on&#8221; use_custom_width=&#8221;off&#8221; width_unit=&#8221;on&#8221; use_custom_gutter=&#8221;on&#8221; custom_padding=&#8221;0px||0px|&#8221; allow_player_pause=&#8221;off&#8221; parallax=&#8221;off&#8221; parallax_method=&#8221;on&#8221; make_equal=&#8221;on&#8221; parallax_1=&#8221;off&#8221; parallax_method_1=&#8221;off&#8221; background_color_1=&#8221;#ffffff&#8221; parallax_2=&#8221;off&#8221; parallax_method_2=&#8221;off&#8221; parallax_3=&#8221;off&#8221; parallax_method_3=&#8221;off&#8221; parallax_4=&#8221;off&#8221; parallax_method_4=&#8221;off&#8221; gutter_width=&#8221;1&#8243; padding_top_1=&#8221;45px&#8221; padding_right_1=&#8221;45px&#8221; padding_bottom_1=&#8221;35px&#8221; padding_left_1=&#8221;45px&#8221; padding_top_3=&#8221;45px&#8221; padding_right_3=&#8221;45px&#8221; padding_bottom_3=&#8221;35px&#8221; padding_left_3=&#8221;45px&#8221; padding_top_4=&#8221;45px&#8221; padding_right_4=&#8221;45px&#8221; padding_bottom_4=&#8221;35px&#8221; padding_left_4=&#8221;45px&#8221; background_color_2=&#8221;#b2a98e&#8221; background_color_3=&#8221;#d7ac2f&#8221; background_color_4=&#8221;#ffffff&#8221; custom_padding_last_edited=&#8221;on|phone&#8221; bg_img_2=&#8221;https:\/\/outreach-wp.ixole.es\/wp-content\/uploads\/2017\/05\/The-big-bell-test-N.jpg&#8221; custom_css_main_2=&#8221;opacity: 0.9;&#8221;][et_pb_column type=&#8221;2_5&#8243;][et_pb_text admin_label=&#8221;Texto&#8221; background_layout=&#8221;light&#8221; text_orientation=&#8221;left&#8221; use_border_color=&#8221;off&#8221; border_color=&#8221;#ffffff&#8221; border_style=&#8221;solid&#8221;]<\/p>\n<h1>The BIG Bell Test<\/h1>\n<h1><span style=\"color: #d7ac2f;\">F. A. Q.<\/span><\/h1>\n<p>[\/et_pb_text][\/et_pb_column][et_pb_column type=&#8221;2_5&#8243;][\/et_pb_column][et_pb_column type=&#8221;1_5&#8243;][et_pb_divider admin_label=&#8221;Separador&#8221; color=&#8221;#ffffff&#8221; show_divider=&#8221;off&#8221; height=&#8221;200px&#8221; divider_style=&#8221;solid&#8221; divider_position=&#8221;top&#8221; hide_on_mobile=&#8221;on&#8221; \/][\/et_pb_column][\/et_pb_row][\/et_pb_section][et_pb_section bb_built=&#8221;1&#8243; admin_label=&#8221;Head &#8211; Responsive&#8221; fullwidth=&#8221;off&#8221; specialty=&#8221;off&#8221; transparent_background=&#8221;off&#8221; allow_player_pause=&#8221;off&#8221; inner_shadow=&#8221;off&#8221; parallax=&#8221;off&#8221; parallax_method=&#8221;on&#8221; custom_padding=&#8221;||0px|&#8221; make_fullwidth=&#8221;off&#8221; use_custom_width=&#8221;off&#8221; width_unit=&#8221;on&#8221; make_equal=&#8221;off&#8221; use_custom_gutter=&#8221;off&#8221; background_color=&#8221;#e1e1e1&#8243; disabled_on=&#8221;off|off|on&#8221; disabled=&#8221;off&#8221; module_class=&#8221;mutating-cols&#8221; collapsed=&#8221;on&#8221;][et_pb_row admin_label=&#8221;Fila&#8221; make_fullwidth=&#8221;on&#8221; use_custom_width=&#8221;off&#8221; width_unit=&#8221;on&#8221; use_custom_gutter=&#8221;on&#8221; custom_padding=&#8221;0px||0px|&#8221; allow_player_pause=&#8221;off&#8221; parallax=&#8221;off&#8221; parallax_method=&#8221;on&#8221; make_equal=&#8221;on&#8221; parallax_1=&#8221;off&#8221; parallax_method_1=&#8221;off&#8221; background_color_1=&#8221;#ffffff&#8221; parallax_2=&#8221;off&#8221; parallax_method_2=&#8221;off&#8221; parallax_3=&#8221;off&#8221; parallax_method_3=&#8221;off&#8221; parallax_4=&#8221;off&#8221; parallax_method_4=&#8221;off&#8221; gutter_width=&#8221;1&#8243; padding_top_1=&#8221;45px&#8221; padding_right_1=&#8221;45px&#8221; padding_bottom_1=&#8221;35px&#8221; padding_left_1=&#8221;45px&#8221; padding_top_2=&#8221;45px&#8221; padding_right_2=&#8221;45px&#8221; padding_bottom_2=&#8221;35px&#8221; padding_left_2=&#8221;45px&#8221; padding_top_3=&#8221;45px&#8221; padding_right_3=&#8221;45px&#8221; padding_bottom_3=&#8221;35px&#8221; padding_left_3=&#8221;45px&#8221; padding_top_4=&#8221;45px&#8221; padding_right_4=&#8221;45px&#8221; padding_bottom_4=&#8221;35px&#8221; padding_left_4=&#8221;45px&#8221; background_color_2=&#8221;#ffffff&#8221; background_color_3=&#8221;#ffffff&#8221; background_color_4=&#8221;#ffffff&#8221; custom_padding_last_edited=&#8221;on|phone&#8221;][et_pb_column type=&#8221;4_4&#8243;][et_pb_text admin_label=&#8221;Texto&#8221; background_layout=&#8221;light&#8221; text_orientation=&#8221;left&#8221; use_border_color=&#8221;off&#8221; border_color=&#8221;#ffffff&#8221; border_style=&#8221;solid&#8221;]<\/p>\n<h1>The BIG Bell Test<\/h1>\n<h1><span style=\"color: #d7ac2f;\">F. A. Q.<\/span><\/h1>\n<p>[\/et_pb_text][\/et_pb_column][\/et_pb_row][et_pb_row admin_label=&#8221;Fila&#8221; make_fullwidth=&#8221;on&#8221; use_custom_width=&#8221;off&#8221; width_unit=&#8221;on&#8221; use_custom_gutter=&#8221;on&#8221; custom_padding=&#8221;0px||0px|&#8221; allow_player_pause=&#8221;off&#8221; parallax=&#8221;off&#8221; parallax_method=&#8221;on&#8221; make_equal=&#8221;on&#8221; parallax_1=&#8221;off&#8221; parallax_method_1=&#8221;off&#8221; parallax_2=&#8221;off&#8221; parallax_method_2=&#8221;off&#8221; parallax_3=&#8221;off&#8221; parallax_method_3=&#8221;off&#8221; parallax_4=&#8221;off&#8221; parallax_method_4=&#8221;off&#8221; gutter_width=&#8221;1&#8243; padding_top_2=&#8221;45px&#8221; padding_bottom_2=&#8221;45px&#8221; padding_top_3=&#8221;45px&#8221; padding_right_3=&#8221;45px&#8221; padding_bottom_3=&#8221;45px&#8221; padding_top_4=&#8221;45px&#8221; padding_right_4=&#8221;45px&#8221; padding_bottom_4=&#8221;35px&#8221; padding_left_4=&#8221;45px&#8221; background_color_2=&#8221;#d7ac2f&#8221; background_color_3=&#8221;#d1d1cb&#8221; background_color_4=&#8221;#ffffff&#8221; custom_padding_last_edited=&#8221;on|phone&#8221; background_color=&#8221;#ffffff&#8221; background_color_1=&#8221;#ffffff&#8221; padding_right_2=&#8221;45px&#8221; padding_left_2=&#8221;45px&#8221; padding_2_last_edited=&#8221;on|&#8221; bg_img_1=&#8221;https:\/\/outreach-wp.ixole.es\/wp-content\/uploads\/2017\/05\/bajo_eat_pag_82_1-2.jpg&#8221;][et_pb_column type=&#8221;1_4&#8243;][et_pb_divider admin_label=&#8221;Separador&#8221; color=&#8221;#ffffff&#8221; show_divider=&#8221;off&#8221; height=&#8221;200px&#8221; divider_style=&#8221;solid&#8221; divider_position=&#8221;top&#8221; hide_on_mobile=&#8221;on&#8221; \/][\/et_pb_column][et_pb_column type=&#8221;1_4&#8243;][\/et_pb_column][et_pb_column type=&#8221;1_4&#8243;][\/et_pb_column][et_pb_column type=&#8221;1_4&#8243;][\/et_pb_column][\/et_pb_row][\/et_pb_section][et_pb_section bb_built=&#8221;1&#8243; admin_label=&#8221;Secci\u00f3n&#8221; fullwidth=&#8221;off&#8221; specialty=&#8221;off&#8221; transparent_background=&#8221;off&#8221; allow_player_pause=&#8221;off&#8221; inner_shadow=&#8221;off&#8221; parallax=&#8221;off&#8221; parallax_method=&#8221;on&#8221; custom_padding=&#8221;0px||0px|&#8221; make_fullwidth=&#8221;off&#8221; use_custom_width=&#8221;off&#8221; width_unit=&#8221;on&#8221; make_equal=&#8221;off&#8221; use_custom_gutter=&#8221;off&#8221; background_color=&#8221;#e1e1e1&#8243;][et_pb_row admin_label=&#8221;Fila&#8221; make_fullwidth=&#8221;on&#8221; use_custom_width=&#8221;off&#8221; width_unit=&#8221;on&#8221; use_custom_gutter=&#8221;on&#8221; gutter_width=&#8221;1&#8243; allow_player_pause=&#8221;off&#8221; parallax=&#8221;off&#8221; parallax_method=&#8221;on&#8221; make_equal=&#8221;on&#8221; parallax_1=&#8221;off&#8221; parallax_method_1=&#8221;off&#8221; padding_top_1=&#8221;45px&#8221; padding_right_1=&#8221;45px&#8221; padding_bottom_1=&#8221;45px&#8221; padding_left_1=&#8221;45px&#8221; parallax_2=&#8221;off&#8221; parallax_method_2=&#8221;off&#8221; padding_top_2=&#8221;45px&#8221; padding_right_2=&#8221;45px&#8221; padding_bottom_2=&#8221;45px&#8221; padding_left_2=&#8221;45px&#8221; parallax_3=&#8221;off&#8221; parallax_method_3=&#8221;off&#8221; padding_top_3=&#8221;45px&#8221; padding_right_3=&#8221;45px&#8221; padding_bottom_3=&#8221;45px&#8221; padding_left_3=&#8221;45px&#8221;][et_pb_column type=&#8221;1_3&#8243;][et_pb_text admin_label=&#8221;Qu\u00e8, quan i on \u00e9s el BIG Bell Test?&#8221; background_layout=&#8221;light&#8221; text_orientation=&#8221;left&#8221; use_border_color=&#8221;off&#8221; border_color=&#8221;#ffffff&#8221; border_style=&#8221;solid&#8221; custom_css_main_element=&#8221; border-top: 1px solid;||padding-top: 15px;&#8221;]<\/p>\n<h2>Qu\u00e8, quan i on \u00e9s el BIG Bell Test?<\/h2>\n<p>[\/et_pb_text][et_pb_text admin_label=&#8221;Texto&#8221; background_layout=&#8221;light&#8221; text_orientation=&#8221;left&#8221; use_border_color=&#8221;off&#8221; border_color=&#8221;#ffffff&#8221; border_style=&#8221;solid&#8221; custom_margin=&#8221;35px||60px|&#8221;]<\/p>\n<p>El proper <strong>30 de novembre<\/strong> tindr\u00e0 lloc una s\u00e8rie de experiments de f\u00edsica qu\u00e0ntica d&#8217;avantguarda i es necessitar\u00e0 el major nombre de persones possible per poder realitzar-los.<\/p>\n<p>El BIG Bell Test \u00e9s coordinat per ICFO i hi haur\u00e0 experiments a<strong>laboratoris situats per tot arreu del m\u00f3n<\/strong>: Barcelona (Espanya), Brisbane-Griffith (Australia), Brisbane-Queensland (Australia), Concepci\u00f3n (Xile), Nice (Fran\u00e7a), Shanghai (Xina), Viena (Austria), Zurich (Suissa). Pots veure el mapa actualitzat amb tots els laboratoris que hi participaran <a class=\"external\" href=\"http:\/\/thebigbelltest.org\/#\/page4?l=CAT\" target=\"_blank\" rel=\"external noopener noreferrer\">aqu\u00ed<\/a>.<\/p>\n<p>[\/et_pb_text][et_pb_text admin_label=&#8221;Qu\u00e8 \u00e9s un Bellster?&#8221; background_layout=&#8221;light&#8221; text_orientation=&#8221;left&#8221; use_border_color=&#8221;off&#8221; border_color=&#8221;#ffffff&#8221; border_style=&#8221;solid&#8221; custom_css_main_element=&#8221; border-top: 1px solid;||padding-top: 15px;&#8221;]<\/p>\n<h2>Qu\u00e8 \u00e9s un Bellster?<\/h2>\n<p>[\/et_pb_text][et_pb_text admin_label=&#8221;Texto&#8221; background_layout=&#8221;light&#8221; text_orientation=&#8221;left&#8221; use_border_color=&#8221;off&#8221; border_color=&#8221;#ffffff&#8221; border_style=&#8221;solid&#8221; custom_margin=&#8221;35px|||&#8221;]<\/p>\n<p>Un Bellster (contrapci\u00f3 de Bell tester) \u00e9s qualsevol persona que participi al BIG Bell Test jugant amb al nostre videojoc. Tothom pot participar al BIG Bell Test i tornar-se un Bellster. Esperem que tu ser\u00e0s un d&#8217;ells!<\/p>\n<p>[\/et_pb_text][\/et_pb_column][et_pb_column type=&#8221;1_3&#8243;][et_pb_text admin_label=&#8221;Com puc participar?&#8221; background_layout=&#8221;light&#8221; text_orientation=&#8221;left&#8221; use_border_color=&#8221;off&#8221; border_color=&#8221;#ffffff&#8221; border_style=&#8221;solid&#8221; custom_css_main_element=&#8221; border-top: 1px solid;||padding-top: 15px;&#8221;]<\/p>\n<h2>Com puc participar?<\/h2>\n<p>[\/et_pb_text][et_pb_text admin_label=&#8221;Texto&#8221; background_layout=&#8221;light&#8221; text_orientation=&#8221;left&#8221; use_border_color=&#8221;off&#8221; border_color=&#8221;#ffffff&#8221; border_style=&#8221;solid&#8221; custom_margin=&#8221;35px||60px|&#8221;]<\/p>\n<p><strong>Tothom pot participar:<\/strong> nom\u00e9s has d&#8217;anar a la web del BIG Bell Test (<a class=\"external\" href=\"http:\/\/thebigbelltest.org\/#\/home?l=CAT\" target=\"_blank\" rel=\"external noopener noreferrer\">thebigbelltest.org<\/a>) i escollir entre 0s i 1s (bits) a trav\u00e9s d&#8217;un <strong>videojoc<\/strong>.<br \/>\n<strong>Aix\u00f3 \u00e9s tot ho que has de fer per tornar-te un Bellster!<\/strong><br \/>\nLa versi\u00f3 del videojoc que trobar\u00e0s ara \u00e9s una versi\u00f3 beta provisional: aviat publiacarem el videojoc final amb nivells i classificaci\u00f3ns.<\/p>\n<p>Quan jugues amb el videojoc, generes seq\u00fc\u00e8ncies aleat\u00f2ries of 0s i 1s que arribaran als laboratoris per ajudar els cient\u00edfics a estudiar el comportament de les part\u00edcules qu\u00e0ntiques. <strong>Tu tries qu\u00e8 passa als laboratoris<\/strong> mentre nosaltres posem a prova la f\u00edsica qu\u00e0ntica fent servir la impredictibilitat dels humans.<\/p>\n<p>Recorda: pots comen\u00e7ar a jugar ara, per\u00f2 \u00e9s nom\u00e9s al <strong>30 de novembre 2016<\/strong> que els teus bits arribaran als laboratoris!<\/p>\n<p>[\/et_pb_text][et_pb_text admin_label=&#8221;Perqu\u00e8 necessitem Bellsters?&#8221; background_layout=&#8221;light&#8221; text_orientation=&#8221;left&#8221; use_border_color=&#8221;off&#8221; border_color=&#8221;#ffffff&#8221; border_style=&#8221;solid&#8221; custom_css_main_element=&#8221; border-top: 1px solid;||padding-top: 15px;&#8221;]<\/p>\n<h2>Perqu\u00e8 necessitem Bellsters?<\/h2>\n<p>[\/et_pb_text][et_pb_text admin_label=&#8221;Texto&#8221; background_layout=&#8221;light&#8221; text_orientation=&#8221;left&#8221; use_border_color=&#8221;off&#8221; border_color=&#8221;#ffffff&#8221; border_style=&#8221;solid&#8221; custom_margin=&#8221;35px|||&#8221;]<\/p>\n<p>El Test de Bell s&#8217;ha dut a terme en diverses ocasions, la majoria dels casos amb resultat a favor de la f\u00edsica qu\u00e0ntica i les seves proposicions antiintu\u00eftives. Una d\u2018aquestes \u00e9s l\u2019entrella\u00e7ament qu\u00e0ntic, la <em>acci\u00f3 fantasmal a dist\u00e0ncia<\/em>: no importa quan separades estiguin dos part\u00edcules qu\u00e0ntiques, si observem una (i per tan la canviem) l\u2019altra canvia immediatament.<\/p>\n<p>Per\u00f2 per ser convincent per a tothom, el Test de Bell ha de fer-se sota condicions estrictes. Una d&#8217;aquestes condicions \u00e9s que no siguin m\u00e0quines ni objectes qu\u00e0ntics els que controlin els experiments, ja que podr\u00eden formar part de la gran confabulaci\u00f3 dels objectes en contra les ments.<\/p>\n<p>[\/et_pb_text][\/et_pb_column][et_pb_column type=&#8221;1_3&#8243;][et_pb_text admin_label=&#8221;Perqu\u00e8 estem fent aquests experiments?&#8221; background_layout=&#8221;light&#8221; text_orientation=&#8221;left&#8221; use_border_color=&#8221;off&#8221; border_color=&#8221;#ffffff&#8221; border_style=&#8221;solid&#8221; custom_css_main_element=&#8221; border-top: 1px solid;||padding-top: 15px;&#8221;]<\/p>\n<h2>Perqu\u00e8 estem fent aquests experiments?<\/h2>\n<p>[\/et_pb_text][et_pb_text admin_label=&#8221;Texto&#8221; background_layout=&#8221;light&#8221; text_orientation=&#8221;left&#8221; use_border_color=&#8221;off&#8221; border_color=&#8221;#ffffff&#8221; border_style=&#8221;solid&#8221; custom_margin=&#8221;35px||60px|&#8221;]<\/p>\n<p>Des dels or\u00edgens de la f\u00edsica qu\u00e0ntica, la comunitat cient\u00edfica ha debatut intensament sobre certs aspectes sorprenents que semblen derivar d&#8217;ella, i que fins llavors havien estat terreny exclusiu filos\u00f2fic:<\/p>\n<ul>\n<li class=\"first\">Existeix el m\u00f3n independentment de nosaltres, els observadors?<\/li>\n<li>Pot ser que els \u00e0toms i altres part\u00edcules petites puguin parlar entre elles i conspirar contra nosaltres per canviar segons els mirem o no?<\/li>\n<li class=\"last\">Podem afectar la realitat nom\u00e9s pel fet d\u2018observar-la?<\/li>\n<\/ul>\n<p>Doncs b\u00e9, hi ha un experiment que pot decidir d&#8217;una vegada per totes aquesta q\u00fcesti\u00f3, sense m\u00e9s discussi\u00f3: <strong>El Test de Bell<\/strong>, dissenyat pel f\u00edsic John Bell al CERN en 1964.<\/p>\n<p>[\/et_pb_text][et_pb_text admin_label=&#8221;Qu\u00e8 necessito saber per ser un Bellster?&#8221; background_layout=&#8221;light&#8221; text_orientation=&#8221;left&#8221; use_border_color=&#8221;off&#8221; border_color=&#8221;#ffffff&#8221; border_style=&#8221;solid&#8221; custom_css_main_element=&#8221; border-top: 1px solid;||padding-top: 15px;&#8221;]<\/p>\n<h2>Qu\u00e8 necessito saber per ser un Bellster?<\/h2>\n<p>[\/et_pb_text][et_pb_text admin_label=&#8221;Texto&#8221; background_layout=&#8221;light&#8221; text_orientation=&#8221;left&#8221; use_border_color=&#8221;off&#8221; border_color=&#8221;#ffffff&#8221; border_style=&#8221;solid&#8221; custom_margin=&#8221;35px|||&#8221;]<\/p>\n<p><strong>No necessites ser un ci\u00e9ntific per ser un Bellster<\/strong>: nom\u00e9s has de connectar-te a la web i\u00a0<a class=\"external\" href=\"http:\/\/thebigbelltest.org\/#\/juego?!=CAT\" target=\"_blank\" rel=\"external noopener noreferrer\">comen\u00e7ar a jugar<\/a>!<\/p>\n<p>Per\u00f2 si vols <strong>saber m\u00e9s<\/strong> sobre el BIG Bell Test, pots mirar:<\/p>\n<ul>\n<li class=\"first\">la <a class=\"external\" href=\"http:\/\/thebigbelltest.org\/#\/home?l=CAT\" target=\"_blank\" rel=\"external noopener noreferrer\">web<\/a> del projecte<\/li>\n<li>els <a href=\"https:\/\/outreach-wp.ixole.es\/icfo\/59\/the-big-bell-test-events\">esdeveniments<\/a> organitzat a l&#8217;area de Barcelona<\/li>\n<li>aquesta col\u00b7lecci\u00f3 de <a href=\"https:\/\/outreach-wp.ixole.es\/icfo\/60\/the-big-bell-test-online-resources\">v\u00eddeos i articles en l\u00ednia<\/a><\/li>\n<li>aquesta llista de\u00a0<a href=\"https:\/\/outreach-wp.ixole.es\/icfo\/61\/the-big-bell-test-suggested-readings\">llibres<\/a> interessants<\/li>\n<li class=\"last\">si ets un <strong>docent<\/strong>,\u00a0<a href=\"https:\/\/outreach-wp.ixole.es\/icfo\/62\/the-big-bell-test-teachers\">aqu\u00ed<\/a> pots trobar sugger\u00e8ncies i recursos per portar el BIG Bell Test a l&#8217;aula.<\/li>\n<\/ul>\n<p>[\/et_pb_text][\/et_pb_column][\/et_pb_row][\/et_pb_section]<\/p>\n","protected":false},"excerpt":{"rendered":"<p>The BIG Bell Test F. A. Q. The BIG Bell Test F. A. Q. Qu\u00e8, quan i on \u00e9s el BIG Bell Test? El proper 30 de novembre tindr\u00e0 lloc una s\u00e8rie de experiments de f\u00edsica qu\u00e0ntica d&#8217;avantguarda i es necessitar\u00e0 el major nombre de persones possible per poder realitzar-los. El BIG Bell Test \u00e9s [&hellip;]<\/p>\n","protected":false},"author":1,"featured_media":0,"parent":0,"menu_order":0,"comment_status":"closed","ping_status":"closed","template":"","meta":{"_et_pb_use_builder":"on","_et_pb_old_content":"","_et_gb_content_width":""},"acf":[],"yoast_head":"<!-- This site is optimized with the Yoast SEO plugin v20.4 - https:\/\/yoast.com\/wordpress\/plugins\/seo\/ -->\n<title>The BIG Bell Test - Preguntes freq\u00fcents - Outreach<\/title>\n<meta name=\"robots\" content=\"index, follow, max-snippet:-1, max-image-preview:large, max-video-preview:-1\" \/>\n<link rel=\"canonical\" href=\"https:\/\/outreach-wp.ixole.es\/ca\/the-big-bell-test-preguntes-frequents\/\" \/>\n<meta property=\"og:locale\" content=\"ca_ES\" \/>\n<meta property=\"og:type\" content=\"article\" \/>\n<meta property=\"og:title\" content=\"The BIG Bell Test - Preguntes freq\u00fcents - Outreach\" \/>\n<meta property=\"og:description\" content=\"The BIG Bell Test F. A. Q. The BIG Bell Test F. A. Q. Qu\u00e8, quan i on \u00e9s el BIG Bell Test? El proper 30 de novembre tindr\u00e0 lloc una s\u00e8rie de experiments de f\u00edsica qu\u00e0ntica d&#039;avantguarda i es necessitar\u00e0 el major nombre de persones possible per poder realitzar-los. El BIG Bell Test \u00e9s [&hellip;]\" \/>\n<meta property=\"og:url\" content=\"https:\/\/outreach-wp.ixole.es\/ca\/the-big-bell-test-preguntes-frequents\/\" \/>\n<meta property=\"og:site_name\" content=\"Outreach\" \/>\n<meta property=\"article:modified_time\" content=\"2018-01-23T12:00:01+00:00\" \/>\n<meta name=\"twitter:card\" content=\"summary_large_image\" \/>\n<meta name=\"twitter:label1\" content=\"Est. reading time\" \/>\n\t<meta name=\"twitter:data1\" content=\"9 minutes\" \/>\n<script type=\"application\/ld+json\" class=\"yoast-schema-graph\">{\"@context\":\"https:\/\/schema.org\",\"@graph\":[{\"@type\":\"WebPage\",\"@id\":\"https:\/\/outreach-wp.ixole.es\/ca\/the-big-bell-test-preguntes-frequents\/\",\"url\":\"https:\/\/outreach-wp.ixole.es\/ca\/the-big-bell-test-preguntes-frequents\/\",\"name\":\"The BIG Bell Test - Preguntes freq\u00fcents - Outreach\",\"isPartOf\":{\"@id\":\"https:\/\/outreach-wp.ixole.es\/#website\"},\"datePublished\":\"2017-05-17T09:32:23+00:00\",\"dateModified\":\"2018-01-23T12:00:01+00:00\",\"breadcrumb\":{\"@id\":\"https:\/\/outreach-wp.ixole.es\/ca\/the-big-bell-test-preguntes-frequents\/#breadcrumb\"},\"inLanguage\":\"ca-ES\",\"potentialAction\":[{\"@type\":\"ReadAction\",\"target\":[\"https:\/\/outreach-wp.ixole.es\/ca\/the-big-bell-test-preguntes-frequents\/\"]}]},{\"@type\":\"BreadcrumbList\",\"@id\":\"https:\/\/outreach-wp.ixole.es\/ca\/the-big-bell-test-preguntes-frequents\/#breadcrumb\",\"itemListElement\":[{\"@type\":\"ListItem\",\"position\":1,\"name\":\"Portada\",\"item\":\"https:\/\/outreach-wp.ixole.es\/\"},{\"@type\":\"ListItem\",\"position\":2,\"name\":\"The BIG Bell Test &#8211; Preguntes freq\u00fcents\"}]},{\"@type\":\"WebSite\",\"@id\":\"https:\/\/outreach-wp.ixole.es\/#website\",\"url\":\"https:\/\/outreach-wp.ixole.es\/\",\"name\":\"Outreach\",\"description\":\"ICFO&#039;s Outreach\",\"potentialAction\":[{\"@type\":\"SearchAction\",\"target\":{\"@type\":\"EntryPoint\",\"urlTemplate\":\"https:\/\/outreach-wp.ixole.es\/?s={search_term_string}\"},\"query-input\":\"required name=search_term_string\"}],\"inLanguage\":\"ca-ES\"}]}<\/script>\n<!-- \/ Yoast SEO plugin. -->","yoast_head_json":{"title":"The BIG Bell Test - Preguntes freq\u00fcents - Outreach","robots":{"index":"index","follow":"follow","max-snippet":"max-snippet:-1","max-image-preview":"max-image-preview:large","max-video-preview":"max-video-preview:-1"},"canonical":"https:\/\/outreach-wp.ixole.es\/ca\/the-big-bell-test-preguntes-frequents\/","og_locale":"ca_ES","og_type":"article","og_title":"The BIG Bell Test - Preguntes freq\u00fcents - Outreach","og_description":"The BIG Bell Test F. A. Q. The BIG Bell Test F. A. Q. Qu\u00e8, quan i on \u00e9s el BIG Bell Test? El proper 30 de novembre tindr\u00e0 lloc una s\u00e8rie de experiments de f\u00edsica qu\u00e0ntica d'avantguarda i es necessitar\u00e0 el major nombre de persones possible per poder realitzar-los. El BIG Bell Test \u00e9s [&hellip;]","og_url":"https:\/\/outreach-wp.ixole.es\/ca\/the-big-bell-test-preguntes-frequents\/","og_site_name":"Outreach","article_modified_time":"2018-01-23T12:00:01+00:00","twitter_card":"summary_large_image","twitter_misc":{"Est. reading time":"9 minutes"},"schema":{"@context":"https:\/\/schema.org","@graph":[{"@type":"WebPage","@id":"https:\/\/outreach-wp.ixole.es\/ca\/the-big-bell-test-preguntes-frequents\/","url":"https:\/\/outreach-wp.ixole.es\/ca\/the-big-bell-test-preguntes-frequents\/","name":"The BIG Bell Test - Preguntes freq\u00fcents - Outreach","isPartOf":{"@id":"https:\/\/outreach-wp.ixole.es\/#website"},"datePublished":"2017-05-17T09:32:23+00:00","dateModified":"2018-01-23T12:00:01+00:00","breadcrumb":{"@id":"https:\/\/outreach-wp.ixole.es\/ca\/the-big-bell-test-preguntes-frequents\/#breadcrumb"},"inLanguage":"ca-ES","potentialAction":[{"@type":"ReadAction","target":["https:\/\/outreach-wp.ixole.es\/ca\/the-big-bell-test-preguntes-frequents\/"]}]},{"@type":"BreadcrumbList","@id":"https:\/\/outreach-wp.ixole.es\/ca\/the-big-bell-test-preguntes-frequents\/#breadcrumb","itemListElement":[{"@type":"ListItem","position":1,"name":"Portada","item":"https:\/\/outreach-wp.ixole.es\/"},{"@type":"ListItem","position":2,"name":"The BIG Bell Test &#8211; Preguntes freq\u00fcents"}]},{"@type":"WebSite","@id":"https:\/\/outreach-wp.ixole.es\/#website","url":"https:\/\/outreach-wp.ixole.es\/","name":"Outreach","description":"ICFO&#039;s Outreach","potentialAction":[{"@type":"SearchAction","target":{"@type":"EntryPoint","urlTemplate":"https:\/\/outreach-wp.ixole.es\/?s={search_term_string}"},"query-input":"required name=search_term_string"}],"inLanguage":"ca-ES"}]}},"_links":{"self":[{"href":"https:\/\/outreach-wp.ixole.es\/ca\/wp-json\/wp\/v2\/pages\/1433"}],"collection":[{"href":"https:\/\/outreach-wp.ixole.es\/ca\/wp-json\/wp\/v2\/pages"}],"about":[{"href":"https:\/\/outreach-wp.ixole.es\/ca\/wp-json\/wp\/v2\/types\/page"}],"author":[{"embeddable":true,"href":"https:\/\/outreach-wp.ixole.es\/ca\/wp-json\/wp\/v2\/users\/1"}],"replies":[{"embeddable":true,"href":"https:\/\/outreach-wp.ixole.es\/ca\/wp-json\/wp\/v2\/comments?post=1433"}],"version-history":[{"count":4,"href":"https:\/\/outreach-wp.ixole.es\/ca\/wp-json\/wp\/v2\/pages\/1433\/revisions"}],"predecessor-version":[{"id":2557,"href":"https:\/\/outreach-wp.ixole.es\/ca\/wp-json\/wp\/v2\/pages\/1433\/revisions\/2557"}],"wp:attachment":[{"href":"https:\/\/outreach-wp.ixole.es\/ca\/wp-json\/wp\/v2\/media?parent=1433"}],"curies":[{"name":"wp","href":"https:\/\/api.w.org\/{rel}","templated":true}]}}