{"id":1440,"date":"2017-05-17T13:48:18","date_gmt":"2017-05-17T11:48:18","guid":{"rendered":"https:\/\/outreach-wp.ixole.es\/the-big-bell-test-resources\/"},"modified":"2017-08-02T17:41:24","modified_gmt":"2017-08-02T15:41:24","slug":"the-big-bell-test-recursos","status":"publish","type":"page","link":"https:\/\/outreach-wp.ixole.es\/ca\/the-big-bell-test-recursos\/","title":{"rendered":"The BIG Bell Test &#8211; Recursos"},"content":{"rendered":"<p>[et_pb_section bb_built=&#8221;1&#8243; admin_label=&#8221;Secci\u00f3n&#8221; fullwidth=&#8221;off&#8221; specialty=&#8221;off&#8221; transparent_background=&#8221;off&#8221; allow_player_pause=&#8221;off&#8221; inner_shadow=&#8221;off&#8221; parallax=&#8221;off&#8221; parallax_method=&#8221;on&#8221; custom_padding=&#8221;||0px|&#8221; make_fullwidth=&#8221;off&#8221; use_custom_width=&#8221;off&#8221; width_unit=&#8221;on&#8221; make_equal=&#8221;off&#8221; use_custom_gutter=&#8221;off&#8221; background_color=&#8221;#e1e1e1&#8243; disabled_on=&#8221;on|on|off&#8221; disabled=&#8221;off&#8221; module_class=&#8221;mutating-cols-2_5-2_5-1_5&#8243;][et_pb_row admin_label=&#8221;Fila&#8221; make_fullwidth=&#8221;on&#8221; use_custom_width=&#8221;off&#8221; width_unit=&#8221;on&#8221; use_custom_gutter=&#8221;on&#8221; custom_padding=&#8221;0px||0px|&#8221; allow_player_pause=&#8221;off&#8221; parallax=&#8221;off&#8221; parallax_method=&#8221;on&#8221; make_equal=&#8221;on&#8221; parallax_1=&#8221;off&#8221; parallax_method_1=&#8221;off&#8221; background_color_1=&#8221;#ffffff&#8221; parallax_2=&#8221;off&#8221; parallax_method_2=&#8221;off&#8221; parallax_3=&#8221;off&#8221; parallax_method_3=&#8221;off&#8221; parallax_4=&#8221;off&#8221; parallax_method_4=&#8221;off&#8221; gutter_width=&#8221;1&#8243; padding_top_1=&#8221;45px&#8221; padding_right_1=&#8221;45px&#8221; padding_bottom_1=&#8221;35px&#8221; padding_left_1=&#8221;45px&#8221; padding_top_3=&#8221;45px&#8221; padding_right_3=&#8221;45px&#8221; padding_bottom_3=&#8221;35px&#8221; padding_left_3=&#8221;45px&#8221; padding_top_4=&#8221;45px&#8221; padding_right_4=&#8221;45px&#8221; padding_bottom_4=&#8221;35px&#8221; padding_left_4=&#8221;45px&#8221; background_color_2=&#8221;#b2a98e&#8221; background_color_3=&#8221;#d7ac2f&#8221; background_color_4=&#8221;#ffffff&#8221; custom_padding_last_edited=&#8221;on|phone&#8221; bg_img_2=&#8221;https:\/\/outreach-wp.ixole.es\/wp-content\/uploads\/2017\/05\/The-big-bell-test-N.jpg&#8221; custom_css_main_2=&#8221;opacity: 0.9;&#8221;][et_pb_column type=&#8221;2_5&#8243;][et_pb_text admin_label=&#8221;Texto&#8221; background_layout=&#8221;light&#8221; text_orientation=&#8221;left&#8221; use_border_color=&#8221;off&#8221; border_color=&#8221;#ffffff&#8221; border_style=&#8221;solid&#8221;]<\/p>\n<h1>The BIG Bell Test<\/h1>\n<h1><span style=\"color: #d7ac2f;\">Recursos<\/span><\/h1>\n<p>[\/et_pb_text][\/et_pb_column][et_pb_column type=&#8221;2_5&#8243;][\/et_pb_column][et_pb_column type=&#8221;1_5&#8243;][et_pb_divider admin_label=&#8221;Separador&#8221; color=&#8221;#ffffff&#8221; show_divider=&#8221;off&#8221; height=&#8221;200px&#8221; divider_style=&#8221;solid&#8221; divider_position=&#8221;top&#8221; hide_on_mobile=&#8221;on&#8221; \/][\/et_pb_column][\/et_pb_row][\/et_pb_section][et_pb_section bb_built=&#8221;1&#8243; admin_label=&#8221;Head &#8211; Responsive&#8221; fullwidth=&#8221;off&#8221; specialty=&#8221;off&#8221; transparent_background=&#8221;off&#8221; allow_player_pause=&#8221;off&#8221; inner_shadow=&#8221;off&#8221; parallax=&#8221;off&#8221; parallax_method=&#8221;on&#8221; custom_padding=&#8221;||0px|&#8221; make_fullwidth=&#8221;off&#8221; use_custom_width=&#8221;off&#8221; width_unit=&#8221;on&#8221; make_equal=&#8221;off&#8221; use_custom_gutter=&#8221;off&#8221; background_color=&#8221;#e1e1e1&#8243; disabled_on=&#8221;off|off|on&#8221; disabled=&#8221;off&#8221; module_class=&#8221;mutating-cols&#8221; collapsed=&#8221;on&#8221;][et_pb_row admin_label=&#8221;Fila&#8221; make_fullwidth=&#8221;on&#8221; use_custom_width=&#8221;off&#8221; width_unit=&#8221;on&#8221; use_custom_gutter=&#8221;on&#8221; custom_padding=&#8221;0px||0px|&#8221; allow_player_pause=&#8221;off&#8221; parallax=&#8221;off&#8221; parallax_method=&#8221;on&#8221; make_equal=&#8221;on&#8221; parallax_1=&#8221;off&#8221; parallax_method_1=&#8221;off&#8221; background_color_1=&#8221;#ffffff&#8221; parallax_2=&#8221;off&#8221; parallax_method_2=&#8221;off&#8221; parallax_3=&#8221;off&#8221; parallax_method_3=&#8221;off&#8221; parallax_4=&#8221;off&#8221; parallax_method_4=&#8221;off&#8221; gutter_width=&#8221;1&#8243; padding_top_1=&#8221;45px&#8221; padding_right_1=&#8221;45px&#8221; padding_bottom_1=&#8221;35px&#8221; padding_left_1=&#8221;45px&#8221; padding_top_2=&#8221;45px&#8221; padding_right_2=&#8221;45px&#8221; padding_bottom_2=&#8221;35px&#8221; padding_left_2=&#8221;45px&#8221; padding_top_3=&#8221;45px&#8221; padding_right_3=&#8221;45px&#8221; padding_bottom_3=&#8221;35px&#8221; padding_left_3=&#8221;45px&#8221; padding_top_4=&#8221;45px&#8221; padding_right_4=&#8221;45px&#8221; padding_bottom_4=&#8221;35px&#8221; padding_left_4=&#8221;45px&#8221; background_color_2=&#8221;#ffffff&#8221; background_color_3=&#8221;#ffffff&#8221; background_color_4=&#8221;#ffffff&#8221; custom_padding_last_edited=&#8221;on|phone&#8221;][et_pb_column type=&#8221;4_4&#8243;][et_pb_text admin_label=&#8221;Texto&#8221; background_layout=&#8221;light&#8221; text_orientation=&#8221;left&#8221; use_border_color=&#8221;off&#8221; border_color=&#8221;#ffffff&#8221; border_style=&#8221;solid&#8221;]<\/p>\n<h1>The BIG Bell Test<\/h1>\n<h1><span style=\"color: #d7ac2f;\">Recursos<\/span><\/h1>\n<p>[\/et_pb_text][\/et_pb_column][\/et_pb_row][et_pb_row admin_label=&#8221;Fila&#8221; make_fullwidth=&#8221;on&#8221; use_custom_width=&#8221;off&#8221; width_unit=&#8221;on&#8221; use_custom_gutter=&#8221;on&#8221; custom_padding=&#8221;0px||0px|&#8221; allow_player_pause=&#8221;off&#8221; parallax=&#8221;off&#8221; parallax_method=&#8221;on&#8221; make_equal=&#8221;on&#8221; parallax_1=&#8221;off&#8221; parallax_method_1=&#8221;off&#8221; parallax_2=&#8221;off&#8221; parallax_method_2=&#8221;off&#8221; parallax_3=&#8221;off&#8221; parallax_method_3=&#8221;off&#8221; parallax_4=&#8221;off&#8221; parallax_method_4=&#8221;off&#8221; gutter_width=&#8221;1&#8243; padding_top_2=&#8221;45px&#8221; padding_bottom_2=&#8221;45px&#8221; padding_top_3=&#8221;45px&#8221; padding_right_3=&#8221;45px&#8221; padding_bottom_3=&#8221;45px&#8221; padding_top_4=&#8221;45px&#8221; padding_right_4=&#8221;45px&#8221; padding_bottom_4=&#8221;35px&#8221; padding_left_4=&#8221;45px&#8221; background_color_2=&#8221;#d7ac2f&#8221; background_color_3=&#8221;#d1d1cb&#8221; background_color_4=&#8221;#ffffff&#8221; custom_padding_last_edited=&#8221;on|phone&#8221; background_color=&#8221;#ffffff&#8221; background_color_1=&#8221;#ffffff&#8221; padding_right_2=&#8221;45px&#8221; padding_left_2=&#8221;45px&#8221; padding_2_last_edited=&#8221;on|&#8221; bg_img_1=&#8221;https:\/\/outreach-wp.ixole.es\/wp-content\/uploads\/2017\/05\/bajo_eat_pag_82_1-2.jpg&#8221;][et_pb_column type=&#8221;1_4&#8243;][et_pb_divider admin_label=&#8221;Separador&#8221; color=&#8221;#ffffff&#8221; show_divider=&#8221;off&#8221; height=&#8221;200px&#8221; divider_style=&#8221;solid&#8221; divider_position=&#8221;top&#8221; hide_on_mobile=&#8221;on&#8221; \/][\/et_pb_column][et_pb_column type=&#8221;1_4&#8243;][\/et_pb_column][et_pb_column type=&#8221;1_4&#8243;][\/et_pb_column][et_pb_column type=&#8221;1_4&#8243;][\/et_pb_column][\/et_pb_row][\/et_pb_section][et_pb_section bb_built=&#8221;1&#8243; admin_label=&#8221;Secci\u00f3n&#8221; fullwidth=&#8221;off&#8221; specialty=&#8221;off&#8221; transparent_background=&#8221;off&#8221; allow_player_pause=&#8221;off&#8221; inner_shadow=&#8221;off&#8221; parallax=&#8221;off&#8221; parallax_method=&#8221;on&#8221; custom_padding=&#8221;0px||0px|&#8221; make_fullwidth=&#8221;off&#8221; use_custom_width=&#8221;off&#8221; width_unit=&#8221;on&#8221; make_equal=&#8221;off&#8221; use_custom_gutter=&#8221;off&#8221; background_color=&#8221;#e1e1e1&#8243;][et_pb_row admin_label=&#8221;Fila&#8221; make_fullwidth=&#8221;on&#8221; use_custom_width=&#8221;off&#8221; width_unit=&#8221;on&#8221; use_custom_gutter=&#8221;on&#8221; gutter_width=&#8221;1&#8243; allow_player_pause=&#8221;off&#8221; parallax=&#8221;off&#8221; parallax_method=&#8221;on&#8221; make_equal=&#8221;on&#8221; parallax_1=&#8221;off&#8221; parallax_method_1=&#8221;off&#8221; padding_top_1=&#8221;45px&#8221; padding_right_1=&#8221;45px&#8221; padding_bottom_1=&#8221;45px&#8221; padding_left_1=&#8221;45px&#8221; parallax_2=&#8221;off&#8221; parallax_method_2=&#8221;off&#8221; padding_top_2=&#8221;45px&#8221; padding_right_2=&#8221;45px&#8221; padding_bottom_2=&#8221;45px&#8221; padding_left_2=&#8221;45px&#8221; parallax_3=&#8221;off&#8221; parallax_method_3=&#8221;off&#8221; padding_top_3=&#8221;45px&#8221; padding_right_3=&#8221;45px&#8221; padding_bottom_3=&#8221;45px&#8221; padding_left_3=&#8221;45px&#8221;][et_pb_column type=&#8221;1_3&#8243;][et_pb_text admin_label=&#8221;Texto&#8221; background_layout=&#8221;light&#8221; text_orientation=&#8221;left&#8221; use_border_color=&#8221;off&#8221; border_color=&#8221;#ffffff&#8221; border_style=&#8221;solid&#8221;]<\/p>\n<h2>V\u00eddeos\u00a0en l\u00ednia<\/h2>\n<p>[\/et_pb_text][et_pb_text admin_label=&#8221;Texto&#8221; background_layout=&#8221;light&#8221; text_orientation=&#8221;left&#8221; use_border_color=&#8221;off&#8221; border_color=&#8221;#ffffff&#8221; border_style=&#8221;solid&#8221; custom_margin=&#8221;35px|||&#8221;]<\/p>\n<ul>\n<li class=\"first\"><a class=\"external\" href=\"https:\/\/www.youtube.com\/watch?v=sMb00lz-IfE\" target=\"_blank\" rel=\"external noopener noreferrer\">What is NOT Random?<\/a> by Veritasium<\/li>\n<li><a class=\"external\" href=\"https:\/\/www.youtube.com\/watch?v=IOYyCHGWJq4\" target=\"_blank\" rel=\"external noopener noreferrer\">Schr\u00f6dinger&#8217;s cat<\/a> by MinutePhysics<\/li>\n<li><a class=\"external\" href=\"https:\/\/www.youtube.com\/watch?v=hGGb0nGTPLk\" target=\"_blank\" rel=\"external noopener noreferrer\">Quantum randomness<\/a> by Looking Glass Universe<\/li>\n<li><a class=\"external\" href=\"https:\/\/www.youtube.com\/watch?v=ZuvK-od647c\" target=\"_blank\" rel=\"external noopener noreferrer\">Quantum entanglement &amp; spooky action at a distance<\/a> by Veritasium<\/li>\n<li><a class=\"external\" href=\"https:\/\/www.youtube.com\/watch?v=dmX1W5umC1c\" target=\"_blank\" rel=\"external noopener noreferrer\">Can we predict everything?<\/a> by MinutePhysics<\/li>\n<li><a class=\"external\" href=\"https:\/\/www.youtube.com\/watch?v=5HJK5tQIT4A\" target=\"_blank\" rel=\"external noopener noreferrer\">EPR Paradox and entanglement<\/a> by Looking Glass Universe<\/li>\n<li><a class=\"external\" href=\"https:\/\/www.youtube.com\/watch?v=z-s3q9wlLag\" target=\"_blank\" rel=\"external noopener noreferrer\">Is quantum mechanics true? Bell&#8217;s theorem explained<\/a> by Looking Glass Universe<\/li>\n<li class=\"last\"><a class=\"external\" href=\"https:\/\/www.youtube.com\/watch?v=xM3GOXaci7w\" target=\"_blank\" rel=\"external noopener noreferrer\">Quantum Entanglement: The Movie<\/a> by Scientific American<\/li>\n<\/ul>\n<p>[\/et_pb_text][\/et_pb_column][et_pb_column type=&#8221;1_3&#8243;][et_pb_text admin_label=&#8221;Texto&#8221; background_layout=&#8221;light&#8221; text_orientation=&#8221;left&#8221; use_border_color=&#8221;off&#8221; border_color=&#8221;#ffffff&#8221; border_style=&#8221;solid&#8221;]<\/p>\n<h2>Articles en l\u00ednia<\/h2>\n<p>[\/et_pb_text][et_pb_text admin_label=&#8221;Texto&#8221; background_layout=&#8221;light&#8221; text_orientation=&#8221;left&#8221; use_border_color=&#8221;off&#8221; border_color=&#8221;#ffffff&#8221; border_style=&#8221;solid&#8221; custom_margin=&#8221;35px|||&#8221;]<\/p>\n<ul>\n<li class=\"first\"><a class=\"external\" href=\"http:\/\/www.forbes.com\/sites\/chadorzel\/2015\/08\/11\/how-quantum-randomness-saves-relativity\/#778832b62ce2\" target=\"_blank\" rel=\"external noopener noreferrer\">How Quantum Randomness Saves Relativity<\/a> by Chad Orzel<\/li>\n<li class=\"last\"><a class=\"external\" href=\"http:\/\/scitation.aip.org\/content\/aip\/magazine\/physicstoday\/article\/68\/7\/10.1063\/PT.3.2847\" target=\"_blank\" rel=\"external noopener noreferrer\">Magic moments with John Bell<\/a> by Reinhold A. Bertlmann<\/li>\n<\/ul>\n<p>[\/et_pb_text][\/et_pb_column][et_pb_column type=&#8221;1_3&#8243;][et_pb_text admin_label=&#8221;Texto&#8221; background_layout=&#8221;light&#8221; text_orientation=&#8221;left&#8221; use_border_color=&#8221;off&#8221; border_color=&#8221;#ffffff&#8221; border_style=&#8221;solid&#8221; disabled_on=&#8221;off|off|off&#8221; disabled=&#8221;off&#8221;]<\/p>\n<h2>Propostes de lectura<\/h2>\n<p>[\/et_pb_text][et_pb_text admin_label=&#8221;Texto&#8221; background_layout=&#8221;light&#8221; text_orientation=&#8221;left&#8221; use_border_color=&#8221;off&#8221; border_color=&#8221;#ffffff&#8221; border_style=&#8221;solid&#8221; custom_margin=&#8221;35px|||&#8221; disabled_on=&#8221;off|off|off&#8221; disabled=&#8221;off&#8221;]<\/p>\n<p>Aqu\u00ed proposem algunes lectures m\u00e9s llargues que podr\u00eden ser \u00fatils per entendre millor els conceptes a la base del BIG Bell Test.<\/p>\n<p>&nbsp;<\/p>\n<ul>\n<li class=\"first\"><em><a class=\"external\" href=\"http:\/\/www.hippiessavedphysics.com\/\" target=\"_blank\" rel=\"external noopener noreferrer\">How the hippies saved physics<\/a><\/em> by David Kaiser<\/li>\n<li class=\"first\"><em>Quantum Physics: A First Encounter: Interference, Entanglement, and Reality<\/em> by Valerio Scarani<\/li>\n<\/ul>\n<p>[\/et_pb_text][\/et_pb_column][\/et_pb_row][\/et_pb_section]<\/p>\n","protected":false},"excerpt":{"rendered":"<p>The BIG Bell Test Recursos The BIG Bell Test Recursos V\u00eddeos\u00a0en l\u00ednia What is NOT Random? by Veritasium Schr\u00f6dinger&#8217;s cat by MinutePhysics Quantum randomness by Looking Glass Universe Quantum entanglement &amp; spooky action at a distance by Veritasium Can we predict everything? by MinutePhysics EPR Paradox and entanglement by Looking Glass Universe Is quantum mechanics [&hellip;]<\/p>\n","protected":false},"author":1,"featured_media":0,"parent":0,"menu_order":0,"comment_status":"closed","ping_status":"closed","template":"","meta":{"_et_pb_use_builder":"on","_et_pb_old_content":"","_et_gb_content_width":""},"acf":[],"yoast_head":"<!-- This site is optimized with the Yoast SEO plugin v20.4 - https:\/\/yoast.com\/wordpress\/plugins\/seo\/ -->\n<title>The BIG Bell Test - Recursos - Outreach<\/title>\n<meta name=\"robots\" content=\"index, follow, max-snippet:-1, max-image-preview:large, max-video-preview:-1\" \/>\n<link rel=\"canonical\" href=\"https:\/\/outreach-wp.ixole.es\/ca\/the-big-bell-test-recursos\/\" \/>\n<meta property=\"og:locale\" content=\"ca_ES\" \/>\n<meta property=\"og:type\" content=\"article\" \/>\n<meta property=\"og:title\" content=\"The BIG Bell Test - Recursos - Outreach\" \/>\n<meta property=\"og:description\" content=\"The BIG Bell Test Recursos The BIG Bell Test Recursos V\u00eddeos\u00a0en l\u00ednia What is NOT Random? by Veritasium Schr\u00f6dinger&#039;s cat by MinutePhysics Quantum randomness by Looking Glass Universe Quantum entanglement &amp; spooky action at a distance by Veritasium Can we predict everything? by MinutePhysics EPR Paradox and entanglement by Looking Glass Universe Is quantum mechanics [&hellip;]\" \/>\n<meta property=\"og:url\" content=\"https:\/\/outreach-wp.ixole.es\/ca\/the-big-bell-test-recursos\/\" \/>\n<meta property=\"og:site_name\" content=\"Outreach\" \/>\n<meta property=\"article:modified_time\" content=\"2017-08-02T15:41:24+00:00\" \/>\n<meta name=\"twitter:card\" content=\"summary_large_image\" \/>\n<meta name=\"twitter:label1\" content=\"Est. reading time\" \/>\n\t<meta name=\"twitter:data1\" content=\"6 minutes\" \/>\n<script type=\"application\/ld+json\" class=\"yoast-schema-graph\">{\"@context\":\"https:\/\/schema.org\",\"@graph\":[{\"@type\":\"WebPage\",\"@id\":\"https:\/\/outreach-wp.ixole.es\/ca\/the-big-bell-test-recursos\/\",\"url\":\"https:\/\/outreach-wp.ixole.es\/ca\/the-big-bell-test-recursos\/\",\"name\":\"The BIG Bell Test - Recursos - Outreach\",\"isPartOf\":{\"@id\":\"https:\/\/outreach-wp.ixole.es\/#website\"},\"datePublished\":\"2017-05-17T11:48:18+00:00\",\"dateModified\":\"2017-08-02T15:41:24+00:00\",\"breadcrumb\":{\"@id\":\"https:\/\/outreach-wp.ixole.es\/ca\/the-big-bell-test-recursos\/#breadcrumb\"},\"inLanguage\":\"ca-ES\",\"potentialAction\":[{\"@type\":\"ReadAction\",\"target\":[\"https:\/\/outreach-wp.ixole.es\/ca\/the-big-bell-test-recursos\/\"]}]},{\"@type\":\"BreadcrumbList\",\"@id\":\"https:\/\/outreach-wp.ixole.es\/ca\/the-big-bell-test-recursos\/#breadcrumb\",\"itemListElement\":[{\"@type\":\"ListItem\",\"position\":1,\"name\":\"Portada\",\"item\":\"https:\/\/outreach-wp.ixole.es\/\"},{\"@type\":\"ListItem\",\"position\":2,\"name\":\"The BIG Bell Test &#8211; Recursos\"}]},{\"@type\":\"WebSite\",\"@id\":\"https:\/\/outreach-wp.ixole.es\/#website\",\"url\":\"https:\/\/outreach-wp.ixole.es\/\",\"name\":\"Outreach\",\"description\":\"ICFO&#039;s Outreach\",\"potentialAction\":[{\"@type\":\"SearchAction\",\"target\":{\"@type\":\"EntryPoint\",\"urlTemplate\":\"https:\/\/outreach-wp.ixole.es\/?s={search_term_string}\"},\"query-input\":\"required name=search_term_string\"}],\"inLanguage\":\"ca-ES\"}]}<\/script>\n<!-- \/ Yoast SEO plugin. -->","yoast_head_json":{"title":"The BIG Bell Test - Recursos - Outreach","robots":{"index":"index","follow":"follow","max-snippet":"max-snippet:-1","max-image-preview":"max-image-preview:large","max-video-preview":"max-video-preview:-1"},"canonical":"https:\/\/outreach-wp.ixole.es\/ca\/the-big-bell-test-recursos\/","og_locale":"ca_ES","og_type":"article","og_title":"The BIG Bell Test - Recursos - Outreach","og_description":"The BIG Bell Test Recursos The BIG Bell Test Recursos V\u00eddeos\u00a0en l\u00ednia What is NOT Random? by Veritasium Schr\u00f6dinger's cat by MinutePhysics Quantum randomness by Looking Glass Universe Quantum entanglement &amp; spooky action at a distance by Veritasium Can we predict everything? by MinutePhysics EPR Paradox and entanglement by Looking Glass Universe Is quantum mechanics [&hellip;]","og_url":"https:\/\/outreach-wp.ixole.es\/ca\/the-big-bell-test-recursos\/","og_site_name":"Outreach","article_modified_time":"2017-08-02T15:41:24+00:00","twitter_card":"summary_large_image","twitter_misc":{"Est. reading time":"6 minutes"},"schema":{"@context":"https:\/\/schema.org","@graph":[{"@type":"WebPage","@id":"https:\/\/outreach-wp.ixole.es\/ca\/the-big-bell-test-recursos\/","url":"https:\/\/outreach-wp.ixole.es\/ca\/the-big-bell-test-recursos\/","name":"The BIG Bell Test - Recursos - Outreach","isPartOf":{"@id":"https:\/\/outreach-wp.ixole.es\/#website"},"datePublished":"2017-05-17T11:48:18+00:00","dateModified":"2017-08-02T15:41:24+00:00","breadcrumb":{"@id":"https:\/\/outreach-wp.ixole.es\/ca\/the-big-bell-test-recursos\/#breadcrumb"},"inLanguage":"ca-ES","potentialAction":[{"@type":"ReadAction","target":["https:\/\/outreach-wp.ixole.es\/ca\/the-big-bell-test-recursos\/"]}]},{"@type":"BreadcrumbList","@id":"https:\/\/outreach-wp.ixole.es\/ca\/the-big-bell-test-recursos\/#breadcrumb","itemListElement":[{"@type":"ListItem","position":1,"name":"Portada","item":"https:\/\/outreach-wp.ixole.es\/"},{"@type":"ListItem","position":2,"name":"The BIG Bell Test &#8211; Recursos"}]},{"@type":"WebSite","@id":"https:\/\/outreach-wp.ixole.es\/#website","url":"https:\/\/outreach-wp.ixole.es\/","name":"Outreach","description":"ICFO&#039;s Outreach","potentialAction":[{"@type":"SearchAction","target":{"@type":"EntryPoint","urlTemplate":"https:\/\/outreach-wp.ixole.es\/?s={search_term_string}"},"query-input":"required name=search_term_string"}],"inLanguage":"ca-ES"}]}},"_links":{"self":[{"href":"https:\/\/outreach-wp.ixole.es\/ca\/wp-json\/wp\/v2\/pages\/1440"}],"collection":[{"href":"https:\/\/outreach-wp.ixole.es\/ca\/wp-json\/wp\/v2\/pages"}],"about":[{"href":"https:\/\/outreach-wp.ixole.es\/ca\/wp-json\/wp\/v2\/types\/page"}],"author":[{"embeddable":true,"href":"https:\/\/outreach-wp.ixole.es\/ca\/wp-json\/wp\/v2\/users\/1"}],"replies":[{"embeddable":true,"href":"https:\/\/outreach-wp.ixole.es\/ca\/wp-json\/wp\/v2\/comments?post=1440"}],"version-history":[{"count":2,"href":"https:\/\/outreach-wp.ixole.es\/ca\/wp-json\/wp\/v2\/pages\/1440\/revisions"}],"predecessor-version":[{"id":1443,"href":"https:\/\/outreach-wp.ixole.es\/ca\/wp-json\/wp\/v2\/pages\/1440\/revisions\/1443"}],"wp:attachment":[{"href":"https:\/\/outreach-wp.ixole.es\/ca\/wp-json\/wp\/v2\/media?parent=1440"}],"curies":[{"name":"wp","href":"https:\/\/api.w.org\/{rel}","templated":true}]}}