{"id":1386,"date":"2015-11-17T11:39:50","date_gmt":"2015-11-17T11:39:50","guid":{"rendered":"https:\/\/outreach-wp.ixole.es\/legal-notice\/"},"modified":"2017-08-01T13:01:50","modified_gmt":"2017-08-01T11:01:50","slug":"privacidad-aviso-legal","status":"publish","type":"page","link":"https:\/\/outreach-wp.ixole.es\/es\/privacidad-aviso-legal\/","title":{"rendered":"Privacidad \/ Aviso Legal"},"content":{"rendered":"<p>[et_pb_section bb_built=\u00bb1&#8243; admin_label=\u00bbSecci\u00f3n\u00bb fullwidth=\u00bbon\u00bb specialty=\u00bboff\u00bb][et_pb_fullwidth_header admin_label=\u00bbAVISO LEGAL\u00bb title=\u00bbPOL\u00cdTICA DE PRIVACIDAD ICFO\u00bb background_layout=\u00bblight\u00bb text_orientation=\u00bbcenter\u00bb header_fullscreen=\u00bboff\u00bb header_scroll_down=\u00bboff\u00bb parallax=\u00bboff\u00bb parallax_method=\u00bboff\u00bb content_orientation=\u00bbcenter\u00bb image_orientation=\u00bbcenter\u00bb custom_button_one=\u00bboff\u00bb button_one_letter_spacing=\u00bb0&#8243; button_one_use_icon=\u00bbdefault\u00bb button_one_icon_placement=\u00bbright\u00bb button_one_on_hover=\u00bbon\u00bb button_one_letter_spacing_hover=\u00bb0&#8243; custom_button_two=\u00bboff\u00bb button_two_letter_spacing=\u00bb0&#8243; button_two_use_icon=\u00bbdefault\u00bb button_two_icon_placement=\u00bbright\u00bb button_two_on_hover=\u00bbon\u00bb button_two_letter_spacing_hover=\u00bb0&#8243; button_one_border_radius=\u00bb0&#8243; button_one_border_radius_hover=\u00bb0&#8243; button_two_border_radius=\u00bb0&#8243; button_two_border_radius_hover=\u00bb0&#8243; \/][\/et_pb_section][et_pb_section bb_built=\u00bb1&#8243; admin_label=\u00bbSecci\u00f3n\u00bb fullwidth=\u00bboff\u00bb specialty=\u00bboff\u00bb][et_pb_row admin_label=\u00bbFila\u00bb][et_pb_column type=\u00bb1_4&#8243;][et_pb_text admin_label=\u00bbINTRODUCTION\u00bb background_layout=\u00bblight\u00bb text_orientation=\u00bbright\u00bb use_border_color=\u00bboff\u00bb border_color=\u00bb#ffffff\u00bb border_style=\u00bbsolid\u00bb]<\/p>\n<h2>INTRODUCCI\u00d3N<\/h2>\n<p>[\/et_pb_text][\/et_pb_column][et_pb_column type=\u00bb3_4&#8243;][et_pb_text admin_label=\u00bbIntroduction\u00bb background_layout=\u00bblight\u00bb text_orientation=\u00bbleft\u00bb use_border_color=\u00bboff\u00bb border_color=\u00bb#ffffff\u00bb border_style=\u00bbsolid\u00bb custom_margin=\u00bb||5%|\u00bb]<\/p>\n<p>El INSTITUTO DE CIENCIAS FOT\u00d3NICAS (en lo sucesivo, \u00abICFO\u00bb) con domicilio social en Av. Carl Friedrich Gauss, 3 \u2013 08860 Castelldefels (Barcelona) pretende <strong>garantizar y proteger la privacidad y la confidencialidad de los datos de car\u00e1cter personal<\/strong> de sus Usuarios\/as, de conformidad con la legislaci\u00f3n vigente (Ley 15\/1999 de Protecci\u00f3n de Datos de Car\u00e1cter Personal) y su normativa de desarrollo.<\/p>\n<p>Para contribuir a la consecuci\u00f3n de este objetivo el ICFO ha redactado la presente Pol\u00edtica de Privacidad, a cuyo fin se le informa expresamente sobre la recogida y el tratamiento que el ICFO realiza de sus datos de car\u00e1cter personal as\u00ed como de informaci\u00f3n general de tendencias del navegante.<\/p>\n<p>El tratamiento de cualquier dato de car\u00e1cter personal de los\/las usuarios\/as recabado por o facilitado a ICFO se realizar\u00e1 de conformidad con lo establecido en la presente Pol\u00edtica de Privacidad, comprometi\u00e9ndose ICFO al cumplimiento del deber de secreto de datos de car\u00e1cter personal as\u00ed como a la adopci\u00f3n de las medidas de seguridad necesarias para salvaguardar la confidencialidad, integridad y disponibilidad de dichos datos dentro del estado de la tecnolog\u00eda en cada momento.<\/p>\n<p>El ICFO certifica asimismo que sus ficheros han sido oportunamente inscritos en el Registro General de la Ag\u00e8ncia Catalana de Protecci\u00f3 de Dades y que se rige por la normativa en materia de protecci\u00f3n de datos vigente en el Estado Espa\u00f1ol, a la que quedan sometidas las personas, de cualquier nacionalidad que accedan a la p\u00e1gina web del ICFO.<\/p>\n<p>[\/et_pb_text][\/et_pb_column][\/et_pb_row][et_pb_row admin_label=\u00bbFila\u00bb][et_pb_column type=\u00bb1_4&#8243;][et_pb_text admin_label=\u00bbCOLLECTION OF PERSONAL DATA\u00bb background_layout=\u00bblight\u00bb text_orientation=\u00bbright\u00bb use_border_color=\u00bboff\u00bb border_color=\u00bb#ffffff\u00bb border_style=\u00bbsolid\u00bb]<\/p>\n<h2>RECOGIDA DE DATOS PERSONALES<\/h2>\n<p>[\/et_pb_text][\/et_pb_column][et_pb_column type=\u00bb3_4&#8243;][et_pb_text admin_label=\u00bbCollection personal data\u00bb background_layout=\u00bblight\u00bb text_orientation=\u00bbleft\u00bb use_border_color=\u00bboff\u00bb border_color=\u00bb#ffffff\u00bb border_style=\u00bbsolid\u00bb custom_margin=\u00bb||5%|\u00bb]<\/p>\n<p>El ICFO recoge informaci\u00f3n de car\u00e1cter personal cuando usted,<\/p>\n<ol>\n<li class=\"first\">Contacta con nosotros\/as a trav\u00e9s de la navegaci\u00f3n web al enviar cualquier tipo de comunicaci\u00f3n\/consultas mediante la pesta\u00f1a de \u201cContacto\u201d facilitada para tal fin; a trav\u00e9s del formulario de acceso a ofertas de empleo, becas y otras posiciones abiertas en el ICFO as\u00ed como a trav\u00e9s de cualquier otro formulario disponible en la p\u00e1gina web del ICFO.<\/li>\n<li>Contacta telef\u00f3nicamente, por carta, por fax o por correo electr\u00f3nico con cualquiera de los departamentos y\/o profesionales cuyos detalles de contacto aparecen en la presente p\u00e1gina Web. Este tratamiento no es de aplicaci\u00f3n cuando a trav\u00e9s de esta p\u00e1gina Web el usuario se direcciona y accede a otras p\u00e1ginas Web diferentes por medio de links o banners que figuren en la misma a modo informativo o con fines de comunicaci\u00f3n. Si usted como usuario\/a decide acceder a alguna de estas p\u00e1ginas Web y facilita datos de car\u00e1cter personal a las mismas, no estar\u00e1 facilit\u00e1ndolos al ICFO sino al responsable de la misma.<\/li>\n<li>Sea participe de consultas y\/o comunicaciones del ICFO, a trav\u00e9s de cualesquiera medios de comunicaci\u00f3n y\/o telem\u00e1ticos, incluidos programas gestores de campa\u00f1as que permiten conocer y\/o averiguar la reacci\u00f3n y\/o actividad del usuario\/a en relaci\u00f3n a comunicaciones electr\u00f3nicas remitidas.<\/li>\n<li class=\"last\">Cuando Ud. solicita acceso a las dependencias de ICFO sin que ello conlleve un tratamiento de los mismos con posterioridad pues los datos de car\u00e1cter personal recabados son meramente solicitados a efectos de control de seguridad del edificio.<\/li>\n<\/ol>\n<p>[\/et_pb_text][\/et_pb_column][\/et_pb_row][et_pb_row admin_label=\u00bbFila\u00bb][et_pb_column type=\u00bb1_4&#8243;][et_pb_text admin_label=\u00bbDATA PROCESSING PURPOSES\u00bb background_layout=\u00bblight\u00bb text_orientation=\u00bbright\u00bb use_border_color=\u00bboff\u00bb border_color=\u00bb#ffffff\u00bb border_style=\u00bbsolid\u00bb]<\/p>\n<h2>FINES PARA LOS CUALES SE TRATAN LOS DATOS<\/h2>\n<p>[\/et_pb_text][\/et_pb_column][et_pb_column type=\u00bb3_4&#8243;][et_pb_text admin_label=\u00bbDATA PROCESSING PURPOSES\u00bb background_layout=\u00bblight\u00bb text_orientation=\u00bbleft\u00bb use_border_color=\u00bboff\u00bb border_color=\u00bb#ffffff\u00bb border_style=\u00bbsolid\u00bb custom_margin=\u00bb||5%|\u00bb]<\/p>\n<p>Los datos que el ICFO le solicita, son los adecuados, pertinentes y necesarios para la finalidad con la que se recogen.<\/p>\n<p>El ICFO, siempre de conformidad con los t\u00e9rminos en los que el\/la usuario-a haya manifestado su consentimiento en la medida en que ello sea preceptivo y cumpliendo con la normativa de comunicaciones comerciales por v\u00eda electr\u00f3nica, puede utilizar la informaci\u00f3n facilitada por el\/la usuario\/a para los siguientes fines: cumplir con sus peticiones as\u00ed como responder a sus consultas, comunicaciones institucionales, mantenerle informado de los eventos, novedades, noticias y actividades desarrolladas por la instituci\u00f3n, gesti\u00f3n de env\u00edo de informaci\u00f3n y documentaci\u00f3n que entendamos de su inter\u00e9s, contribuir a la mejora de nuestros servicios mediante comunicaciones, encuestas o solicitudes dirigidas a los\/las usuarios\/as as\u00ed como contactar con usted cuando el cumplimiento de alguna de las finalidades referidas as\u00ed lo requiera.<\/p>\n<p>El\/la usuario\/a responder\u00e1 en cualquier caso de la veracidad y\/o titularidad de los datos facilitados y ser\u00e1 el\/la \u00fanico\/a responsable de cualquier da\u00f1o o perjuicio que ocasione al ICFO o a cualquier tercero, por el hecho de haber proporcionado datos falsos, inexactos, incompletos o subministrado datos de terceros.<\/p>\n<p>[\/et_pb_text][\/et_pb_column][\/et_pb_row][et_pb_row admin_label=\u00bbFila\u00bb][et_pb_column type=\u00bb1_4&#8243;][et_pb_text admin_label=\u00bbCONSENT TO DATA PROCESSING\u00bb background_layout=\u00bblight\u00bb text_orientation=\u00bbright\u00bb use_border_color=\u00bboff\u00bb border_color=\u00bb#ffffff\u00bb border_style=\u00bbsolid\u00bb]<\/p>\n<h2>CONSENTIMIENTO PARA TRATAR LOS DATOS<\/h2>\n<p>[\/et_pb_text][\/et_pb_column][et_pb_column type=\u00bb3_4&#8243;][et_pb_text admin_label=\u00bbconcent to data processing\u00bb background_layout=\u00bblight\u00bb text_orientation=\u00bbleft\u00bb use_border_color=\u00bboff\u00bb border_color=\u00bb#ffffff\u00bb border_style=\u00bbsolid\u00bb custom_margin=\u00bb||5%|\u00bb]<\/p>\n<p><strong>En el momento en el que usted, como usuario\/a de la p\u00e1gina Web de ICFO utiliza los servicios de la misma o gestionados por la misma, acepta plenamente las condiciones que se se\u00f1alan en esta pol\u00edtica que se pone a su disposici\u00f3n y conocimiento.<\/strong><\/p>\n<p>En este sentido, <strong>entendemos que constituy\u00e9ndose como usuario\/a de la p\u00e1gina Web de ICFO, usted ha le\u00eddo, entendido y aceptado las condiciones en su plena totalidad quedando al efecto vinculado\/a por las mismas.<\/strong><\/p>\n<p>Dicho lo anterior, se entiende que el\/la Usuario\/a consiente y autoriza expresamente e inequ\u00edvocamente, mediante el mero acceso a la p\u00e1gina web o la utilizaci\u00f3n de sus servicios, a que sus datos de car\u00e1cter personal facilitados as\u00ed como los que se generen en relaci\u00f3n con su participaci\u00f3n con el ICFO, sean incorporados a un fichero de datos titularidad y responsabilidad de ICFO y a ser tratados de conformidad con los fines establecidos en la presente Pol\u00edtica de Privacidad.<\/p>\n<p>El ICFO no trata datos de car\u00e1cter personal de menores de 14 a\u00f1os, por lo que le rogamos que, en caso de no haber cumplido dicha edad, se abstenga de facilitar sus datos a trav\u00e9s de los formularios interactivos y dem\u00e1s medios de contacto ofrecidos en esta p\u00e1gina Web. El ICFO podr\u00e1 realizar cualquier actuaci\u00f3n en orden a evitar dicho tratamiento, inclusive la eliminaci\u00f3n y borrado de cualquier tipo de informaci\u00f3n asociada a un menor de edad en caso de constatar tal circunstancia.<\/p>\n<p>[\/et_pb_text][\/et_pb_column][\/et_pb_row][et_pb_row admin_label=\u00bbFila\u00bb][et_pb_column type=\u00bb1_4&#8243;][et_pb_text admin_label=\u00bbBROWSING INFORMATION\u00bb background_layout=\u00bblight\u00bb text_orientation=\u00bbright\u00bb use_border_color=\u00bboff\u00bb border_color=\u00bb#ffffff\u00bb border_style=\u00bbsolid\u00bb]<\/p>\n<h2>INFORMACI\u00d3N SOBRE LA NAVEGACI\u00d3N<\/h2>\n<p>[\/et_pb_text][\/et_pb_column][et_pb_column type=\u00bb3_4&#8243;][et_pb_text admin_label=\u00bbBROWSING INFORMATION\u00bb background_layout=\u00bblight\u00bb text_orientation=\u00bbleft\u00bb use_border_color=\u00bboff\u00bb border_color=\u00bb#ffffff\u00bb border_style=\u00bbsolid\u00bb custom_margin=\u00bb||5%|\u00bb]<\/p>\n<p style=\"text-align: left;\"><strong>ICFO puede implementar sistemas y\/o dispositivos de consulta y trazabilidad en la navegaci\u00f3n con el objeto de disponer de informaci\u00f3n a efectos de conocer las tendencias generales de los\/las usuarios\/as as\u00ed como mejorar la navegaci\u00f3n (e.g. cookies).<\/strong> Entre la informaci\u00f3n que cabr\u00eda obtener de la navegaci\u00f3n se pueden incluir, el nombre de dominio del proveedor de servicios de Internet que facilita el acceso a la navegaci\u00f3n, a fin de conocer los pa\u00edses y servidores que visitan la web; las direcciones de Internet desde las que se acude a la web por medio de enlaces, al objeto de conocer las fuentes de acceso y conocimiento de la web; la fecha y horas de navegaci\u00f3n, a efectos de poder dar la mayor eficiencia en la navegaci\u00f3n seg\u00fan las horas puntas y valle de tr\u00e1fico. El n\u00famero de visitantes diarios de cada secci\u00f3n. Las herramientas utilizadas tienen como objeto realizar an\u00e1lisis estad\u00edsticos de los visitantes, por ello, los datos recabados no se utilizaran en ning\u00fan momento para identificar a los mismos.<\/p>\n<p>[\/et_pb_text][\/et_pb_column][\/et_pb_row][et_pb_row admin_label=\u00bbFila\u00bb][et_pb_column type=\u00bb1_4&#8243;][et_pb_text admin_label=\u00bbRIGHTS OF ACCESS, RECTIFICATION, CANCELLATION AND OPPOSITION\u00bb background_layout=\u00bblight\u00bb text_orientation=\u00bbright\u00bb use_border_color=\u00bboff\u00bb border_color=\u00bb#ffffff\u00bb border_style=\u00bbsolid\u00bb]<\/p>\n<h2>DERECHOS DE ACCESO, RECTIFICACI\u00d3N, CANCELACI\u00d3N U OPOSICI\u00d3N<\/h2>\n<p>[\/et_pb_text][\/et_pb_column][et_pb_column type=\u00bb3_4&#8243;][et_pb_text admin_label=\u00bbRIGHTS OF ACCESS, RECTIFICATION, CANCELLATION AND OPPOSITION\u00bb background_layout=\u00bblight\u00bb text_orientation=\u00bbleft\u00bb use_border_color=\u00bboff\u00bb border_color=\u00bb#ffffff\u00bb border_style=\u00bbsolid\u00bb custom_margin=\u00bb||5%|\u00bb]<\/p>\n<p style=\"text-align: left;\">En el caso de querer ejercitar cualquiera de los derechos de acceso, rectificaci\u00f3n, cancelaci\u00f3n u oposici\u00f3n recogidos en la Ley 15\/1999 de Protecci\u00f3n de Datos de Car\u00e1cter Personal y su normativa de desarrollo, puede dirigirse al ICFO por e-mail a secretariat@icfo.es o carta a ICFO-Institut de Ci\u00e8ncies Fot\u00f2niques- Av. Carl Friedrich Gauss, n\u00ba3 &#8211; 08860, Castelldefels (SPAIN), aportando copia de su DNI. En ning\u00fan caso se utilizar\u00e1n los datos que usted nos suministre a trav\u00e9s de este medio para cualquier prop\u00f3sito que no sea el requerido por usted.<\/p>\n<p>[\/et_pb_text][\/et_pb_column][\/et_pb_row][et_pb_row admin_label=\u00bbFila\u00bb][et_pb_column type=\u00bb1_4&#8243;][et_pb_text admin_label=\u00bbAMENDMENTS TO THIS PRIVACY POLICY\u00bb background_layout=\u00bblight\u00bb text_orientation=\u00bbright\u00bb use_border_color=\u00bboff\u00bb border_color=\u00bb#ffffff\u00bb border_style=\u00bbsolid\u00bb]<\/p>\n<h2>MODIFICACI\u00d3N DE ESTA POL\u00cdTICA DE PRIVACIDAD<\/h2>\n<p>[\/et_pb_text][\/et_pb_column][et_pb_column type=\u00bb3_4&#8243;][et_pb_text admin_label=\u00bbAMENDMENTS TO THIS PRIVACY POLICY\u00bb background_layout=\u00bblight\u00bb text_orientation=\u00bbleft\u00bb use_border_color=\u00bboff\u00bb border_color=\u00bb#ffffff\u00bb border_style=\u00bbsolid\u00bb custom_margin=\u00bb||5%|\u00bb]<\/p>\n<p style=\"text-align: left;\">Esta pol\u00edtica de privacidad ha sido aprobada por el ICFO. El ICFO se reserva el derecho en el futuro de modificar su pol\u00edtica de privacidad de acuerdo con su criterio o a ra\u00edz de cualquier cambio legislativo o jurisprudencial. En caso de cualquier modificaci\u00f3n, la nueva pol\u00edtica ser\u00e1 publicada en esta p\u00e1gina web rigi\u00e9ndose por tanto cada caso por la pol\u00edtica vigente en el momento en que se accedi\u00f3 al sitio web.<\/p>\n<p>[\/et_pb_text][\/et_pb_column][\/et_pb_row][\/et_pb_section]<\/p>\n","protected":false},"excerpt":{"rendered":"<p>INTRODUCCI\u00d3N El INSTITUTO DE CIENCIAS FOT\u00d3NICAS (en lo sucesivo, \u00abICFO\u00bb) con domicilio social en Av. Carl Friedrich Gauss, 3 \u2013 08860 Castelldefels (Barcelona) pretende garantizar y proteger la privacidad y la confidencialidad de los datos de car\u00e1cter personal de sus Usuarios\/as, de conformidad con la legislaci\u00f3n vigente (Ley 15\/1999 de Protecci\u00f3n de Datos de Car\u00e1cter [&hellip;]<\/p>\n","protected":false},"author":1,"featured_media":0,"parent":0,"menu_order":0,"comment_status":"closed","ping_status":"closed","template":"","meta":{"_et_pb_use_builder":"on","_et_pb_old_content":"","_et_gb_content_width":""},"acf":[],"yoast_head":"<!-- This site is optimized with the Yoast SEO plugin v20.4 - https:\/\/yoast.com\/wordpress\/plugins\/seo\/ -->\n<title>Privacidad \/ Aviso Legal - Outreach<\/title>\n<meta name=\"robots\" content=\"index, follow, max-snippet:-1, max-image-preview:large, max-video-preview:-1\" \/>\n<link rel=\"canonical\" href=\"https:\/\/outreach-wp.ixole.es\/es\/privacidad-aviso-legal\/\" \/>\n<meta property=\"og:locale\" content=\"es_ES\" \/>\n<meta property=\"og:type\" content=\"article\" \/>\n<meta property=\"og:title\" content=\"Privacidad \/ Aviso Legal - Outreach\" \/>\n<meta property=\"og:description\" content=\"INTRODUCCI\u00d3N El INSTITUTO DE CIENCIAS FOT\u00d3NICAS (en lo sucesivo, &quot;ICFO&quot;) con domicilio social en Av. Carl Friedrich Gauss, 3 \u2013 08860 Castelldefels (Barcelona) pretende garantizar y proteger la privacidad y la confidencialidad de los datos de car\u00e1cter personal de sus Usuarios\/as, de conformidad con la legislaci\u00f3n vigente (Ley 15\/1999 de Protecci\u00f3n de Datos de Car\u00e1cter [&hellip;]\" \/>\n<meta property=\"og:url\" content=\"https:\/\/outreach-wp.ixole.es\/es\/privacidad-aviso-legal\/\" \/>\n<meta property=\"og:site_name\" content=\"Outreach\" \/>\n<meta property=\"article:modified_time\" content=\"2017-08-01T11:01:50+00:00\" \/>\n<meta name=\"twitter:card\" content=\"summary_large_image\" \/>\n<meta name=\"twitter:label1\" content=\"Tiempo de lectura\" \/>\n\t<meta name=\"twitter:data1\" content=\"11 minutos\" \/>\n<script type=\"application\/ld+json\" class=\"yoast-schema-graph\">{\"@context\":\"https:\/\/schema.org\",\"@graph\":[{\"@type\":\"WebPage\",\"@id\":\"https:\/\/outreach-wp.ixole.es\/es\/privacidad-aviso-legal\/\",\"url\":\"https:\/\/outreach-wp.ixole.es\/es\/privacidad-aviso-legal\/\",\"name\":\"Privacidad \/ Aviso Legal - Outreach\",\"isPartOf\":{\"@id\":\"https:\/\/outreach-wp.ixole.es\/#website\"},\"datePublished\":\"2015-11-17T11:39:50+00:00\",\"dateModified\":\"2017-08-01T11:01:50+00:00\",\"breadcrumb\":{\"@id\":\"https:\/\/outreach-wp.ixole.es\/es\/privacidad-aviso-legal\/#breadcrumb\"},\"inLanguage\":\"es\",\"potentialAction\":[{\"@type\":\"ReadAction\",\"target\":[\"https:\/\/outreach-wp.ixole.es\/es\/privacidad-aviso-legal\/\"]}]},{\"@type\":\"BreadcrumbList\",\"@id\":\"https:\/\/outreach-wp.ixole.es\/es\/privacidad-aviso-legal\/#breadcrumb\",\"itemListElement\":[{\"@type\":\"ListItem\",\"position\":1,\"name\":\"Portada\",\"item\":\"https:\/\/outreach-wp.ixole.es\/\"},{\"@type\":\"ListItem\",\"position\":2,\"name\":\"Privacidad \/ Aviso Legal\"}]},{\"@type\":\"WebSite\",\"@id\":\"https:\/\/outreach-wp.ixole.es\/#website\",\"url\":\"https:\/\/outreach-wp.ixole.es\/\",\"name\":\"Outreach\",\"description\":\"ICFO&#039;s Outreach\",\"potentialAction\":[{\"@type\":\"SearchAction\",\"target\":{\"@type\":\"EntryPoint\",\"urlTemplate\":\"https:\/\/outreach-wp.ixole.es\/?s={search_term_string}\"},\"query-input\":\"required name=search_term_string\"}],\"inLanguage\":\"es\"}]}<\/script>\n<!-- \/ Yoast SEO plugin. -->","yoast_head_json":{"title":"Privacidad \/ Aviso Legal - Outreach","robots":{"index":"index","follow":"follow","max-snippet":"max-snippet:-1","max-image-preview":"max-image-preview:large","max-video-preview":"max-video-preview:-1"},"canonical":"https:\/\/outreach-wp.ixole.es\/es\/privacidad-aviso-legal\/","og_locale":"es_ES","og_type":"article","og_title":"Privacidad \/ Aviso Legal - Outreach","og_description":"INTRODUCCI\u00d3N El INSTITUTO DE CIENCIAS FOT\u00d3NICAS (en lo sucesivo, \"ICFO\") con domicilio social en Av. Carl Friedrich Gauss, 3 \u2013 08860 Castelldefels (Barcelona) pretende garantizar y proteger la privacidad y la confidencialidad de los datos de car\u00e1cter personal de sus Usuarios\/as, de conformidad con la legislaci\u00f3n vigente (Ley 15\/1999 de Protecci\u00f3n de Datos de Car\u00e1cter [&hellip;]","og_url":"https:\/\/outreach-wp.ixole.es\/es\/privacidad-aviso-legal\/","og_site_name":"Outreach","article_modified_time":"2017-08-01T11:01:50+00:00","twitter_card":"summary_large_image","twitter_misc":{"Tiempo de lectura":"11 minutos"},"schema":{"@context":"https:\/\/schema.org","@graph":[{"@type":"WebPage","@id":"https:\/\/outreach-wp.ixole.es\/es\/privacidad-aviso-legal\/","url":"https:\/\/outreach-wp.ixole.es\/es\/privacidad-aviso-legal\/","name":"Privacidad \/ Aviso Legal - Outreach","isPartOf":{"@id":"https:\/\/outreach-wp.ixole.es\/#website"},"datePublished":"2015-11-17T11:39:50+00:00","dateModified":"2017-08-01T11:01:50+00:00","breadcrumb":{"@id":"https:\/\/outreach-wp.ixole.es\/es\/privacidad-aviso-legal\/#breadcrumb"},"inLanguage":"es","potentialAction":[{"@type":"ReadAction","target":["https:\/\/outreach-wp.ixole.es\/es\/privacidad-aviso-legal\/"]}]},{"@type":"BreadcrumbList","@id":"https:\/\/outreach-wp.ixole.es\/es\/privacidad-aviso-legal\/#breadcrumb","itemListElement":[{"@type":"ListItem","position":1,"name":"Portada","item":"https:\/\/outreach-wp.ixole.es\/"},{"@type":"ListItem","position":2,"name":"Privacidad \/ Aviso Legal"}]},{"@type":"WebSite","@id":"https:\/\/outreach-wp.ixole.es\/#website","url":"https:\/\/outreach-wp.ixole.es\/","name":"Outreach","description":"ICFO&#039;s Outreach","potentialAction":[{"@type":"SearchAction","target":{"@type":"EntryPoint","urlTemplate":"https:\/\/outreach-wp.ixole.es\/?s={search_term_string}"},"query-input":"required name=search_term_string"}],"inLanguage":"es"}]}},"_links":{"self":[{"href":"https:\/\/outreach-wp.ixole.es\/es\/wp-json\/wp\/v2\/pages\/1386"}],"collection":[{"href":"https:\/\/outreach-wp.ixole.es\/es\/wp-json\/wp\/v2\/pages"}],"about":[{"href":"https:\/\/outreach-wp.ixole.es\/es\/wp-json\/wp\/v2\/types\/page"}],"author":[{"embeddable":true,"href":"https:\/\/outreach-wp.ixole.es\/es\/wp-json\/wp\/v2\/users\/1"}],"replies":[{"embeddable":true,"href":"https:\/\/outreach-wp.ixole.es\/es\/wp-json\/wp\/v2\/comments?post=1386"}],"version-history":[{"count":3,"href":"https:\/\/outreach-wp.ixole.es\/es\/wp-json\/wp\/v2\/pages\/1386\/revisions"}],"predecessor-version":[{"id":1391,"href":"https:\/\/outreach-wp.ixole.es\/es\/wp-json\/wp\/v2\/pages\/1386\/revisions\/1391"}],"wp:attachment":[{"href":"https:\/\/outreach-wp.ixole.es\/es\/wp-json\/wp\/v2\/media?parent=1386"}],"curies":[{"name":"wp","href":"https:\/\/api.w.org\/{rel}","templated":true}]}}