{"id":1393,"date":"2017-05-15T14:04:08","date_gmt":"2017-05-15T12:04:08","guid":{"rendered":"https:\/\/outreach-wp.ixole.es\/contact\/"},"modified":"2017-11-06T12:38:42","modified_gmt":"2017-11-06T11:38:42","slug":"contacto","status":"publish","type":"page","link":"https:\/\/outreach-wp.ixole.es\/es\/contacto\/","title":{"rendered":"Contacto"},"content":{"rendered":"<p>[et_pb_section bb_built=\u00bb1&#8243; admin_label=\u00bbSecci\u00f3n\u00bb fullwidth=\u00bboff\u00bb specialty=\u00bboff\u00bb transparent_background=\u00bboff\u00bb allow_player_pause=\u00bboff\u00bb inner_shadow=\u00bboff\u00bb parallax=\u00bboff\u00bb parallax_method=\u00bbon\u00bb custom_padding=\u00bb||0px|\u00bb make_fullwidth=\u00bboff\u00bb use_custom_width=\u00bboff\u00bb width_unit=\u00bbon\u00bb make_equal=\u00bboff\u00bb use_custom_gutter=\u00bboff\u00bb background_color=\u00bb#e1e1e1&#8243; disabled_on=\u00bbon|on|off\u00bb disabled=\u00bboff\u00bb module_class=\u00bbmutating-cols-2_5-2_5-1_5&#8243;][et_pb_row admin_label=\u00bbFila\u00bb make_fullwidth=\u00bbon\u00bb use_custom_width=\u00bboff\u00bb width_unit=\u00bbon\u00bb use_custom_gutter=\u00bbon\u00bb custom_padding=\u00bb0px||0px|\u00bb allow_player_pause=\u00bboff\u00bb parallax=\u00bboff\u00bb parallax_method=\u00bbon\u00bb make_equal=\u00bbon\u00bb parallax_1=\u00bboff\u00bb parallax_method_1=\u00bboff\u00bb background_color_1=\u00bb#d7ac2f\u00bb parallax_2=\u00bboff\u00bb parallax_method_2=\u00bboff\u00bb parallax_3=\u00bboff\u00bb parallax_method_3=\u00bboff\u00bb parallax_4=\u00bboff\u00bb parallax_method_4=\u00bboff\u00bb gutter_width=\u00bb1&#8243; padding_top_1=\u00bb45px\u00bb padding_right_1=\u00bb45px\u00bb padding_bottom_1=\u00bb35px\u00bb padding_left_1=\u00bb45px\u00bb padding_top_3=\u00bb45px\u00bb padding_right_3=\u00bb45px\u00bb padding_bottom_3=\u00bb35px\u00bb padding_left_3=\u00bb45px\u00bb padding_top_4=\u00bb45px\u00bb padding_right_4=\u00bb45px\u00bb padding_bottom_4=\u00bb35px\u00bb padding_left_4=\u00bb45px\u00bb background_color_2=\u00bb#ffffff\u00bb background_color_3=\u00bb#d1d1cb\u00bb background_color_4=\u00bb#ffffff\u00bb custom_padding_last_edited=\u00bbon|phone\u00bb bg_img_2=\u00bbhttps:\/\/outreach-wp.ixole.es\/wp-content\/uploads\/2015\/11\/20091124-Edifici-1-3.jpg\u00bb][et_pb_column type=\u00bb2_5&#8243;][et_pb_text admin_label=\u00bbTexto\u00bb background_layout=\u00bblight\u00bb text_orientation=\u00bbleft\u00bb use_border_color=\u00bboff\u00bb border_color=\u00bb#ffffff\u00bb border_style=\u00bbsolid\u00bb custom_padding=\u00bb||50px|\u00bb]<\/p>\n<h1>CONTACTO<\/h1>\n<h1><span style=\"color: #ffffff;\">d\u00f3nde encontrarnos<\/span><\/h1>\n<p>[\/et_pb_text][\/et_pb_column][et_pb_column type=\u00bb2_5&#8243;][et_pb_divider admin_label=\u00bbSeparador\u00bb color=\u00bb#ffffff\u00bb show_divider=\u00bboff\u00bb height=\u00bb300px\u00bb divider_style=\u00bbsolid\u00bb divider_position=\u00bbtop\u00bb hide_on_mobile=\u00bbon\u00bb \/][\/et_pb_column][et_pb_column type=\u00bb1_5&#8243;][et_pb_text admin_label=\u00bbTexto\u00bb background_layout=\u00bblight\u00bb text_orientation=\u00bbleft\u00bb use_border_color=\u00bboff\u00bb border_color=\u00bb#ffffff\u00bb border_style=\u00bbsolid\u00bb disabled_on=\u00bbon|on|on\u00bb disabled=\u00bbon\u00bb]<\/p>\n<h2>PLAN YOUR VISIT<\/h2>\n<p>[\/et_pb_text][et_pb_text admin_label=\u00bbTexto\u00bb background_layout=\u00bblight\u00bb text_orientation=\u00bbleft\u00bb use_border_color=\u00bboff\u00bb border_color=\u00bb#ffffff\u00bb border_style=\u00bbsolid\u00bb custom_margin=\u00bb35px||35px|\u00bb disabled_on=\u00bbon|on|on\u00bb disabled=\u00bbon\u00bb]<\/p>\n<p>For teachers who would like to bring a group of max. 40 students (recommended for students starting in 3rd of ESO, 14 years and older)<\/p>\n<p>[\/et_pb_text][et_pb_button admin_label=\u00bbBot\u00f3n\u00bb button_url=\u00bb#\u00bb url_new_window=\u00bboff\u00bb button_text=\u00bbVisit with the class group\u00bb button_alignment=\u00bbleft\u00bb background_layout=\u00bblight\u00bb custom_button=\u00bboff\u00bb button_letter_spacing=\u00bb0&#8243; button_use_icon=\u00bbdefault\u00bb button_icon_placement=\u00bbright\u00bb button_on_hover=\u00bbon\u00bb button_letter_spacing_hover=\u00bb0&#8243; custom_css_main_element=\u00bbmargin-top: 15px;\u00bb button_border_radius=\u00bb0&#8243; button_border_radius_hover=\u00bb0&#8243; module_id=\u00bbbotons\u00bb module_class=\u00bbbotons\u00bb disabled_on=\u00bbon|on|on\u00bb disabled=\u00bbon\u00bb \/][\/et_pb_column][\/et_pb_row][\/et_pb_section][et_pb_section bb_built=\u00bb1&#8243; admin_label=\u00bbHead &#8211; Responsive\u00bb fullwidth=\u00bboff\u00bb specialty=\u00bboff\u00bb transparent_background=\u00bboff\u00bb allow_player_pause=\u00bboff\u00bb inner_shadow=\u00bboff\u00bb parallax=\u00bboff\u00bb parallax_method=\u00bbon\u00bb custom_padding=\u00bb||0px|\u00bb make_fullwidth=\u00bboff\u00bb use_custom_width=\u00bboff\u00bb width_unit=\u00bbon\u00bb make_equal=\u00bboff\u00bb use_custom_gutter=\u00bboff\u00bb background_color=\u00bb#e1e1e1&#8243; disabled_on=\u00bboff|off|on\u00bb disabled=\u00bboff\u00bb module_class=\u00bbmutating-cols\u00bb collapsed=\u00bbon\u00bb][et_pb_row admin_label=\u00bbFila\u00bb make_fullwidth=\u00bbon\u00bb use_custom_width=\u00bboff\u00bb width_unit=\u00bbon\u00bb use_custom_gutter=\u00bbon\u00bb custom_padding=\u00bb0px||0px|\u00bb allow_player_pause=\u00bboff\u00bb parallax=\u00bboff\u00bb parallax_method=\u00bbon\u00bb make_equal=\u00bbon\u00bb parallax_1=\u00bboff\u00bb parallax_method_1=\u00bboff\u00bb background_color_1=\u00bb#d7ac2f\u00bb parallax_2=\u00bboff\u00bb parallax_method_2=\u00bboff\u00bb parallax_3=\u00bboff\u00bb parallax_method_3=\u00bboff\u00bb parallax_4=\u00bboff\u00bb parallax_method_4=\u00bboff\u00bb gutter_width=\u00bb1&#8243; padding_top_1=\u00bb45px\u00bb padding_right_1=\u00bb45px\u00bb padding_bottom_1=\u00bb35px\u00bb padding_left_1=\u00bb45px\u00bb padding_top_2=\u00bb45px\u00bb padding_right_2=\u00bb45px\u00bb padding_bottom_2=\u00bb35px\u00bb padding_left_2=\u00bb45px\u00bb padding_top_3=\u00bb45px\u00bb padding_right_3=\u00bb45px\u00bb padding_bottom_3=\u00bb35px\u00bb padding_left_3=\u00bb45px\u00bb padding_top_4=\u00bb45px\u00bb padding_right_4=\u00bb45px\u00bb padding_bottom_4=\u00bb35px\u00bb padding_left_4=\u00bb45px\u00bb background_color_2=\u00bb#ffffff\u00bb background_color_3=\u00bb#ffffff\u00bb background_color_4=\u00bb#ffffff\u00bb custom_padding_last_edited=\u00bbon|phone\u00bb][et_pb_column type=\u00bb4_4&#8243;][et_pb_text admin_label=\u00bbTexto\u00bb background_layout=\u00bblight\u00bb text_orientation=\u00bbleft\u00bb use_border_color=\u00bboff\u00bb border_color=\u00bb#ffffff\u00bb border_style=\u00bbsolid\u00bb]<\/p>\n<h1>CONTACTO<\/h1>\n<h1><span style=\"color: #ffffff;\">d\u00f3nde encontrarnos<\/span><\/h1>\n<p>[\/et_pb_text][\/et_pb_column][\/et_pb_row][et_pb_row admin_label=\u00bbFila\u00bb make_fullwidth=\u00bbon\u00bb use_custom_width=\u00bboff\u00bb width_unit=\u00bbon\u00bb use_custom_gutter=\u00bbon\u00bb custom_padding=\u00bb0px||0px|\u00bb allow_player_pause=\u00bboff\u00bb parallax=\u00bboff\u00bb parallax_method=\u00bbon\u00bb make_equal=\u00bbon\u00bb parallax_1=\u00bboff\u00bb parallax_method_1=\u00bboff\u00bb parallax_2=\u00bboff\u00bb parallax_method_2=\u00bboff\u00bb parallax_3=\u00bboff\u00bb parallax_method_3=\u00bboff\u00bb parallax_4=\u00bboff\u00bb parallax_method_4=\u00bboff\u00bb gutter_width=\u00bb1&#8243; padding_top_2=\u00bb45px\u00bb padding_bottom_2=\u00bb45px\u00bb padding_top_3=\u00bb45px\u00bb padding_right_3=\u00bb45px\u00bb padding_bottom_3=\u00bb45px\u00bb padding_top_4=\u00bb45px\u00bb padding_right_4=\u00bb45px\u00bb padding_bottom_4=\u00bb35px\u00bb padding_left_4=\u00bb45px\u00bb background_color_2=\u00bb#d1d1cb\u00bb background_color_3=\u00bb#d1d1cb\u00bb background_color_4=\u00bb#ffffff\u00bb custom_padding_last_edited=\u00bbon|phone\u00bb background_color=\u00bb#ffffff\u00bb background_color_1=\u00bb#ffffff\u00bb bg_img_1=\u00bbhttps:\/\/outreach-wp.ixole.es\/wp-content\/uploads\/2015\/11\/20091124-Edifici-1-3.jpg\u00bb padding_right_2=\u00bb45px\u00bb padding_left_2=\u00bb45px\u00bb padding_2_last_edited=\u00bbon|\u00bb][et_pb_column type=\u00bb1_4&#8243;][et_pb_divider admin_label=\u00bbSeparador\u00bb color=\u00bb#ffffff\u00bb show_divider=\u00bboff\u00bb height=\u00bb200&#8243; divider_style=\u00bbsolid\u00bb divider_position=\u00bbtop\u00bb hide_on_mobile=\u00bbon\u00bb \/][\/et_pb_column][et_pb_column type=\u00bb1_4&#8243;][\/et_pb_column][et_pb_column type=\u00bb1_4&#8243;][\/et_pb_column][et_pb_column type=\u00bb1_4&#8243;][\/et_pb_column][\/et_pb_row][\/et_pb_section][et_pb_section bb_built=\u00bb1&#8243; admin_label=\u00bbsection\u00bb transparent_background=\u00bbon\u00bb allow_player_pause=\u00bboff\u00bb inner_shadow=\u00bboff\u00bb parallax=\u00bboff\u00bb parallax_method=\u00bbon\u00bb custom_padding=\u00bb0px||0px|\u00bb make_fullwidth=\u00bboff\u00bb use_custom_width=\u00bboff\u00bb width_unit=\u00bbon\u00bb make_equal=\u00bboff\u00bb use_custom_gutter=\u00bboff\u00bb][et_pb_row admin_label=\u00bbrow\u00bb make_fullwidth=\u00bbon\u00bb use_custom_width=\u00bboff\u00bb width_unit=\u00bbon\u00bb use_custom_gutter=\u00bbon\u00bb gutter_width=\u00bb1&#8243; custom_padding=\u00bb0px||0px|\u00bb allow_player_pause=\u00bboff\u00bb parallax=\u00bboff\u00bb parallax_method=\u00bbon\u00bb make_equal=\u00bbon\u00bb parallax_1=\u00bboff\u00bb parallax_method_1=\u00bboff\u00bb parallax_2=\u00bboff\u00bb parallax_method_2=\u00bboff\u00bb background_color_1=\u00bb#ffffff\u00bb padding_top_1=\u00bb45px\u00bb padding_right_1=\u00bb45px\u00bb padding_bottom_1=\u00bb45px\u00bb padding_left_1=\u00bb45px\u00bb padding_top_2=\u00bb45px\u00bb padding_right_2=\u00bb45px\u00bb padding_bottom_2=\u00bb45px\u00bb padding_left_2=\u00bb45px\u00bb][et_pb_column type=\u00bb1_3&#8243;][et_pb_text admin_label=\u00bbTexto\u00bb background_layout=\u00bblight\u00bb text_orientation=\u00bbleft\u00bb use_border_color=\u00bboff\u00bb border_color=\u00bb#ffffff\u00bb border_style=\u00bbsolid\u00bb]<\/p>\n<h2>ICFO \u2013 Institut de Ci\u00e8ncies Fot\u00f2niques<\/h2>\n<p>[\/et_pb_text][et_pb_text admin_label=\u00bbTexto\u00bb background_layout=\u00bblight\u00bb text_orientation=\u00bbleft\u00bb use_border_color=\u00bboff\u00bb border_color=\u00bb#ffffff\u00bb border_style=\u00bbsolid\u00bb custom_margin=\u00bb35px|||\u00bb]<\/p>\n<p>Parque Mediterr\u00e1neo de la Tecnolog\u00eda<br \/>\nAv. Carl Friedrich Gauss, n\u00fam. 3<br \/>\n08860 Castelldefels (Barcelona), Espa\u00f1a<\/p>\n<p>&nbsp;<\/p>\n<div class=\"phone\">\n<p><span style=\"color: #3b4249;\"><span id=\"et-info-phone\"> 93 553 40 02<br \/>\n<\/span><span id=\"et-info-email\"><a style=\"color: #3b4249;\" href=\"mailto:[outreach@icfo.eu]\">outreach@icfo.eu<\/a><\/span><\/span><\/p>\n<\/div>\n<p>[\/et_pb_text][\/et_pb_column][et_pb_column type=\u00bb2_3&#8243;][et_pb_map admin_label=\u00bbMapa\u00bb address=\u00bbMediterranean Technology Park, Av. Carl Friedrich Gauss, 3, 08860 Castelldefels (Barcelona), Barcelona, Espa\u00f1a\u00bb address_lat=\u00bb41.275597&#8243; address_lng=\u00bb1.989565999999968&#8243; mouse_wheel=\u00bboff\u00bb mobile_dragging=\u00bbon\u00bb use_grayscale_filter=\u00bboff\u00bb grayscale_filter_amount=\u00bb0&#8243; custom_css_main_element=\u00bb filter: url(%22data:image\/svg+xml;utf8,#grayscale%22); || filter: sepia(60%);|| -moz-filter: grayscale(80%) hue-rotate(20deg);|| -ms-filter: grayscale(80%) hue-rotate(20deg);|| -o-filter: grayscale(50%) hue-rotate(20deg);|| filter: grayscale; \/* IE6-9 *\/|| -webkit-filter: grayscale(80%) hue-rotate(20deg);\u00bb] [et_pb_map_pin title=\u00bbICFO \u2013 The Institute of Photonic Sciences\u00bb pin_address=\u00bbMediterranean Technology Park, Av. Carl Friedrich Gauss, 3, 08860 Castelldefels (Barcelona), Barcelona, Espa\u00f1a\u00bb pin_address_lat=\u00bb41.275597&#8243; pin_address_lng=\u00bb1.989565999999968&#8243; \/] [\/et_pb_map][\/et_pb_column][\/et_pb_row][\/et_pb_section]<\/p>\n","protected":false},"excerpt":{"rendered":"<p>CONTACTO d\u00f3nde encontrarnos PLAN YOUR VISIT For teachers who would like to bring a group of max. 40 students (recommended for students starting in 3rd of ESO, 14 years and older) CONTACTO d\u00f3nde encontrarnos ICFO \u2013 Institut de Ci\u00e8ncies Fot\u00f2niques Parque Mediterr\u00e1neo de la Tecnolog\u00eda Av. Carl Friedrich Gauss, n\u00fam. 3 08860 Castelldefels (Barcelona), Espa\u00f1a [&hellip;]<\/p>\n","protected":false},"author":1,"featured_media":0,"parent":0,"menu_order":0,"comment_status":"closed","ping_status":"closed","template":"","meta":{"_et_pb_use_builder":"on","_et_pb_old_content":"","_et_gb_content_width":""},"acf":[],"yoast_head":"<!-- This site is optimized with the Yoast SEO plugin v20.4 - https:\/\/yoast.com\/wordpress\/plugins\/seo\/ -->\n<title>Contacto - Outreach<\/title>\n<meta name=\"robots\" content=\"index, follow, max-snippet:-1, max-image-preview:large, max-video-preview:-1\" \/>\n<link rel=\"canonical\" href=\"https:\/\/outreach-wp.ixole.es\/es\/contacto\/\" \/>\n<meta property=\"og:locale\" content=\"es_ES\" \/>\n<meta property=\"og:type\" content=\"article\" \/>\n<meta property=\"og:title\" content=\"Contacto - Outreach\" \/>\n<meta property=\"og:description\" content=\"CONTACTO d\u00f3nde encontrarnos PLAN YOUR VISIT For teachers who would like to bring a group of max. 40 students (recommended for students starting in 3rd of ESO, 14 years and older) CONTACTO d\u00f3nde encontrarnos ICFO \u2013 Institut de Ci\u00e8ncies Fot\u00f2niques Parque Mediterr\u00e1neo de la Tecnolog\u00eda Av. Carl Friedrich Gauss, n\u00fam. 3 08860 Castelldefels (Barcelona), Espa\u00f1a [&hellip;]\" \/>\n<meta property=\"og:url\" content=\"https:\/\/outreach-wp.ixole.es\/es\/contacto\/\" \/>\n<meta property=\"og:site_name\" content=\"Outreach\" \/>\n<meta property=\"article:modified_time\" content=\"2017-11-06T11:38:42+00:00\" \/>\n<meta name=\"twitter:card\" content=\"summary_large_image\" \/>\n<meta name=\"twitter:label1\" content=\"Tiempo de lectura\" \/>\n\t<meta name=\"twitter:data1\" content=\"6 minutos\" \/>\n<script type=\"application\/ld+json\" class=\"yoast-schema-graph\">{\"@context\":\"https:\/\/schema.org\",\"@graph\":[{\"@type\":\"WebPage\",\"@id\":\"https:\/\/outreach-wp.ixole.es\/es\/contacto\/\",\"url\":\"https:\/\/outreach-wp.ixole.es\/es\/contacto\/\",\"name\":\"Contacto - Outreach\",\"isPartOf\":{\"@id\":\"https:\/\/outreach-wp.ixole.es\/#website\"},\"datePublished\":\"2017-05-15T12:04:08+00:00\",\"dateModified\":\"2017-11-06T11:38:42+00:00\",\"breadcrumb\":{\"@id\":\"https:\/\/outreach-wp.ixole.es\/es\/contacto\/#breadcrumb\"},\"inLanguage\":\"es\",\"potentialAction\":[{\"@type\":\"ReadAction\",\"target\":[\"https:\/\/outreach-wp.ixole.es\/es\/contacto\/\"]}]},{\"@type\":\"BreadcrumbList\",\"@id\":\"https:\/\/outreach-wp.ixole.es\/es\/contacto\/#breadcrumb\",\"itemListElement\":[{\"@type\":\"ListItem\",\"position\":1,\"name\":\"Portada\",\"item\":\"https:\/\/outreach-wp.ixole.es\/\"},{\"@type\":\"ListItem\",\"position\":2,\"name\":\"Contacto\"}]},{\"@type\":\"WebSite\",\"@id\":\"https:\/\/outreach-wp.ixole.es\/#website\",\"url\":\"https:\/\/outreach-wp.ixole.es\/\",\"name\":\"Outreach\",\"description\":\"ICFO&#039;s Outreach\",\"potentialAction\":[{\"@type\":\"SearchAction\",\"target\":{\"@type\":\"EntryPoint\",\"urlTemplate\":\"https:\/\/outreach-wp.ixole.es\/?s={search_term_string}\"},\"query-input\":\"required name=search_term_string\"}],\"inLanguage\":\"es\"}]}<\/script>\n<!-- \/ Yoast SEO plugin. -->","yoast_head_json":{"title":"Contacto - Outreach","robots":{"index":"index","follow":"follow","max-snippet":"max-snippet:-1","max-image-preview":"max-image-preview:large","max-video-preview":"max-video-preview:-1"},"canonical":"https:\/\/outreach-wp.ixole.es\/es\/contacto\/","og_locale":"es_ES","og_type":"article","og_title":"Contacto - Outreach","og_description":"CONTACTO d\u00f3nde encontrarnos PLAN YOUR VISIT For teachers who would like to bring a group of max. 40 students (recommended for students starting in 3rd of ESO, 14 years and older) CONTACTO d\u00f3nde encontrarnos ICFO \u2013 Institut de Ci\u00e8ncies Fot\u00f2niques Parque Mediterr\u00e1neo de la Tecnolog\u00eda Av. Carl Friedrich Gauss, n\u00fam. 3 08860 Castelldefels (Barcelona), Espa\u00f1a [&hellip;]","og_url":"https:\/\/outreach-wp.ixole.es\/es\/contacto\/","og_site_name":"Outreach","article_modified_time":"2017-11-06T11:38:42+00:00","twitter_card":"summary_large_image","twitter_misc":{"Tiempo de lectura":"6 minutos"},"schema":{"@context":"https:\/\/schema.org","@graph":[{"@type":"WebPage","@id":"https:\/\/outreach-wp.ixole.es\/es\/contacto\/","url":"https:\/\/outreach-wp.ixole.es\/es\/contacto\/","name":"Contacto - Outreach","isPartOf":{"@id":"https:\/\/outreach-wp.ixole.es\/#website"},"datePublished":"2017-05-15T12:04:08+00:00","dateModified":"2017-11-06T11:38:42+00:00","breadcrumb":{"@id":"https:\/\/outreach-wp.ixole.es\/es\/contacto\/#breadcrumb"},"inLanguage":"es","potentialAction":[{"@type":"ReadAction","target":["https:\/\/outreach-wp.ixole.es\/es\/contacto\/"]}]},{"@type":"BreadcrumbList","@id":"https:\/\/outreach-wp.ixole.es\/es\/contacto\/#breadcrumb","itemListElement":[{"@type":"ListItem","position":1,"name":"Portada","item":"https:\/\/outreach-wp.ixole.es\/"},{"@type":"ListItem","position":2,"name":"Contacto"}]},{"@type":"WebSite","@id":"https:\/\/outreach-wp.ixole.es\/#website","url":"https:\/\/outreach-wp.ixole.es\/","name":"Outreach","description":"ICFO&#039;s Outreach","potentialAction":[{"@type":"SearchAction","target":{"@type":"EntryPoint","urlTemplate":"https:\/\/outreach-wp.ixole.es\/?s={search_term_string}"},"query-input":"required name=search_term_string"}],"inLanguage":"es"}]}},"_links":{"self":[{"href":"https:\/\/outreach-wp.ixole.es\/es\/wp-json\/wp\/v2\/pages\/1393"}],"collection":[{"href":"https:\/\/outreach-wp.ixole.es\/es\/wp-json\/wp\/v2\/pages"}],"about":[{"href":"https:\/\/outreach-wp.ixole.es\/es\/wp-json\/wp\/v2\/types\/page"}],"author":[{"embeddable":true,"href":"https:\/\/outreach-wp.ixole.es\/es\/wp-json\/wp\/v2\/users\/1"}],"replies":[{"embeddable":true,"href":"https:\/\/outreach-wp.ixole.es\/es\/wp-json\/wp\/v2\/comments?post=1393"}],"version-history":[{"count":7,"href":"https:\/\/outreach-wp.ixole.es\/es\/wp-json\/wp\/v2\/pages\/1393\/revisions"}],"predecessor-version":[{"id":2278,"href":"https:\/\/outreach-wp.ixole.es\/es\/wp-json\/wp\/v2\/pages\/1393\/revisions\/2278"}],"wp:attachment":[{"href":"https:\/\/outreach-wp.ixole.es\/es\/wp-json\/wp\/v2\/media?parent=1393"}],"curies":[{"name":"wp","href":"https:\/\/api.w.org\/{rel}","templated":true}]}}