{"id":1395,"date":"2017-05-18T11:30:41","date_gmt":"2017-05-18T09:30:41","guid":{"rendered":"https:\/\/outreach-wp.ixole.es\/industry\/"},"modified":"2018-09-05T14:28:42","modified_gmt":"2018-09-05T12:28:42","slug":"industria","status":"publish","type":"page","link":"https:\/\/outreach-wp.ixole.es\/es\/industria\/","title":{"rendered":"Industria"},"content":{"rendered":"<p>[et_pb_section bb_built=\u00bb1&#8243; admin_label=\u00bbSecci\u00f3n\u00bb fullwidth=\u00bboff\u00bb specialty=\u00bboff\u00bb transparent_background=\u00bboff\u00bb allow_player_pause=\u00bboff\u00bb inner_shadow=\u00bboff\u00bb parallax=\u00bboff\u00bb parallax_method=\u00bbon\u00bb custom_padding=\u00bb||0px|\u00bb make_fullwidth=\u00bboff\u00bb use_custom_width=\u00bboff\u00bb width_unit=\u00bbon\u00bb make_equal=\u00bboff\u00bb use_custom_gutter=\u00bboff\u00bb background_color=\u00bb#e1e1e1&#8243; disabled_on=\u00bbon|on|off\u00bb disabled=\u00bboff\u00bb module_class=\u00bbmutating-cols-2_5-2_5-1_5&#8243;][et_pb_row admin_label=\u00bbFila\u00bb make_fullwidth=\u00bbon\u00bb use_custom_width=\u00bboff\u00bb width_unit=\u00bbon\u00bb use_custom_gutter=\u00bbon\u00bb custom_padding=\u00bb0px||0px|\u00bb allow_player_pause=\u00bboff\u00bb parallax=\u00bboff\u00bb parallax_method=\u00bbon\u00bb make_equal=\u00bbon\u00bb parallax_1=\u00bboff\u00bb parallax_method_1=\u00bboff\u00bb background_color_1=\u00bb#d7ac2f\u00bb parallax_2=\u00bboff\u00bb parallax_method_2=\u00bboff\u00bb parallax_3=\u00bboff\u00bb parallax_method_3=\u00bboff\u00bb parallax_4=\u00bboff\u00bb parallax_method_4=\u00bboff\u00bb gutter_width=\u00bb1&#8243; padding_top_1=\u00bb45px\u00bb padding_right_1=\u00bb45px\u00bb padding_bottom_1=\u00bb35px\u00bb padding_left_1=\u00bb45px\u00bb padding_top_3=\u00bb45px\u00bb padding_right_3=\u00bb45px\u00bb padding_bottom_3=\u00bb35px\u00bb padding_left_3=\u00bb45px\u00bb padding_top_4=\u00bb45px\u00bb padding_right_4=\u00bb45px\u00bb padding_bottom_4=\u00bb35px\u00bb padding_left_4=\u00bb45px\u00bb background_color_2=\u00bb#ffffff\u00bb background_color_3=\u00bb#d1d1cb\u00bb background_color_4=\u00bb#ffffff\u00bb custom_padding_last_edited=\u00bbon|phone\u00bb bg_img_2=\u00bbhttps:\/\/outreach-wp.ixole.es\/wp-content\/uploads\/2017\/05\/foto-cross-fertilization_pag_10_1.png\u00bb custom_css_main_2=\u00bbbackground-position: top center;\u00bb][et_pb_column type=\u00bb2_5&#8243;][et_pb_text admin_label=\u00bbTexto\u00bb background_layout=\u00bblight\u00bb text_orientation=\u00bbleft\u00bb use_border_color=\u00bboff\u00bb border_color=\u00bb#ffffff\u00bb border_style=\u00bbsolid\u00bb]<\/p>\n<h1>Industria<\/h1>\n<h1><span style=\"color: #ffffff;\">Actividades dirigidas a empresas, clusters y profesionales<\/span><\/h1>\n<p>[\/et_pb_text][\/et_pb_column][et_pb_column type=\u00bb2_5&#8243;][\/et_pb_column][et_pb_column type=\u00bb1_5&#8243;][et_pb_divider admin_label=\u00bbSeparador\u00bb color=\u00bb#ffffff\u00bb show_divider=\u00bboff\u00bb height=\u00bb200&#8243; divider_style=\u00bbsolid\u00bb divider_position=\u00bbtop\u00bb hide_on_mobile=\u00bbon\u00bb \/][et_pb_text admin_label=\u00bbTexto\u00bb background_layout=\u00bblight\u00bb text_orientation=\u00bbleft\u00bb use_border_color=\u00bboff\u00bb border_color=\u00bb#ffffff\u00bb border_style=\u00bbsolid\u00bb disabled_on=\u00bbon|on|on\u00bb disabled=\u00bbon\u00bb]<\/p>\n<h2>PLAN YOUR VISIT<\/h2>\n<p>[\/et_pb_text][et_pb_text admin_label=\u00bbTexto\u00bb background_layout=\u00bblight\u00bb text_orientation=\u00bbleft\u00bb use_border_color=\u00bboff\u00bb border_color=\u00bb#ffffff\u00bb border_style=\u00bbsolid\u00bb custom_margin=\u00bb35px||35px|\u00bb disabled=\u00bbon\u00bb disabled_on=\u00bbon|on|on\u00bb]<\/p>\n<p>Photonics research is rapidly flowing from research centres and laboratories to be incorporated into industrial processes. ICFO participates in a number of collaborative activities with industry in addition to generating insightful resources for businesses. ICFO also strives to reach new sectors and industries where photonics may be applied to unleash innovative potential, improving industrial processes and brining new products to market. Please visit ICFO website to learn more about our broad range of joint activities with our industrial partners.<\/p>\n<p>[\/et_pb_text][\/et_pb_column][\/et_pb_row][\/et_pb_section][et_pb_section bb_built=\u00bb1&#8243; admin_label=\u00bbHead &#8211; Responsive\u00bb fullwidth=\u00bboff\u00bb specialty=\u00bboff\u00bb transparent_background=\u00bboff\u00bb allow_player_pause=\u00bboff\u00bb inner_shadow=\u00bboff\u00bb parallax=\u00bboff\u00bb parallax_method=\u00bbon\u00bb custom_padding=\u00bb||0px|\u00bb make_fullwidth=\u00bboff\u00bb use_custom_width=\u00bboff\u00bb width_unit=\u00bbon\u00bb make_equal=\u00bboff\u00bb use_custom_gutter=\u00bboff\u00bb background_color=\u00bb#e1e1e1&#8243; disabled_on=\u00bboff|off|on\u00bb disabled=\u00bboff\u00bb module_class=\u00bbmutating-cols\u00bb collapsed=\u00bbon\u00bb][et_pb_row admin_label=\u00bbFila\u00bb make_fullwidth=\u00bbon\u00bb use_custom_width=\u00bboff\u00bb width_unit=\u00bbon\u00bb use_custom_gutter=\u00bbon\u00bb custom_padding=\u00bb0px||0px|\u00bb allow_player_pause=\u00bboff\u00bb parallax=\u00bboff\u00bb parallax_method=\u00bbon\u00bb make_equal=\u00bbon\u00bb parallax_1=\u00bboff\u00bb parallax_method_1=\u00bboff\u00bb background_color_1=\u00bb#d7ac2f\u00bb parallax_2=\u00bboff\u00bb parallax_method_2=\u00bboff\u00bb parallax_3=\u00bboff\u00bb parallax_method_3=\u00bboff\u00bb parallax_4=\u00bboff\u00bb parallax_method_4=\u00bboff\u00bb gutter_width=\u00bb1&#8243; padding_top_1=\u00bb45px\u00bb padding_right_1=\u00bb45px\u00bb padding_bottom_1=\u00bb35px\u00bb padding_left_1=\u00bb45px\u00bb padding_top_2=\u00bb45px\u00bb padding_right_2=\u00bb45px\u00bb padding_bottom_2=\u00bb35px\u00bb padding_left_2=\u00bb45px\u00bb padding_top_3=\u00bb45px\u00bb padding_right_3=\u00bb45px\u00bb padding_bottom_3=\u00bb35px\u00bb padding_left_3=\u00bb45px\u00bb padding_top_4=\u00bb45px\u00bb padding_right_4=\u00bb45px\u00bb padding_bottom_4=\u00bb35px\u00bb padding_left_4=\u00bb45px\u00bb background_color_2=\u00bb#ffffff\u00bb background_color_3=\u00bb#ffffff\u00bb background_color_4=\u00bb#ffffff\u00bb custom_padding_last_edited=\u00bbon|phone\u00bb][et_pb_column type=\u00bb4_4&#8243;][et_pb_text admin_label=\u00bbTexto\u00bb background_layout=\u00bblight\u00bb text_orientation=\u00bbleft\u00bb use_border_color=\u00bboff\u00bb border_color=\u00bb#ffffff\u00bb border_style=\u00bbsolid\u00bb]<\/p>\n<h1>Industria<\/h1>\n<h1><span style=\"color: #ffffff;\">Actividades dirigidas a empresas, clusters y profesionales<\/span><\/h1>\n<p>[\/et_pb_text][\/et_pb_column][\/et_pb_row][et_pb_row admin_label=\u00bbFila\u00bb make_fullwidth=\u00bbon\u00bb use_custom_width=\u00bboff\u00bb width_unit=\u00bbon\u00bb use_custom_gutter=\u00bbon\u00bb custom_padding=\u00bb0px||0px|\u00bb allow_player_pause=\u00bboff\u00bb parallax=\u00bboff\u00bb parallax_method=\u00bbon\u00bb make_equal=\u00bbon\u00bb parallax_1=\u00bboff\u00bb parallax_method_1=\u00bboff\u00bb parallax_2=\u00bboff\u00bb parallax_method_2=\u00bboff\u00bb parallax_3=\u00bboff\u00bb parallax_method_3=\u00bboff\u00bb parallax_4=\u00bboff\u00bb parallax_method_4=\u00bboff\u00bb gutter_width=\u00bb1&#8243; padding_top_2=\u00bb45px\u00bb padding_bottom_2=\u00bb45px\u00bb padding_top_3=\u00bb45px\u00bb padding_right_3=\u00bb45px\u00bb padding_bottom_3=\u00bb45px\u00bb padding_top_4=\u00bb45px\u00bb padding_right_4=\u00bb45px\u00bb padding_bottom_4=\u00bb35px\u00bb padding_left_4=\u00bb45px\u00bb background_color_2=\u00bb#d1d1cb\u00bb background_color_3=\u00bb#d1d1cb\u00bb background_color_4=\u00bb#ffffff\u00bb custom_padding_last_edited=\u00bbon|phone\u00bb background_color=\u00bb#ffffff\u00bb background_color_1=\u00bb#ffffff\u00bb bg_img_1=\u00bbhttps:\/\/outreach-wp.ixole.es\/wp-content\/uploads\/2017\/05\/industry-icfo_pag_7_1.jpg\u00bb padding_right_2=\u00bb45px\u00bb padding_left_2=\u00bb45px\u00bb padding_2_last_edited=\u00bbon|\u00bb custom_css_main_1=\u00bbbackground-position: top center;\u00bb][et_pb_column type=\u00bb1_4&#8243;][et_pb_divider admin_label=\u00bbSeparador\u00bb color=\u00bb#ffffff\u00bb show_divider=\u00bboff\u00bb height=\u00bb200&#8243; divider_style=\u00bbsolid\u00bb divider_position=\u00bbtop\u00bb hide_on_mobile=\u00bbon\u00bb \/][\/et_pb_column][et_pb_column type=\u00bb1_4&#8243;][et_pb_text admin_label=\u00bbTexto\u00bb background_layout=\u00bblight\u00bb text_orientation=\u00bbleft\u00bb use_border_color=\u00bboff\u00bb border_color=\u00bb#ffffff\u00bb border_style=\u00bbsolid\u00bb custom_margin=\u00bb35px||35px|\u00bb disabled=\u00bbon\u00bb disabled_on=\u00bbon|on|on\u00bb]<\/p>\n<p>Photonics research is rapidly flowing from research centres and laboratories to be incorporated into industrial processes. ICFO participates in a number of collaborative activities with industry in addition to generating insightful resources for businesses. ICFO also strives to reach new sectors and industries where photonics may be applied to unleash innovative potential, improving industrial processes and brining new products to market. Please visit ICFO website to learn more about our broad range of joint activities with our industrial partners.<\/p>\n<p>[\/et_pb_text][\/et_pb_column][et_pb_column type=\u00bb1_4&#8243;][\/et_pb_column][et_pb_column type=\u00bb1_4&#8243;][\/et_pb_column][\/et_pb_row][\/et_pb_section][et_pb_section bb_built=\u00bb1&#8243; admin_label=\u00bbSecci\u00f3n\u00bb fullwidth=\u00bboff\u00bb specialty=\u00bbon\u00bb transparent_background=\u00bboff\u00bb allow_player_pause=\u00bboff\u00bb inner_shadow=\u00bboff\u00bb parallax=\u00bboff\u00bb parallax_method=\u00bbon\u00bb custom_padding=\u00bb0px||0px|\u00bb make_fullwidth=\u00bbon\u00bb use_custom_width=\u00bboff\u00bb width_unit=\u00bbon\u00bb make_equal=\u00bbon\u00bb use_custom_gutter=\u00bbon\u00bb parallax_1=\u00bboff\u00bb parallax_method_1=\u00bboff\u00bb background_color_1=\u00bb#d1d1cb\u00bb padding_top_1=\u00bb45px\u00bb padding_right_1=\u00bb45px\u00bb padding_bottom_1=\u00bb45px\u00bb padding_left_1=\u00bb45px\u00bb parallax_2=\u00bboff\u00bb parallax_method_2=\u00bboff\u00bb gutter_width=\u00bb1&#8243;][et_pb_column type=\u00bb1_4&#8243;][et_pb_text admin_label=\u00bbTexto\u00bb background_layout=\u00bblight\u00bb text_orientation=\u00bbleft\u00bb use_border_color=\u00bboff\u00bb border_color=\u00bb#ffffff\u00bb border_style=\u00bbsolid\u00bb custom_margin=\u00bb||35px|\u00bb disabled=\u00bboff\u00bb disabled_on=\u00bboff|off|off\u00bb]<\/p>\n<p>La investigaci\u00f3n en Fot\u00f3nica fluye r\u00e1pidamente desde los centros de investigaci\u00f3n y laboratorios para ser incorporada en los procesos industriales. Para estimular el flujo de conocimiento y tecnolog\u00eda, ICFO participa en una serie de actividades en colaboraci\u00f3n con la industria, adem\u00e1s de generar recursos atrayentes para las empresas. ICFO tambi\u00e9n se esfuerza por llegar a nuevos sectores e industrias donde la Fot\u00f3nica puede aplicarse para liberar el potencial innovador, mejorar los procesos industriales y llevar nuevos productos al mercado. Visite la web de <a class=\"external\" href=\"http:\/\/www.icfo.es\/index.php?section=industrial1&amp;lang=English\" target=\"_blank\" rel=\"external noopener noreferrer\">ICFO <\/a>para saber m\u00e1s sobre la amplia gama de actividades conjuntas con nuestros partners industriales.<\/p>\n<p>[\/et_pb_text][\/et_pb_column][et_pb_column type=\u00bb3_4&#8243; specialty_columns=\u00bb3&#8243;][et_pb_row_inner admin_label=\u00bbFila\u00bb custom_padding=\u00bb0px||0px|\u00bb use_custom_gutter=\u00bboff\u00bb make_equal=\u00bboff\u00bb parallax_1=\u00bboff\u00bb parallax_method_1=\u00bboff\u00bb padding_top_1=\u00bb45px\u00bb padding_right_1=\u00bb22.5px\u00bb padding_bottom_1=\u00bb45px\u00bb padding_left_1=\u00bb45px\u00bb parallax_2=\u00bboff\u00bb parallax_method_2=\u00bboff\u00bb padding_top_2=\u00bb45px\u00bb padding_right_2=\u00bb45px\u00bb padding_bottom_2=\u00bb45px\u00bb padding_left_2=\u00bb22.5px\u00bb][et_pb_column_inner type=\u00bb1_2&#8243; saved_specialty_column_type=\u00bb3_4&#8243;][et_pb_text admin_label=\u00bbTexto\u00bb background_layout=\u00bblight\u00bb text_orientation=\u00bbleft\u00bb use_border_color=\u00bboff\u00bb border_color=\u00bb#ffffff\u00bb border_style=\u00bbsolid\u00bb]<\/p>\n<h2>Seminarios y Talleres tecnol\u00f3gicos<\/h2>\n<p>[\/et_pb_text][et_pb_text admin_label=\u00bbTexto\u00bb background_layout=\u00bblight\u00bb text_orientation=\u00bbleft\u00bb use_border_color=\u00bboff\u00bb border_color=\u00bb#ffffff\u00bb border_style=\u00bbsolid\u00bb custom_margin=\u00bb35px|||\u00bb]<\/p>\n<p>Adem\u00e1s de los <a class=\"external\" href=\"http:\/\/icfo.eu\/newsroom\/calendar\" target=\"_blank\" rel=\"external noopener noreferrer\">seminarios <\/a>programados en nuestras instalaciones (link), ICFO organiza una serie de talleres y seminarios espec\u00edficamente dirigidos a los nuevos sectores que podr\u00e1n beneficiarse de la fot\u00f3nica.<\/p>\n<p>[\/et_pb_text][\/et_pb_column_inner][et_pb_column_inner type=\u00bb1_2&#8243; saved_specialty_column_type=\u00bb3_4&#8243;][et_pb_text admin_label=\u00bbTexto\u00bb background_layout=\u00bblight\u00bb text_orientation=\u00bbleft\u00bb use_border_color=\u00bboff\u00bb border_color=\u00bb#ffffff\u00bb border_style=\u00bbsolid\u00bb]<\/p>\n<h2>Cross-fertilization<\/h2>\n<p>[\/et_pb_text][et_pb_text admin_label=\u00bbTexto\u00bb background_layout=\u00bblight\u00bb text_orientation=\u00bbleft\u00bb use_border_color=\u00bboff\u00bb border_color=\u00bb#ffffff\u00bb border_style=\u00bbsolid\u00bb custom_margin=\u00bb35px|||\u00bb]<\/p>\n<p>La Fot\u00f3nica es una tecnolog\u00eda instrumental. Si introducimos la Fot\u00f3nica en una colaboraci\u00f3n multidisciplinar, mejoramos las posibilidades de progreso y la creaci\u00f3n de nuevos conocimientos con aplicaciones pr\u00e1cticas y comerciales para la sociedad. Esto es lo que llamamos cross-fertilization. Profesionales altamente cualificados procedentes de diversas disciplinas, poniendo en com\u00fan sus conocimientos para evaluar los problemas y soluciones desde perspectivas \u00fanicas e innovadoras. Disciplinas tan diversas como las ciencias biol\u00f3gicas, la medicina, la agricultura, la arqueolog\u00eda, el patrimonio cultural y el control de calidad son ejemplos de colaboraciones actuales que tenemos en el ICFO.<\/p>\n<p>[\/et_pb_text][\/et_pb_column_inner][\/et_pb_row_inner][et_pb_row_inner admin_label=\u00bbFila\u00bb custom_padding=\u00bb0px||0px|\u00bb use_custom_gutter=\u00bboff\u00bb make_equal=\u00bboff\u00bb parallax_1=\u00bboff\u00bb parallax_method_1=\u00bboff\u00bb padding_top_1=\u00bb45px\u00bb padding_right_1=\u00bb22.5px\u00bb padding_bottom_1=\u00bb45px\u00bb padding_left_1=\u00bb45px\u00bb parallax_2=\u00bboff\u00bb parallax_method_2=\u00bboff\u00bb padding_top_2=\u00bb45px\u00bb padding_right_2=\u00bb45px\u00bb padding_bottom_2=\u00bb45px\u00bb padding_left_2=\u00bb22.5px\u00bb][et_pb_column_inner type=\u00bb1_2&#8243; saved_specialty_column_type=\u00bb3_4&#8243;][et_pb_text admin_label=\u00bbTexto\u00bb background_layout=\u00bblight\u00bb text_orientation=\u00bbleft\u00bb use_border_color=\u00bboff\u00bb border_color=\u00bb#ffffff\u00bb border_style=\u00bbsolid\u00bb]<\/p>\n<h2>Informes<\/h2>\n<p>[\/et_pb_text][et_pb_text admin_label=\u00bbTexto\u00bb background_layout=\u00bblight\u00bb text_orientation=\u00bbleft\u00bb use_border_color=\u00bboff\u00bb border_color=\u00bb#ffffff\u00bb border_style=\u00bbsolid\u00bb custom_margin=\u00bb35px||35px|\u00bb]<\/p>\n<p>Echa un vistazo a los informes recientes sobre el impacto de las tecnolog\u00edas fot\u00f3nicas en las diferentes \u00e1reas tecnol\u00f3gicas.<\/p>\n<p>[\/et_pb_text][et_pb_button admin_label=\u00bbBot\u00f3n\u00bb button_url=\u00bb\/wp-content\/uploads\/2017\/05\/Quantum-Technologies-and-Society-Report.pdf\u00bb url_new_window=\u00bboff\u00bb button_text=\u00bbQuantum Technologies and Society &#8211; PDF\u00bb button_alignment=\u00bbleft\u00bb background_layout=\u00bblight\u00bb custom_button=\u00bbon\u00bb button_letter_spacing=\u00bb0&#8243; button_use_icon=\u00bbdefault\u00bb button_icon_placement=\u00bbright\u00bb button_on_hover=\u00bboff\u00bb button_letter_spacing_hover=\u00bb0&#8243; custom_css_main_element=\u00bbmargin-top: 10px;\u00bb button_border_radius=\u00bb0&#8243; button_border_radius_hover=\u00bb0&#8243; button_text_color=\u00bb#918050&#8243; button_border_color=\u00bb#918050&#8243; button_icon_color=\u00bb#918050&#8243; button_text_color_hover=\u00bb#918050&#8243; button_border_color_hover=\u00bb#918050&#8243; custom_css_after=\u00bb margin-left: 0px !important;\u00bb module_id=\u00bbbotons\u00bb module_class=\u00bbbotons\u00bb saved_tabs=\u00bball\u00bb \/][et_pb_button admin_label=\u00bbBot\u00f3n\u00bb button_url=\u00bb\/wp-content\/uploads\/2017\/05\/Nanophotonics-Foresight-Report.pdf\u00bb url_new_window=\u00bboff\u00bb button_text=\u00bbNanophotonics Foresight Report &#8211; PDF\u00bb button_alignment=\u00bbleft\u00bb background_layout=\u00bblight\u00bb custom_button=\u00bbon\u00bb button_letter_spacing=\u00bb0&#8243; button_use_icon=\u00bbdefault\u00bb button_icon_placement=\u00bbright\u00bb button_on_hover=\u00bboff\u00bb button_letter_spacing_hover=\u00bb0&#8243; custom_css_main_element=\u00bbmargin-top: 10px;\u00bb button_border_radius=\u00bb0&#8243; button_border_radius_hover=\u00bb0&#8243; button_text_color=\u00bb#918050&#8243; button_border_color=\u00bb#918050&#8243; button_icon_color=\u00bb#918050&#8243; button_text_color_hover=\u00bb#918050&#8243; button_border_color_hover=\u00bb#918050&#8243; custom_css_after=\u00bb margin-left: 0px !important;\u00bb module_id=\u00bbbotons\u00bb module_class=\u00bbbotons\u00bb saved_tabs=\u00bball\u00bb \/][\/et_pb_column_inner][et_pb_column_inner type=\u00bb1_2&#8243; saved_specialty_column_type=\u00bb3_4&#8243;][et_pb_text admin_label=\u00bbTexto\u00bb background_layout=\u00bblight\u00bb text_orientation=\u00bbleft\u00bb use_border_color=\u00bboff\u00bb border_color=\u00bb#ffffff\u00bb border_style=\u00bbsolid\u00bb]<\/p>\n<h2>Formaci\u00f3n personalizada<\/h2>\n<p>[\/et_pb_text][et_pb_text admin_label=\u00bbTexto\u00bb background_layout=\u00bblight\u00bb text_orientation=\u00bbleft\u00bb use_border_color=\u00bboff\u00bb border_color=\u00bb#ffffff\u00bb border_style=\u00bbsolid\u00bb custom_margin=\u00bb35px|||\u00bb]<\/p>\n<p>Profesionales de la industria est\u00e1n invitados a aprender sobre el papel que juega la luz en los avances de su sector. Se ofrecen cursos especializados que combinan conferencias con demostraciones pr\u00e1cticas complementarias en las instalaciones de ICFO.<\/p>\n<p>[\/et_pb_text][\/et_pb_column_inner][\/et_pb_row_inner][\/et_pb_column][\/et_pb_section]<\/p>\n","protected":false},"excerpt":{"rendered":"<p>Industria Actividades dirigidas a empresas, clusters y profesionales PLAN YOUR VISIT Photonics research is rapidly flowing from research centres and laboratories to be incorporated into industrial processes. ICFO participates in a number of collaborative activities with industry in addition to generating insightful resources for businesses. ICFO also strives to reach new sectors and industries where [&hellip;]<\/p>\n","protected":false},"author":1,"featured_media":0,"parent":0,"menu_order":0,"comment_status":"closed","ping_status":"closed","template":"","meta":{"_et_pb_use_builder":"on","_et_pb_old_content":"","_et_gb_content_width":""},"acf":[],"yoast_head":"<!-- This site is optimized with the Yoast SEO plugin v20.4 - https:\/\/yoast.com\/wordpress\/plugins\/seo\/ -->\n<title>Industria - Outreach<\/title>\n<meta name=\"robots\" content=\"index, follow, max-snippet:-1, max-image-preview:large, max-video-preview:-1\" \/>\n<link rel=\"canonical\" href=\"https:\/\/outreach-wp.ixole.es\/es\/industria\/\" \/>\n<meta property=\"og:locale\" content=\"es_ES\" \/>\n<meta property=\"og:type\" content=\"article\" \/>\n<meta property=\"og:title\" content=\"Industria - Outreach\" \/>\n<meta property=\"og:description\" content=\"Industria Actividades dirigidas a empresas, clusters y profesionales PLAN YOUR VISIT Photonics research is rapidly flowing from research centres and laboratories to be incorporated into industrial processes. ICFO participates in a number of collaborative activities with industry in addition to generating insightful resources for businesses. ICFO also strives to reach new sectors and industries where [&hellip;]\" \/>\n<meta property=\"og:url\" content=\"https:\/\/outreach-wp.ixole.es\/es\/industria\/\" \/>\n<meta property=\"og:site_name\" content=\"Outreach\" \/>\n<meta property=\"article:modified_time\" content=\"2018-09-05T12:28:42+00:00\" \/>\n<meta name=\"twitter:card\" content=\"summary_large_image\" \/>\n<meta name=\"twitter:label1\" content=\"Tiempo de lectura\" \/>\n\t<meta name=\"twitter:data1\" content=\"10 minutos\" \/>\n<script type=\"application\/ld+json\" class=\"yoast-schema-graph\">{\"@context\":\"https:\/\/schema.org\",\"@graph\":[{\"@type\":\"WebPage\",\"@id\":\"https:\/\/outreach-wp.ixole.es\/es\/industria\/\",\"url\":\"https:\/\/outreach-wp.ixole.es\/es\/industria\/\",\"name\":\"Industria - Outreach\",\"isPartOf\":{\"@id\":\"https:\/\/outreach-wp.ixole.es\/#website\"},\"datePublished\":\"2017-05-18T09:30:41+00:00\",\"dateModified\":\"2018-09-05T12:28:42+00:00\",\"breadcrumb\":{\"@id\":\"https:\/\/outreach-wp.ixole.es\/es\/industria\/#breadcrumb\"},\"inLanguage\":\"es\",\"potentialAction\":[{\"@type\":\"ReadAction\",\"target\":[\"https:\/\/outreach-wp.ixole.es\/es\/industria\/\"]}]},{\"@type\":\"BreadcrumbList\",\"@id\":\"https:\/\/outreach-wp.ixole.es\/es\/industria\/#breadcrumb\",\"itemListElement\":[{\"@type\":\"ListItem\",\"position\":1,\"name\":\"Portada\",\"item\":\"https:\/\/outreach-wp.ixole.es\/\"},{\"@type\":\"ListItem\",\"position\":2,\"name\":\"Industria\"}]},{\"@type\":\"WebSite\",\"@id\":\"https:\/\/outreach-wp.ixole.es\/#website\",\"url\":\"https:\/\/outreach-wp.ixole.es\/\",\"name\":\"Outreach\",\"description\":\"ICFO&#039;s Outreach\",\"potentialAction\":[{\"@type\":\"SearchAction\",\"target\":{\"@type\":\"EntryPoint\",\"urlTemplate\":\"https:\/\/outreach-wp.ixole.es\/?s={search_term_string}\"},\"query-input\":\"required name=search_term_string\"}],\"inLanguage\":\"es\"}]}<\/script>\n<!-- \/ Yoast SEO plugin. -->","yoast_head_json":{"title":"Industria - Outreach","robots":{"index":"index","follow":"follow","max-snippet":"max-snippet:-1","max-image-preview":"max-image-preview:large","max-video-preview":"max-video-preview:-1"},"canonical":"https:\/\/outreach-wp.ixole.es\/es\/industria\/","og_locale":"es_ES","og_type":"article","og_title":"Industria - Outreach","og_description":"Industria Actividades dirigidas a empresas, clusters y profesionales PLAN YOUR VISIT Photonics research is rapidly flowing from research centres and laboratories to be incorporated into industrial processes. ICFO participates in a number of collaborative activities with industry in addition to generating insightful resources for businesses. ICFO also strives to reach new sectors and industries where [&hellip;]","og_url":"https:\/\/outreach-wp.ixole.es\/es\/industria\/","og_site_name":"Outreach","article_modified_time":"2018-09-05T12:28:42+00:00","twitter_card":"summary_large_image","twitter_misc":{"Tiempo de lectura":"10 minutos"},"schema":{"@context":"https:\/\/schema.org","@graph":[{"@type":"WebPage","@id":"https:\/\/outreach-wp.ixole.es\/es\/industria\/","url":"https:\/\/outreach-wp.ixole.es\/es\/industria\/","name":"Industria - Outreach","isPartOf":{"@id":"https:\/\/outreach-wp.ixole.es\/#website"},"datePublished":"2017-05-18T09:30:41+00:00","dateModified":"2018-09-05T12:28:42+00:00","breadcrumb":{"@id":"https:\/\/outreach-wp.ixole.es\/es\/industria\/#breadcrumb"},"inLanguage":"es","potentialAction":[{"@type":"ReadAction","target":["https:\/\/outreach-wp.ixole.es\/es\/industria\/"]}]},{"@type":"BreadcrumbList","@id":"https:\/\/outreach-wp.ixole.es\/es\/industria\/#breadcrumb","itemListElement":[{"@type":"ListItem","position":1,"name":"Portada","item":"https:\/\/outreach-wp.ixole.es\/"},{"@type":"ListItem","position":2,"name":"Industria"}]},{"@type":"WebSite","@id":"https:\/\/outreach-wp.ixole.es\/#website","url":"https:\/\/outreach-wp.ixole.es\/","name":"Outreach","description":"ICFO&#039;s Outreach","potentialAction":[{"@type":"SearchAction","target":{"@type":"EntryPoint","urlTemplate":"https:\/\/outreach-wp.ixole.es\/?s={search_term_string}"},"query-input":"required name=search_term_string"}],"inLanguage":"es"}]}},"_links":{"self":[{"href":"https:\/\/outreach-wp.ixole.es\/es\/wp-json\/wp\/v2\/pages\/1395"}],"collection":[{"href":"https:\/\/outreach-wp.ixole.es\/es\/wp-json\/wp\/v2\/pages"}],"about":[{"href":"https:\/\/outreach-wp.ixole.es\/es\/wp-json\/wp\/v2\/types\/page"}],"author":[{"embeddable":true,"href":"https:\/\/outreach-wp.ixole.es\/es\/wp-json\/wp\/v2\/users\/1"}],"replies":[{"embeddable":true,"href":"https:\/\/outreach-wp.ixole.es\/es\/wp-json\/wp\/v2\/comments?post=1395"}],"version-history":[{"count":4,"href":"https:\/\/outreach-wp.ixole.es\/es\/wp-json\/wp\/v2\/pages\/1395\/revisions"}],"predecessor-version":[{"id":3472,"href":"https:\/\/outreach-wp.ixole.es\/es\/wp-json\/wp\/v2\/pages\/1395\/revisions\/3472"}],"wp:attachment":[{"href":"https:\/\/outreach-wp.ixole.es\/es\/wp-json\/wp\/v2\/media?parent=1395"}],"curies":[{"name":"wp","href":"https:\/\/api.w.org\/{rel}","templated":true}]}}