{"id":1447,"date":"2017-05-17T13:52:35","date_gmt":"2017-05-17T11:52:35","guid":{"rendered":"https:\/\/outreach-wp.ixole.es\/the-big-bell-test-teachers\/"},"modified":"2017-08-02T17:53:14","modified_gmt":"2017-08-02T15:53:14","slug":"the-big-bell-test-docentes","status":"publish","type":"page","link":"https:\/\/outreach-wp.ixole.es\/es\/the-big-bell-test-docentes\/","title":{"rendered":"The BIG Bell Test &#8211; Docentes"},"content":{"rendered":"<p>[et_pb_section bb_built=\u00bb1&#8243; admin_label=\u00bbSecci\u00f3n\u00bb fullwidth=\u00bboff\u00bb specialty=\u00bboff\u00bb transparent_background=\u00bboff\u00bb allow_player_pause=\u00bboff\u00bb inner_shadow=\u00bboff\u00bb parallax=\u00bboff\u00bb parallax_method=\u00bbon\u00bb custom_padding=\u00bb||0px|\u00bb make_fullwidth=\u00bboff\u00bb use_custom_width=\u00bboff\u00bb width_unit=\u00bbon\u00bb make_equal=\u00bboff\u00bb use_custom_gutter=\u00bboff\u00bb background_color=\u00bb#e1e1e1&#8243; disabled_on=\u00bbon|on|off\u00bb disabled=\u00bboff\u00bb module_class=\u00bbmutating-cols-2_5-2_5-1_5&#8243;][et_pb_row admin_label=\u00bbFila\u00bb make_fullwidth=\u00bbon\u00bb use_custom_width=\u00bboff\u00bb width_unit=\u00bbon\u00bb use_custom_gutter=\u00bbon\u00bb custom_padding=\u00bb0px||0px|\u00bb allow_player_pause=\u00bboff\u00bb parallax=\u00bboff\u00bb parallax_method=\u00bbon\u00bb make_equal=\u00bbon\u00bb parallax_1=\u00bboff\u00bb parallax_method_1=\u00bboff\u00bb background_color_1=\u00bb#ffffff\u00bb parallax_2=\u00bboff\u00bb parallax_method_2=\u00bboff\u00bb parallax_3=\u00bboff\u00bb parallax_method_3=\u00bboff\u00bb parallax_4=\u00bboff\u00bb parallax_method_4=\u00bboff\u00bb gutter_width=\u00bb1&#8243; padding_top_1=\u00bb45px\u00bb padding_right_1=\u00bb45px\u00bb padding_bottom_1=\u00bb35px\u00bb padding_left_1=\u00bb45px\u00bb padding_top_3=\u00bb45px\u00bb padding_right_3=\u00bb45px\u00bb padding_bottom_3=\u00bb35px\u00bb padding_left_3=\u00bb45px\u00bb padding_top_4=\u00bb45px\u00bb padding_right_4=\u00bb45px\u00bb padding_bottom_4=\u00bb35px\u00bb padding_left_4=\u00bb45px\u00bb background_color_2=\u00bb#b2a98e\u00bb background_color_3=\u00bb#d7ac2f\u00bb background_color_4=\u00bb#ffffff\u00bb custom_padding_last_edited=\u00bbon|phone\u00bb bg_img_2=\u00bbhttps:\/\/outreach-wp.ixole.es\/wp-content\/uploads\/2017\/05\/The-big-bell-test-N.jpg\u00bb custom_css_main_2=\u00bbopacity: 0.9;\u00bb][et_pb_column type=\u00bb2_5&#8243;][et_pb_text admin_label=\u00bbTexto\u00bb background_layout=\u00bblight\u00bb text_orientation=\u00bbleft\u00bb use_border_color=\u00bboff\u00bb border_color=\u00bb#ffffff\u00bb border_style=\u00bbsolid\u00bb]<\/p>\n<h1>The BIG Bell Test<\/h1>\n<h1><span style=\"color: #d7ac2f;\">Recursos para docentes<\/span><\/h1>\n<p>[\/et_pb_text][\/et_pb_column][et_pb_column type=\u00bb2_5&#8243;][\/et_pb_column][et_pb_column type=\u00bb1_5&#8243;][et_pb_divider admin_label=\u00bbSeparador\u00bb color=\u00bb#ffffff\u00bb show_divider=\u00bboff\u00bb height=\u00bb200px\u00bb divider_style=\u00bbsolid\u00bb divider_position=\u00bbtop\u00bb hide_on_mobile=\u00bbon\u00bb \/][\/et_pb_column][\/et_pb_row][\/et_pb_section][et_pb_section bb_built=\u00bb1&#8243; admin_label=\u00bbHead &#8211; Responsive\u00bb fullwidth=\u00bboff\u00bb specialty=\u00bboff\u00bb transparent_background=\u00bboff\u00bb allow_player_pause=\u00bboff\u00bb inner_shadow=\u00bboff\u00bb parallax=\u00bboff\u00bb parallax_method=\u00bbon\u00bb custom_padding=\u00bb||0px|\u00bb make_fullwidth=\u00bboff\u00bb use_custom_width=\u00bboff\u00bb width_unit=\u00bbon\u00bb make_equal=\u00bboff\u00bb use_custom_gutter=\u00bboff\u00bb background_color=\u00bb#e1e1e1&#8243; disabled_on=\u00bboff|off|on\u00bb disabled=\u00bboff\u00bb module_class=\u00bbmutating-cols\u00bb collapsed=\u00bbon\u00bb][et_pb_row admin_label=\u00bbFila\u00bb make_fullwidth=\u00bbon\u00bb use_custom_width=\u00bboff\u00bb width_unit=\u00bbon\u00bb use_custom_gutter=\u00bbon\u00bb custom_padding=\u00bb0px||0px|\u00bb allow_player_pause=\u00bboff\u00bb parallax=\u00bboff\u00bb parallax_method=\u00bbon\u00bb make_equal=\u00bbon\u00bb parallax_1=\u00bboff\u00bb parallax_method_1=\u00bboff\u00bb background_color_1=\u00bb#ffffff\u00bb parallax_2=\u00bboff\u00bb parallax_method_2=\u00bboff\u00bb parallax_3=\u00bboff\u00bb parallax_method_3=\u00bboff\u00bb parallax_4=\u00bboff\u00bb parallax_method_4=\u00bboff\u00bb gutter_width=\u00bb1&#8243; padding_top_1=\u00bb45px\u00bb padding_right_1=\u00bb45px\u00bb padding_bottom_1=\u00bb35px\u00bb padding_left_1=\u00bb45px\u00bb padding_top_2=\u00bb45px\u00bb padding_right_2=\u00bb45px\u00bb padding_bottom_2=\u00bb35px\u00bb padding_left_2=\u00bb45px\u00bb padding_top_3=\u00bb45px\u00bb padding_right_3=\u00bb45px\u00bb padding_bottom_3=\u00bb35px\u00bb padding_left_3=\u00bb45px\u00bb padding_top_4=\u00bb45px\u00bb padding_right_4=\u00bb45px\u00bb padding_bottom_4=\u00bb35px\u00bb padding_left_4=\u00bb45px\u00bb background_color_2=\u00bb#ffffff\u00bb background_color_3=\u00bb#ffffff\u00bb background_color_4=\u00bb#ffffff\u00bb custom_padding_last_edited=\u00bbon|phone\u00bb][et_pb_column type=\u00bb4_4&#8243;][et_pb_text admin_label=\u00bbTexto\u00bb background_layout=\u00bblight\u00bb text_orientation=\u00bbleft\u00bb use_border_color=\u00bboff\u00bb border_color=\u00bb#ffffff\u00bb border_style=\u00bbsolid\u00bb]<\/p>\n<h1>The BIG Bell Test<\/h1>\n<h1><span style=\"color: #d7ac2f;\">Recursos para docentes<\/span><\/h1>\n<p>[\/et_pb_text][\/et_pb_column][\/et_pb_row][et_pb_row admin_label=\u00bbFila\u00bb make_fullwidth=\u00bbon\u00bb use_custom_width=\u00bboff\u00bb width_unit=\u00bbon\u00bb use_custom_gutter=\u00bbon\u00bb custom_padding=\u00bb0px||0px|\u00bb allow_player_pause=\u00bboff\u00bb parallax=\u00bboff\u00bb parallax_method=\u00bbon\u00bb make_equal=\u00bbon\u00bb parallax_1=\u00bboff\u00bb parallax_method_1=\u00bboff\u00bb parallax_2=\u00bboff\u00bb parallax_method_2=\u00bboff\u00bb parallax_3=\u00bboff\u00bb parallax_method_3=\u00bboff\u00bb parallax_4=\u00bboff\u00bb parallax_method_4=\u00bboff\u00bb gutter_width=\u00bb1&#8243; padding_top_2=\u00bb45px\u00bb padding_bottom_2=\u00bb45px\u00bb padding_top_3=\u00bb45px\u00bb padding_right_3=\u00bb45px\u00bb padding_bottom_3=\u00bb45px\u00bb padding_top_4=\u00bb45px\u00bb padding_right_4=\u00bb45px\u00bb padding_bottom_4=\u00bb35px\u00bb padding_left_4=\u00bb45px\u00bb background_color_2=\u00bb#d7ac2f\u00bb background_color_3=\u00bb#d1d1cb\u00bb background_color_4=\u00bb#ffffff\u00bb custom_padding_last_edited=\u00bbon|phone\u00bb background_color=\u00bb#ffffff\u00bb background_color_1=\u00bb#ffffff\u00bb padding_right_2=\u00bb45px\u00bb padding_left_2=\u00bb45px\u00bb padding_2_last_edited=\u00bbon|\u00bb bg_img_1=\u00bbhttps:\/\/outreach-wp.ixole.es\/wp-content\/uploads\/2017\/05\/bajo_eat_pag_82_1-2.jpg\u00bb][et_pb_column type=\u00bb1_4&#8243;][et_pb_divider admin_label=\u00bbSeparador\u00bb color=\u00bb#ffffff\u00bb show_divider=\u00bboff\u00bb height=\u00bb200px\u00bb divider_style=\u00bbsolid\u00bb divider_position=\u00bbtop\u00bb hide_on_mobile=\u00bbon\u00bb \/][\/et_pb_column][et_pb_column type=\u00bb1_4&#8243;][\/et_pb_column][et_pb_column type=\u00bb1_4&#8243;][\/et_pb_column][et_pb_column type=\u00bb1_4&#8243;][\/et_pb_column][\/et_pb_row][\/et_pb_section][et_pb_section bb_built=\u00bb1&#8243; admin_label=\u00bbSecci\u00f3n\u00bb fullwidth=\u00bboff\u00bb specialty=\u00bboff\u00bb transparent_background=\u00bboff\u00bb allow_player_pause=\u00bboff\u00bb inner_shadow=\u00bboff\u00bb parallax=\u00bboff\u00bb parallax_method=\u00bbon\u00bb custom_padding=\u00bb0px||0px|\u00bb make_fullwidth=\u00bboff\u00bb use_custom_width=\u00bboff\u00bb width_unit=\u00bbon\u00bb make_equal=\u00bboff\u00bb use_custom_gutter=\u00bboff\u00bb background_color=\u00bb#e1e1e1&#8243;][et_pb_row admin_label=\u00bbFila\u00bb make_fullwidth=\u00bbon\u00bb use_custom_width=\u00bboff\u00bb width_unit=\u00bbon\u00bb use_custom_gutter=\u00bbon\u00bb gutter_width=\u00bb1&#8243; allow_player_pause=\u00bboff\u00bb parallax=\u00bboff\u00bb parallax_method=\u00bbon\u00bb make_equal=\u00bbon\u00bb parallax_1=\u00bboff\u00bb parallax_method_1=\u00bboff\u00bb padding_top_1=\u00bb45px\u00bb padding_right_1=\u00bb45px\u00bb padding_bottom_1=\u00bb45px\u00bb padding_left_1=\u00bb45px\u00bb parallax_2=\u00bboff\u00bb parallax_method_2=\u00bboff\u00bb padding_top_2=\u00bb45px\u00bb padding_right_2=\u00bb45px\u00bb padding_bottom_2=\u00bb45px\u00bb padding_left_2=\u00bb45px\u00bb parallax_3=\u00bboff\u00bb parallax_method_3=\u00bboff\u00bb padding_top_3=\u00bb45px\u00bb padding_right_3=\u00bb45px\u00bb padding_bottom_3=\u00bb45px\u00bb padding_left_3=\u00bb45px\u00bb][et_pb_column type=\u00bb1_3&#8243;][et_pb_text admin_label=\u00bbTexto\u00bb background_layout=\u00bblight\u00bb text_orientation=\u00bbleft\u00bb use_border_color=\u00bboff\u00bb border_color=\u00bb#ffffff\u00bb border_style=\u00bbsolid\u00bb disabled_on=\u00bbon|on|on\u00bb disabled=\u00bbon\u00bb]<\/p>\n<h2>What, when and where is the BIG Bell Test?<\/h2>\n<p>[\/et_pb_text][et_pb_text admin_label=\u00bbTexto\u00bb background_layout=\u00bblight\u00bb text_orientation=\u00bbleft\u00bb use_border_color=\u00bboff\u00bb border_color=\u00bb#ffffff\u00bb border_style=\u00bbsolid\u00bb custom_margin=\u00bb35px|||\u00bb]<\/p>\n<p>Aqu\u00ed pondremos algunos recursos que podr\u00edan ser \u00fatiles a los docentes que quieran llevar el BIG Bell Test al aula.<br \/>\n\u00a1Pronto habr\u00e1 m\u00e1s detalles! \u00a1No os los perd\u00e1is!<\/p>\n<p>[\/et_pb_text][\/et_pb_column][et_pb_column type=\u00bb1_3&#8243;][\/et_pb_column][et_pb_column type=\u00bb1_3&#8243;][\/et_pb_column][\/et_pb_row][\/et_pb_section]<\/p>\n","protected":false},"excerpt":{"rendered":"<p>The BIG Bell Test Recursos para docentes The BIG Bell Test Recursos para docentes What, when and where is the BIG Bell Test? Aqu\u00ed pondremos algunos recursos que podr\u00edan ser \u00fatiles a los docentes que quieran llevar el BIG Bell Test al aula. \u00a1Pronto habr\u00e1 m\u00e1s detalles! \u00a1No os los perd\u00e1is!<\/p>\n","protected":false},"author":1,"featured_media":0,"parent":0,"menu_order":0,"comment_status":"closed","ping_status":"closed","template":"","meta":{"_et_pb_use_builder":"on","_et_pb_old_content":"","_et_gb_content_width":""},"acf":[],"yoast_head":"<!-- This site is optimized with the Yoast SEO plugin v20.4 - https:\/\/yoast.com\/wordpress\/plugins\/seo\/ -->\n<title>The BIG Bell Test - Docentes - Outreach<\/title>\n<meta name=\"robots\" content=\"index, follow, max-snippet:-1, max-image-preview:large, max-video-preview:-1\" \/>\n<link rel=\"canonical\" href=\"https:\/\/outreach-wp.ixole.es\/es\/the-big-bell-test-docentes\/\" \/>\n<meta property=\"og:locale\" content=\"es_ES\" \/>\n<meta property=\"og:type\" content=\"article\" \/>\n<meta property=\"og:title\" content=\"The BIG Bell Test - Docentes - Outreach\" \/>\n<meta property=\"og:description\" content=\"The BIG Bell Test Recursos para docentes The BIG Bell Test Recursos para docentes What, when and where is the BIG Bell Test? Aqu\u00ed pondremos algunos recursos que podr\u00edan ser \u00fatiles a los docentes que quieran llevar el BIG Bell Test al aula. \u00a1Pronto habr\u00e1 m\u00e1s detalles! \u00a1No os los perd\u00e1is!\" \/>\n<meta property=\"og:url\" content=\"https:\/\/outreach-wp.ixole.es\/es\/the-big-bell-test-docentes\/\" \/>\n<meta property=\"og:site_name\" content=\"Outreach\" \/>\n<meta property=\"article:modified_time\" content=\"2017-08-02T15:53:14+00:00\" \/>\n<meta name=\"twitter:card\" content=\"summary_large_image\" \/>\n<meta name=\"twitter:label1\" content=\"Tiempo de lectura\" \/>\n\t<meta name=\"twitter:data1\" content=\"5 minutos\" \/>\n<script type=\"application\/ld+json\" class=\"yoast-schema-graph\">{\"@context\":\"https:\/\/schema.org\",\"@graph\":[{\"@type\":\"WebPage\",\"@id\":\"https:\/\/outreach-wp.ixole.es\/es\/the-big-bell-test-docentes\/\",\"url\":\"https:\/\/outreach-wp.ixole.es\/es\/the-big-bell-test-docentes\/\",\"name\":\"The BIG Bell Test - Docentes - Outreach\",\"isPartOf\":{\"@id\":\"https:\/\/outreach-wp.ixole.es\/#website\"},\"datePublished\":\"2017-05-17T11:52:35+00:00\",\"dateModified\":\"2017-08-02T15:53:14+00:00\",\"breadcrumb\":{\"@id\":\"https:\/\/outreach-wp.ixole.es\/es\/the-big-bell-test-docentes\/#breadcrumb\"},\"inLanguage\":\"es\",\"potentialAction\":[{\"@type\":\"ReadAction\",\"target\":[\"https:\/\/outreach-wp.ixole.es\/es\/the-big-bell-test-docentes\/\"]}]},{\"@type\":\"BreadcrumbList\",\"@id\":\"https:\/\/outreach-wp.ixole.es\/es\/the-big-bell-test-docentes\/#breadcrumb\",\"itemListElement\":[{\"@type\":\"ListItem\",\"position\":1,\"name\":\"Portada\",\"item\":\"https:\/\/outreach-wp.ixole.es\/\"},{\"@type\":\"ListItem\",\"position\":2,\"name\":\"The BIG Bell Test &#8211; Docentes\"}]},{\"@type\":\"WebSite\",\"@id\":\"https:\/\/outreach-wp.ixole.es\/#website\",\"url\":\"https:\/\/outreach-wp.ixole.es\/\",\"name\":\"Outreach\",\"description\":\"ICFO&#039;s Outreach\",\"potentialAction\":[{\"@type\":\"SearchAction\",\"target\":{\"@type\":\"EntryPoint\",\"urlTemplate\":\"https:\/\/outreach-wp.ixole.es\/?s={search_term_string}\"},\"query-input\":\"required name=search_term_string\"}],\"inLanguage\":\"es\"}]}<\/script>\n<!-- \/ Yoast SEO plugin. -->","yoast_head_json":{"title":"The BIG Bell Test - Docentes - Outreach","robots":{"index":"index","follow":"follow","max-snippet":"max-snippet:-1","max-image-preview":"max-image-preview:large","max-video-preview":"max-video-preview:-1"},"canonical":"https:\/\/outreach-wp.ixole.es\/es\/the-big-bell-test-docentes\/","og_locale":"es_ES","og_type":"article","og_title":"The BIG Bell Test - Docentes - Outreach","og_description":"The BIG Bell Test Recursos para docentes The BIG Bell Test Recursos para docentes What, when and where is the BIG Bell Test? Aqu\u00ed pondremos algunos recursos que podr\u00edan ser \u00fatiles a los docentes que quieran llevar el BIG Bell Test al aula. \u00a1Pronto habr\u00e1 m\u00e1s detalles! \u00a1No os los perd\u00e1is!","og_url":"https:\/\/outreach-wp.ixole.es\/es\/the-big-bell-test-docentes\/","og_site_name":"Outreach","article_modified_time":"2017-08-02T15:53:14+00:00","twitter_card":"summary_large_image","twitter_misc":{"Tiempo de lectura":"5 minutos"},"schema":{"@context":"https:\/\/schema.org","@graph":[{"@type":"WebPage","@id":"https:\/\/outreach-wp.ixole.es\/es\/the-big-bell-test-docentes\/","url":"https:\/\/outreach-wp.ixole.es\/es\/the-big-bell-test-docentes\/","name":"The BIG Bell Test - Docentes - Outreach","isPartOf":{"@id":"https:\/\/outreach-wp.ixole.es\/#website"},"datePublished":"2017-05-17T11:52:35+00:00","dateModified":"2017-08-02T15:53:14+00:00","breadcrumb":{"@id":"https:\/\/outreach-wp.ixole.es\/es\/the-big-bell-test-docentes\/#breadcrumb"},"inLanguage":"es","potentialAction":[{"@type":"ReadAction","target":["https:\/\/outreach-wp.ixole.es\/es\/the-big-bell-test-docentes\/"]}]},{"@type":"BreadcrumbList","@id":"https:\/\/outreach-wp.ixole.es\/es\/the-big-bell-test-docentes\/#breadcrumb","itemListElement":[{"@type":"ListItem","position":1,"name":"Portada","item":"https:\/\/outreach-wp.ixole.es\/"},{"@type":"ListItem","position":2,"name":"The BIG Bell Test &#8211; Docentes"}]},{"@type":"WebSite","@id":"https:\/\/outreach-wp.ixole.es\/#website","url":"https:\/\/outreach-wp.ixole.es\/","name":"Outreach","description":"ICFO&#039;s Outreach","potentialAction":[{"@type":"SearchAction","target":{"@type":"EntryPoint","urlTemplate":"https:\/\/outreach-wp.ixole.es\/?s={search_term_string}"},"query-input":"required name=search_term_string"}],"inLanguage":"es"}]}},"_links":{"self":[{"href":"https:\/\/outreach-wp.ixole.es\/es\/wp-json\/wp\/v2\/pages\/1447"}],"collection":[{"href":"https:\/\/outreach-wp.ixole.es\/es\/wp-json\/wp\/v2\/pages"}],"about":[{"href":"https:\/\/outreach-wp.ixole.es\/es\/wp-json\/wp\/v2\/types\/page"}],"author":[{"embeddable":true,"href":"https:\/\/outreach-wp.ixole.es\/es\/wp-json\/wp\/v2\/users\/1"}],"replies":[{"embeddable":true,"href":"https:\/\/outreach-wp.ixole.es\/es\/wp-json\/wp\/v2\/comments?post=1447"}],"version-history":[{"count":3,"href":"https:\/\/outreach-wp.ixole.es\/es\/wp-json\/wp\/v2\/pages\/1447\/revisions"}],"predecessor-version":[{"id":1457,"href":"https:\/\/outreach-wp.ixole.es\/es\/wp-json\/wp\/v2\/pages\/1447\/revisions\/1457"}],"wp:attachment":[{"href":"https:\/\/outreach-wp.ixole.es\/es\/wp-json\/wp\/v2\/media?parent=1447"}],"curies":[{"name":"wp","href":"https:\/\/api.w.org\/{rel}","templated":true}]}}